{"id":9509,"date":"2024-01-11T11:18:53","date_gmt":"2024-01-11T09:18:53","guid":{"rendered":"https:\/\/trogemedical.de\/?post_type=product&#038;p=9509"},"modified":"2024-01-11T13:19:49","modified_gmt":"2024-01-11T11:19:49","slug":"tro-septo-swab","status":"publish","type":"product","link":"https:\/\/www.trogemedical.de\/de\/produkt\/tro-septo-swab","title":{"rendered":"TRO-SEPTO SWAB"},"content":{"rendered":"<p class=\"x_MsoNormal\">Die Desinfektionskappe, TRO-SEPTO SWAB, ist f\u00fcr den einmaligen Einsatz auf nadelfreien Konnektoren, als desinfizierender Reiniger vor dem Leitungszugang und als Abdeckung zwischen den Leitungszug\u00e4ngen vorgesehen. Die Kappe desinfiziert die nadelfreien Konnektoren eine Minute nach der Anwendung und sch\u00fctzt bis zu sieben Tage vor Kontamination zwischen den Zug\u00e4ngen, wenn sie nicht zuvor entfernt wird.<\/p>\n<p class=\"x_MsoNormal\">\u2013 Ergonomisches Design f\u00fcr eine reibungslose Anwendung<\/p>\n<p class=\"x_MsoNormal\">\u2013 Kompatibel mit allen nadelfreien Luer-Zugangssystemen<\/p>\n<p class=\"x_MsoNormal\">\u2013 PVC-frei, Latex-frei, DEHP-frei<\/p>","protected":false},"excerpt":{"rendered":"<p>Die Desinfektionskappe, TRO-SEPTO SWAB, ist f\u00fcr den einmaligen Einsatz auf nadelfreien Konnektoren, als desinfizierender Reiniger vor dem Leitungszugang und als Abdeckung zwischen den Leitungszug\u00e4ngen vorgesehen. Die Kappe desinfiziert die nadelfreien Konnektoren eine Minute nach der Anwendung und sch\u00fctzt bis zu sieben Tage vor Kontamination zwischen den Zug\u00e4ngen, wenn sie nicht zuvor entfernt wird.<\/p>","protected":false},"featured_media":9520,"template":"","meta":{"_acf_changed":false},"product_brand":[],"product_cat":[32,38],"product_tag":[],"class_list":{"0":"post-9509","1":"product","2":"type-product","3":"status-publish","4":"has-post-thumbnail","6":"product_cat-medical-devices","7":"product_cat-infusion-therapy","9":"first","10":"instock","11":"shipping-taxable","12":"product-type-simple"},"acf":[],"_links":{"self":[{"href":"https:\/\/www.trogemedical.de\/de\/wp-json\/wp\/v2\/product\/9509","targetHints":{"allow":["GET"]}}],"collection":[{"href":"https:\/\/www.trogemedical.de\/de\/wp-json\/wp\/v2\/product"}],"about":[{"href":"https:\/\/www.trogemedical.de\/de\/wp-json\/wp\/v2\/types\/product"}],"wp:featuredmedia":[{"embeddable":true,"href":"https:\/\/www.trogemedical.de\/de\/wp-json\/wp\/v2\/media\/9520"}],"wp:attachment":[{"href":"https:\/\/www.trogemedical.de\/de\/wp-json\/wp\/v2\/media?parent=9509"}],"wp:term":[{"taxonomy":"product_brand","embeddable":true,"href":"https:\/\/www.trogemedical.de\/de\/wp-json\/wp\/v2\/product_brand?post=9509"},{"taxonomy":"product_cat","embeddable":true,"href":"https:\/\/www.trogemedical.de\/de\/wp-json\/wp\/v2\/product_cat?post=9509"},{"taxonomy":"product_tag","embeddable":true,"href":"https:\/\/www.trogemedical.de\/de\/wp-json\/wp\/v2\/product_tag?post=9509"}],"curies":[{"name":"wp","href":"https:\/\/api.w.org\/{rel}","templated":true}]}}