{"id":3385,"date":"2023-11-10T09:09:37","date_gmt":"2023-11-10T07:09:37","guid":{"rendered":"https:\/\/trogemedical.de\/?post_type=product&#038;p=3385"},"modified":"2023-12-12T12:59:06","modified_gmt":"2023-12-12T10:59:06","slug":"tro-nutricath-paed","status":"publish","type":"product","link":"https:\/\/www.trogemedical.de\/de\/produkt\/tro-nutricath-paed","title":{"rendered":"TRO-NUTRICATH \/ paed"},"content":{"rendered":"<div class=\"ewa-rteLine\">TRO-NUTRICATH ist steril und aus PVC gefertigt. Sie besteht aus einem 105 cm langen Schlauch mit R\u00f6ntgenf\u00e4higen Kontraststreifen, einem geschlossenen Distalende aus festem PVC und vier seitlichen Augen. Das farbcodierte Anschlusst\u00fcck erm\u00f6glicht die leichte Identifizierung der Gr\u00f6\u00dfe und das weich abgerundete Patientenende garantiert schmerzfreies Einf\u00fchren. Auch erh\u00e4ltlich als TRO-NUTRICATH paed Ern\u00e4hrungssonde 50 cm mit zwei seitlichen Augen zur Verwendung bei Neugeborenen und Kleinkindern.<\/div>","protected":false},"excerpt":{"rendered":"<p>TRO-NUTRICATH is sterile and made of PVC. It consists of a 105 cm tubing with radioopaque line, a closed distal end of rigid PVC and four lateral eyes. The colour coded connector guarantees easy identification of the size and the smoothly rounded patient end ensures painless insertion. Also available as TRO-NUTRICATH paed infant feeding tube [&hellip;]<\/p>","protected":false},"featured_media":3409,"template":"","meta":{"_acf_changed":false},"product_brand":[],"product_cat":[46],"product_tag":[],"class_list":{"0":"post-3385","1":"product","2":"type-product","3":"status-publish","4":"has-post-thumbnail","6":"product_cat-gastroenterology","8":"first","9":"instock","10":"shipping-taxable","11":"product-type-simple"},"acf":[],"_links":{"self":[{"href":"https:\/\/www.trogemedical.de\/de\/wp-json\/wp\/v2\/product\/3385","targetHints":{"allow":["GET"]}}],"collection":[{"href":"https:\/\/www.trogemedical.de\/de\/wp-json\/wp\/v2\/product"}],"about":[{"href":"https:\/\/www.trogemedical.de\/de\/wp-json\/wp\/v2\/types\/product"}],"wp:featuredmedia":[{"embeddable":true,"href":"https:\/\/www.trogemedical.de\/de\/wp-json\/wp\/v2\/media\/3409"}],"wp:attachment":[{"href":"https:\/\/www.trogemedical.de\/de\/wp-json\/wp\/v2\/media?parent=3385"}],"wp:term":[{"taxonomy":"product_brand","embeddable":true,"href":"https:\/\/www.trogemedical.de\/de\/wp-json\/wp\/v2\/product_brand?post=3385"},{"taxonomy":"product_cat","embeddable":true,"href":"https:\/\/www.trogemedical.de\/de\/wp-json\/wp\/v2\/product_cat?post=3385"},{"taxonomy":"product_tag","embeddable":true,"href":"https:\/\/www.trogemedical.de\/de\/wp-json\/wp\/v2\/product_tag?post=3385"}],"curies":[{"name":"wp","href":"https:\/\/api.w.org\/{rel}","templated":true}]}}