{"id":3384,"date":"2023-11-10T09:09:37","date_gmt":"2023-11-10T07:09:37","guid":{"rendered":"https:\/\/trogemedical.de\/?post_type=product&#038;p=3384"},"modified":"2024-01-24T14:55:59","modified_gmt":"2024-01-24T12:55:59","slug":"tro-urocol-plus","status":"publish","type":"product","link":"https:\/\/www.trogemedical.de\/de\/produkt\/tro-urocol-plus","title":{"rendered":"TRO-UROCOL \/ plus"},"content":{"rendered":"<div class=\"ewa-rteLine\">TRO-UROCOL Urinbeutel sind aus PVC, unsteril und mit oder ohne Auslass erh\u00e4ltlich. Die integrierte R\u00fcckflusssperre erm\u00f6glicht ein sicheres Auffangen der abgeleiteten Fl\u00fcssigkeiten. Anhand der Skalierung auf der durchsichtigen Vorderseite des Beutels l\u00e4sst sich das gesammelte Fl\u00fcssigkeitsvolumen leicht ablesen. Die Beutel sind mit Ableitungsschlauch, Verbindungsst\u00fcck und Befestigung f\u00fcr die Bettaufh\u00e4ngung ausgestattet. Auch steril lieferbar als TRO-UROCOL plus.<\/div>","protected":false},"excerpt":{"rendered":"<p>TRO-UROCOL urine bags are made of PVC, they are non-sterile and available with or without bottom outlet. The integrated non-return valve enables safe collection of all drained liquids. The volume of the collected liquid can be easily read from the scale on the translucent front. The bags are equipped with inlet tubing, connector and attachment [&hellip;]<\/p>","protected":false},"featured_media":10999,"template":"","meta":{"_acf_changed":false},"product_brand":[],"product_cat":[47],"product_tag":[],"class_list":{"0":"post-3384","1":"product","2":"type-product","3":"status-publish","4":"has-post-thumbnail","6":"product_cat-urology","8":"first","9":"instock","10":"shipping-taxable","11":"product-type-simple"},"acf":[],"_links":{"self":[{"href":"https:\/\/www.trogemedical.de\/de\/wp-json\/wp\/v2\/product\/3384","targetHints":{"allow":["GET"]}}],"collection":[{"href":"https:\/\/www.trogemedical.de\/de\/wp-json\/wp\/v2\/product"}],"about":[{"href":"https:\/\/www.trogemedical.de\/de\/wp-json\/wp\/v2\/types\/product"}],"wp:featuredmedia":[{"embeddable":true,"href":"https:\/\/www.trogemedical.de\/de\/wp-json\/wp\/v2\/media\/10999"}],"wp:attachment":[{"href":"https:\/\/www.trogemedical.de\/de\/wp-json\/wp\/v2\/media?parent=3384"}],"wp:term":[{"taxonomy":"product_brand","embeddable":true,"href":"https:\/\/www.trogemedical.de\/de\/wp-json\/wp\/v2\/product_brand?post=3384"},{"taxonomy":"product_cat","embeddable":true,"href":"https:\/\/www.trogemedical.de\/de\/wp-json\/wp\/v2\/product_cat?post=3384"},{"taxonomy":"product_tag","embeddable":true,"href":"https:\/\/www.trogemedical.de\/de\/wp-json\/wp\/v2\/product_tag?post=3384"}],"curies":[{"name":"wp","href":"https:\/\/api.w.org\/{rel}","templated":true}]}}