{"id":3383,"date":"2023-11-10T09:09:36","date_gmt":"2023-11-10T07:09:36","guid":{"rendered":"https:\/\/trogemedical.de\/?post_type=product&#038;p=3383"},"modified":"2024-01-16T10:29:05","modified_gmt":"2024-01-16T08:29:05","slug":"tro-urocath-silic-paed","status":"publish","type":"product","link":"https:\/\/www.trogemedical.de\/de\/produkt\/tro-urocath-silic-paed","title":{"rendered":"TRO-UROCATH \/ silic \/ paed"},"content":{"rendered":"<div class=\"ewa-rteLine\">Der sterile TRO-UROCATH Harnblasenkatheter aus neutralem, silikonbeschichtetem Latex ist als 2-Wege- oder 3-Wege-Katheter mit Nelatonspitze erh\u00e4ltlich. Die glatte Oberfl\u00e4che gew\u00e4hrleistet ein schmerzloses Einf\u00fchren bei minimaler Irritation \nund geringer Inkrustierungstendenz. Die beiden gegen\u00fcberliegenden \nAugen erlauben eine maximale \nDrainage. Der Auff\u00fcllkanal f\u00fcr den Ballon tr\u00e4gt den entsprechenden Gr\u00f6\u00dfen- Farbcode. Auch erh\u00e4ltlich als TRO-UROCATH silic Harnblasenkatheter aus 100% Silikon.<\/div>","protected":false},"excerpt":{"rendered":"<p>The sterile TRO-UROCATH Foley balloon catheter is made of neutral silicone coated latex and is available as a 2-way or a 3-way system with Nelaton tip. The smooth surface assures easy and painless insertion and decreases irritation and incrustation significantly even in longer use. The two lateral eyes enable maximum drainage. The inflation funnel shows [&hellip;]<\/p>","protected":false},"featured_media":10364,"template":"","meta":{"_acf_changed":false},"product_brand":[],"product_cat":[47],"product_tag":[],"class_list":{"0":"post-3383","1":"product","2":"type-product","3":"status-publish","4":"has-post-thumbnail","6":"product_cat-urology","8":"first","9":"instock","10":"shipping-taxable","11":"product-type-simple"},"acf":[],"_links":{"self":[{"href":"https:\/\/www.trogemedical.de\/de\/wp-json\/wp\/v2\/product\/3383","targetHints":{"allow":["GET"]}}],"collection":[{"href":"https:\/\/www.trogemedical.de\/de\/wp-json\/wp\/v2\/product"}],"about":[{"href":"https:\/\/www.trogemedical.de\/de\/wp-json\/wp\/v2\/types\/product"}],"wp:featuredmedia":[{"embeddable":true,"href":"https:\/\/www.trogemedical.de\/de\/wp-json\/wp\/v2\/media\/10364"}],"wp:attachment":[{"href":"https:\/\/www.trogemedical.de\/de\/wp-json\/wp\/v2\/media?parent=3383"}],"wp:term":[{"taxonomy":"product_brand","embeddable":true,"href":"https:\/\/www.trogemedical.de\/de\/wp-json\/wp\/v2\/product_brand?post=3383"},{"taxonomy":"product_cat","embeddable":true,"href":"https:\/\/www.trogemedical.de\/de\/wp-json\/wp\/v2\/product_cat?post=3383"},{"taxonomy":"product_tag","embeddable":true,"href":"https:\/\/www.trogemedical.de\/de\/wp-json\/wp\/v2\/product_tag?post=3383"}],"curies":[{"name":"wp","href":"https:\/\/api.w.org\/{rel}","templated":true}]}}