{"id":3381,"date":"2023-11-10T09:09:36","date_gmt":"2023-11-10T07:09:36","guid":{"rendered":"https:\/\/trogemedical.de\/?post_type=product&#038;p=3381"},"modified":"2025-01-15T15:27:54","modified_gmt":"2025-01-15T13:27:54","slug":"troge-bumper","status":"publish","type":"product","link":"https:\/\/www.trogemedical.de\/de\/produkt\/troge-bumper","title":{"rendered":"TROGE BUMPER"},"content":{"rendered":"<p>TROGE BUMPER Kondome mit Reservoir sind aus einer hauchdu\u0308nnen Schicht von Naturlatex\nhergestellt und zart befeuchtet. Sie sind sicher und einfach anzuwenden und besonders rei\u00dffest. Richtig angewendet bieten TROGE BUMPER Kondome einen zuverl\u00e4ssigen Schutz vor Schwangerschaft und k\u00f6nnen helfen, das Risiko einer \u00dcbertragung von HIV und anderen sexuell u\u0308bertragbaren Krankheiten zu vermindern. Auch farbig, aromatisiert oder mit verschiedenen Oberfl\u00e4chenstrukturen sowie gem\u00e4\u00df WHO Standard lieferbar.<\/p>\n<p>Please also visit our new BUMPER Website: <a href=\"https:\/\/www.bumper.de\">bumper.de<\/a><\/p>","protected":false},"excerpt":{"rendered":"<p>TROGE BUMPER lubricated condoms with reservoir tip are made of an extremely thin layer of natural rubber latex. They are safe and simple to use and extra strong to resist tearing. When properly used TROGE BUMPER condoms are highly effective against pregnancy and will help to reduce the risk of transmission of HIV infection (AIDS) [&hellip;]<\/p>","protected":false},"featured_media":6048,"template":"","meta":{"_acf_changed":false},"product_brand":[],"product_cat":[48],"product_tag":[],"class_list":{"0":"post-3381","1":"product","2":"type-product","3":"status-publish","4":"has-post-thumbnail","6":"product_cat-condoms","8":"first","9":"instock","10":"shipping-taxable","11":"product-type-simple"},"acf":[],"_links":{"self":[{"href":"https:\/\/www.trogemedical.de\/de\/wp-json\/wp\/v2\/product\/3381","targetHints":{"allow":["GET"]}}],"collection":[{"href":"https:\/\/www.trogemedical.de\/de\/wp-json\/wp\/v2\/product"}],"about":[{"href":"https:\/\/www.trogemedical.de\/de\/wp-json\/wp\/v2\/types\/product"}],"wp:featuredmedia":[{"embeddable":true,"href":"https:\/\/www.trogemedical.de\/de\/wp-json\/wp\/v2\/media\/6048"}],"wp:attachment":[{"href":"https:\/\/www.trogemedical.de\/de\/wp-json\/wp\/v2\/media?parent=3381"}],"wp:term":[{"taxonomy":"product_brand","embeddable":true,"href":"https:\/\/www.trogemedical.de\/de\/wp-json\/wp\/v2\/product_brand?post=3381"},{"taxonomy":"product_cat","embeddable":true,"href":"https:\/\/www.trogemedical.de\/de\/wp-json\/wp\/v2\/product_cat?post=3381"},{"taxonomy":"product_tag","embeddable":true,"href":"https:\/\/www.trogemedical.de\/de\/wp-json\/wp\/v2\/product_tag?post=3381"}],"curies":[{"name":"wp","href":"https:\/\/api.w.org\/{rel}","templated":true}]}}