{"id":3380,"date":"2023-11-10T09:09:36","date_gmt":"2023-11-10T07:09:36","guid":{"rendered":"https:\/\/trogemedical.de\/?post_type=product&#038;p=3380"},"modified":"2024-01-16T11:23:02","modified_gmt":"2024-01-16T09:23:02","slug":"tro-spatusoft","status":"publish","type":"product","link":"https:\/\/www.trogemedical.de\/de\/produkt\/tro-spatusoft","title":{"rendered":"TRO-SPATUSOFT"},"content":{"rendered":"<p>TRO-SPATUSOFT Holzmundspatel sind beidseitig abgerundet, v\u00f6llig glatt und ebenm\u00e4\u00dfig aus nat\u00fcrlichem Birkenholz gefertigt.<\/p>","protected":false},"excerpt":{"rendered":"<p>TRO-SPATUSOFT Holzmundspatel sind beidseitig abgerundet, v\u00f6llig glatt und ebenm\u00e4\u00dfig aus nat\u00fcrlichem Birkenholz gefertigt.<\/p>","protected":false},"featured_media":10401,"template":"","meta":{"_acf_changed":false},"product_brand":[],"product_cat":[45],"product_tag":[],"class_list":{"0":"post-3380","1":"product","2":"type-product","3":"status-publish","4":"has-post-thumbnail","6":"product_cat-diagnosticdevices","8":"first","9":"instock","10":"shipping-taxable","11":"product-type-simple"},"acf":[],"_links":{"self":[{"href":"https:\/\/www.trogemedical.de\/de\/wp-json\/wp\/v2\/product\/3380","targetHints":{"allow":["GET"]}}],"collection":[{"href":"https:\/\/www.trogemedical.de\/de\/wp-json\/wp\/v2\/product"}],"about":[{"href":"https:\/\/www.trogemedical.de\/de\/wp-json\/wp\/v2\/types\/product"}],"wp:featuredmedia":[{"embeddable":true,"href":"https:\/\/www.trogemedical.de\/de\/wp-json\/wp\/v2\/media\/10401"}],"wp:attachment":[{"href":"https:\/\/www.trogemedical.de\/de\/wp-json\/wp\/v2\/media?parent=3380"}],"wp:term":[{"taxonomy":"product_brand","embeddable":true,"href":"https:\/\/www.trogemedical.de\/de\/wp-json\/wp\/v2\/product_brand?post=3380"},{"taxonomy":"product_cat","embeddable":true,"href":"https:\/\/www.trogemedical.de\/de\/wp-json\/wp\/v2\/product_cat?post=3380"},{"taxonomy":"product_tag","embeddable":true,"href":"https:\/\/www.trogemedical.de\/de\/wp-json\/wp\/v2\/product_tag?post=3380"}],"curies":[{"name":"wp","href":"https:\/\/api.w.org\/{rel}","templated":true}]}}