{"id":3379,"date":"2023-11-10T09:09:36","date_gmt":"2023-11-10T07:09:36","guid":{"rendered":"https:\/\/trogemedical.de\/?post_type=product&#038;p=3379"},"modified":"2024-01-16T10:46:47","modified_gmt":"2024-01-16T08:46:47","slug":"tro-cardiokit","status":"publish","type":"product","link":"https:\/\/www.trogemedical.de\/de\/produkt\/tro-cardiokit","title":{"rendered":"TRO-CARDIOKIT"},"content":{"rendered":"<div class=\"ewa-rteLine\">TRO-CARDIOKIT erm\u00f6glicht das bequeme Messen des Blutdrucks am Oberarm. Die Nylonmanschette kann problemlos angelegt und durch den integrierten Klettverschluss fixiert werden. Der elastische Latexschlauch ist knickstabil und mit Hilfe des angebrachten Latexballs und des Entl\u00fcftungsventils wird sicheres \nBe- und Entl\u00fcften gew\u00e4hrleistet. Das Sphygmomanometer besteht aus \neinem integrierten oder beigelegten ein- oder doppelk\u00f6pfigen Stethoskop mit integrierter Membran zur Kontrolle des Herzschlags w\u00e4hrend der Messung. Der integrierte Druckmesser erm\u00f6glicht leichtes Ablesen des\nsystolischen sowie diastolischen Wertes. In der beigef\u00fcgten Nylontasche ist das Produkt vor Staub und Feuchtigkeit gesch\u00fctzt und kann \nsicher transportiert und gelagert werden.<\/div>","protected":false},"excerpt":{"rendered":"<p>TRO-CARDIOKIT guarantees comfortable measuring of blood pressure on the upper arm. The nylon pressure cuff can be easily put on and fixed by the integrated Velcro\u00ae. The elastic latex tube is resistant to kinking and with the attached latex ball and air release valve it ensures quick inflation and deflation of the cuff. The sphygmomanometer [&hellip;]<\/p>","protected":false},"featured_media":3404,"template":"","meta":{"_acf_changed":false},"product_brand":[],"product_cat":[45],"product_tag":[],"class_list":{"0":"post-3379","1":"product","2":"type-product","3":"status-publish","4":"has-post-thumbnail","6":"product_cat-diagnosticdevices","8":"first","9":"instock","10":"shipping-taxable","11":"product-type-simple"},"acf":[],"_links":{"self":[{"href":"https:\/\/www.trogemedical.de\/de\/wp-json\/wp\/v2\/product\/3379","targetHints":{"allow":["GET"]}}],"collection":[{"href":"https:\/\/www.trogemedical.de\/de\/wp-json\/wp\/v2\/product"}],"about":[{"href":"https:\/\/www.trogemedical.de\/de\/wp-json\/wp\/v2\/types\/product"}],"wp:featuredmedia":[{"embeddable":true,"href":"https:\/\/www.trogemedical.de\/de\/wp-json\/wp\/v2\/media\/3404"}],"wp:attachment":[{"href":"https:\/\/www.trogemedical.de\/de\/wp-json\/wp\/v2\/media?parent=3379"}],"wp:term":[{"taxonomy":"product_brand","embeddable":true,"href":"https:\/\/www.trogemedical.de\/de\/wp-json\/wp\/v2\/product_brand?post=3379"},{"taxonomy":"product_cat","embeddable":true,"href":"https:\/\/www.trogemedical.de\/de\/wp-json\/wp\/v2\/product_cat?post=3379"},{"taxonomy":"product_tag","embeddable":true,"href":"https:\/\/www.trogemedical.de\/de\/wp-json\/wp\/v2\/product_tag?post=3379"}],"curies":[{"name":"wp","href":"https:\/\/api.w.org\/{rel}","templated":true}]}}