{"id":3377,"date":"2023-11-10T09:09:36","date_gmt":"2023-11-10T07:09:36","guid":{"rendered":"https:\/\/trogemedical.de\/?post_type=product&#038;p=3377"},"modified":"2024-01-16T11:05:28","modified_gmt":"2024-01-16T09:05:28","slug":"tro-ovatherm","status":"publish","type":"product","link":"https:\/\/www.trogemedical.de\/de\/produkt\/tro-ovatherm","title":{"rendered":"TRO-OVATHERM"},"content":{"rendered":"<div class=\"ewa-rteLine\">TRO-OVATHERM ist ein ovales Fieberthermometer mit innenliegender Skala. Es ist quecksilberfrei und besteht aus einem Glashohlk\u00f6rper mit einer Glaskapillare, einer Kartonskala und einem Vorratsgef\u00e4\u00df gef\u00fcllt mit einer quecksilberfreien Metallfl\u00fcssigkeit. Die Temperatur wird in \u00b0Celsius angegeben.<\/div>\n<div class=\"ewa-rteLine\">Auch mit Temperaturanzeige in \u00b0F lieferbar.<\/div>\n<div class=\"ewa-rteLine\">Dieser neue Typ ersetzt unser bisheriges normales Quecksilberthermometer und erf\u00fcllt die neuesten Anforderungen bez\u00fcglich Sicherheitsbestimmungen im Gesundheitswesen.<\/div>\n<div class=\"ewa-rteLine\">TECHNISCHE DATEN:<\/div>\n<div class=\"ewa-rteLine\">Messbereich: 35 \u2013 42\u00b0C<\/div>\n<div class=\"ewa-rteLine\">min. Interval: 0,1 \u00b0C<\/div>\n<div class=\"ewa-rteLine\">L\u00e4nge: 120 mm \u00b1 5 mm<\/div>","protected":false},"excerpt":{"rendered":"<p>TRO-OVATHERM is an oval enclosed scale clinical thermometer. It is mercury-free and consists of a glass tube, a glass capillary, a scale and a bulb filled with mercury-free metallic liquid. The temperature scale is given in \u00b0Celsius. Also available with a temperature display in \u00b0F. This new type substitutes our normal mercury thermometer and fulfils [&hellip;]<\/p>","protected":false},"featured_media":3402,"template":"","meta":{"_acf_changed":false},"product_brand":[],"product_cat":[45],"product_tag":[],"class_list":{"0":"post-3377","1":"product","2":"type-product","3":"status-publish","4":"has-post-thumbnail","6":"product_cat-diagnosticdevices","8":"first","9":"instock","10":"shipping-taxable","11":"product-type-simple"},"acf":[],"_links":{"self":[{"href":"https:\/\/www.trogemedical.de\/de\/wp-json\/wp\/v2\/product\/3377","targetHints":{"allow":["GET"]}}],"collection":[{"href":"https:\/\/www.trogemedical.de\/de\/wp-json\/wp\/v2\/product"}],"about":[{"href":"https:\/\/www.trogemedical.de\/de\/wp-json\/wp\/v2\/types\/product"}],"wp:featuredmedia":[{"embeddable":true,"href":"https:\/\/www.trogemedical.de\/de\/wp-json\/wp\/v2\/media\/3402"}],"wp:attachment":[{"href":"https:\/\/www.trogemedical.de\/de\/wp-json\/wp\/v2\/media?parent=3377"}],"wp:term":[{"taxonomy":"product_brand","embeddable":true,"href":"https:\/\/www.trogemedical.de\/de\/wp-json\/wp\/v2\/product_brand?post=3377"},{"taxonomy":"product_cat","embeddable":true,"href":"https:\/\/www.trogemedical.de\/de\/wp-json\/wp\/v2\/product_cat?post=3377"},{"taxonomy":"product_tag","embeddable":true,"href":"https:\/\/www.trogemedical.de\/de\/wp-json\/wp\/v2\/product_tag?post=3377"}],"curies":[{"name":"wp","href":"https:\/\/api.w.org\/{rel}","templated":true}]}}