{"id":3376,"date":"2023-11-10T09:09:36","date_gmt":"2023-11-10T07:09:36","guid":{"rendered":"https:\/\/trogemedical.de\/?post_type=product&#038;p=3376"},"modified":"2023-11-14T22:52:42","modified_gmt":"2023-11-14T20:52:42","slug":"tro-digitherm-ear","status":"publish","type":"product","link":"https:\/\/www.trogemedical.de\/de\/produkt\/tro-digitherm-ear","title":{"rendered":"TRO-DIGITHERM ear"},"content":{"rendered":"<div class=\"ewa-rteLine\">TRO-DIGITHERM ear ist ein digitales Infrarot-Ohrthermometer zur Messung der K\u00f6rpertemperatur im menschlichen Geh\u00f6rgang. \u00dcber die LCD-Anzeige l\u00e4sst sich das Messergebnis besonders leicht ablesen. Ein akustisches Signal ert\u00f6nt, wenn die Messung abgeschlossen ist, und die letzten zehn Messanzeigen k\u00f6nnen mit Hilfe des integrierten Speichers gesichert werden. Das Thermometer\nschaltet sich bei Nichtgebrauch nach einer Minute automatisch ab. Die beigelegten Schutzkappen aus Polypropylen garantieren eine saubere und sichere Messdurchf\u00fchrung.<\/div>\n<div class=\"ewa-rteLine\">TECHNISCHE DATEN:<\/div>\n<div class=\"ewa-rteLine\">Messbereich:<\/div>\n<div class=\"ewa-rteLine\">35.5\u00b0C ~ 42.0 \u00b0C<\/div>\n<div class=\"ewa-rteLine\">Genauigkeit: \u00b1 0,2\u00b0C<\/div>","protected":false},"excerpt":{"rendered":"<p>TRO-DIGITHERM ear is a digital infra-red ear thermometer designated to quickly measure human body temperature in the auditory canal. The measuring result can be easily read from the liquid crystal display. An acoustic signal is heard when the measurement is finished and the last ten readings can be stored with the help of the integrated [&hellip;]<\/p>","protected":false},"featured_media":3401,"template":"","meta":{"_acf_changed":false},"product_brand":[],"product_cat":[45],"product_tag":[],"class_list":{"0":"post-3376","1":"product","2":"type-product","3":"status-publish","4":"has-post-thumbnail","6":"product_cat-diagnosticdevices","8":"first","9":"instock","10":"shipping-taxable","11":"product-type-simple"},"acf":[],"_links":{"self":[{"href":"https:\/\/www.trogemedical.de\/de\/wp-json\/wp\/v2\/product\/3376","targetHints":{"allow":["GET"]}}],"collection":[{"href":"https:\/\/www.trogemedical.de\/de\/wp-json\/wp\/v2\/product"}],"about":[{"href":"https:\/\/www.trogemedical.de\/de\/wp-json\/wp\/v2\/types\/product"}],"wp:featuredmedia":[{"embeddable":true,"href":"https:\/\/www.trogemedical.de\/de\/wp-json\/wp\/v2\/media\/3401"}],"wp:attachment":[{"href":"https:\/\/www.trogemedical.de\/de\/wp-json\/wp\/v2\/media?parent=3376"}],"wp:term":[{"taxonomy":"product_brand","embeddable":true,"href":"https:\/\/www.trogemedical.de\/de\/wp-json\/wp\/v2\/product_brand?post=3376"},{"taxonomy":"product_cat","embeddable":true,"href":"https:\/\/www.trogemedical.de\/de\/wp-json\/wp\/v2\/product_cat?post=3376"},{"taxonomy":"product_tag","embeddable":true,"href":"https:\/\/www.trogemedical.de\/de\/wp-json\/wp\/v2\/product_tag?post=3376"}],"curies":[{"name":"wp","href":"https:\/\/api.w.org\/{rel}","templated":true}]}}