{"id":3374,"date":"2023-11-10T09:09:35","date_gmt":"2023-11-10T07:09:35","guid":{"rendered":"https:\/\/trogemedical.de\/?post_type=product&#038;p=3374"},"modified":"2025-01-13T15:14:38","modified_gmt":"2025-01-13T13:14:38","slug":"tro-sensosoft-nitrile-plus","status":"publish","type":"product","link":"https:\/\/www.trogemedical.de\/de\/produkt\/tro-sensosoft-nitrile-plus","title":{"rendered":"TRO-SENSOSOFT nitrile \/ plus"},"content":{"rendered":"<p>TRO-SENSOSOFT nitrile Untersuchungshandschuhe sind gepudert, beidh\u00e4ndig verwendbar, innen chloriniert und unsteril. Sie sind nahtlos, verf\u00fcgen \u00fcber eine hohe Elastizit\u00e4t und sind extrem rei\u00dffest und widerstandsf\u00e4hig. Im Vergleich zu Latexhandschuhen sind sie hypoallergen und zeichnen sich durch ihre hohe Widerstandsf\u00e4higkeit gegen viele Chemikalien, vor allem Zytostatika, aus. Sie sind an den Fingern strukturiert und gew\u00e4hrleisten aufgrund \nihrer ausgezeichneten Passform ein sehr gutes Tastempfinden. Zur noch besseren Vertr\u00e4glichkeit bei Patient und Anwender auch puderfrei erh\u00e4ltlich als TRO-SENSOSOFT nitrile plus.<\/p>","protected":false},"excerpt":{"rendered":"<p>TRO-SENSOSOFT nitrile examination gloves are pre-powdered, ambidextrous, chlorinated on the inside and non sterile. They are seamlessly manufactured, which makes them extremely resistant and gives them a very high tensile strength. Compared to latex gloves they are hypoallergenic and stand out for their superior resistance to many types of chemicals especially cytostatics. They are finger [&hellip;]<\/p>","protected":false},"featured_media":3399,"template":"","meta":{"_acf_changed":false},"product_brand":[],"product_cat":[43],"product_tag":[],"class_list":{"0":"post-3374","1":"product","2":"type-product","3":"status-publish","4":"has-post-thumbnail","6":"product_cat-gloves","8":"first","9":"instock","10":"shipping-taxable","11":"product-type-simple"},"acf":[],"_links":{"self":[{"href":"https:\/\/www.trogemedical.de\/de\/wp-json\/wp\/v2\/product\/3374","targetHints":{"allow":["GET"]}}],"collection":[{"href":"https:\/\/www.trogemedical.de\/de\/wp-json\/wp\/v2\/product"}],"about":[{"href":"https:\/\/www.trogemedical.de\/de\/wp-json\/wp\/v2\/types\/product"}],"wp:featuredmedia":[{"embeddable":true,"href":"https:\/\/www.trogemedical.de\/de\/wp-json\/wp\/v2\/media\/3399"}],"wp:attachment":[{"href":"https:\/\/www.trogemedical.de\/de\/wp-json\/wp\/v2\/media?parent=3374"}],"wp:term":[{"taxonomy":"product_brand","embeddable":true,"href":"https:\/\/www.trogemedical.de\/de\/wp-json\/wp\/v2\/product_brand?post=3374"},{"taxonomy":"product_cat","embeddable":true,"href":"https:\/\/www.trogemedical.de\/de\/wp-json\/wp\/v2\/product_cat?post=3374"},{"taxonomy":"product_tag","embeddable":true,"href":"https:\/\/www.trogemedical.de\/de\/wp-json\/wp\/v2\/product_tag?post=3374"}],"curies":[{"name":"wp","href":"https:\/\/api.w.org\/{rel}","templated":true}]}}