{"id":3373,"date":"2023-11-10T09:09:35","date_gmt":"2023-11-10T07:09:35","guid":{"rendered":"https:\/\/trogemedical.de\/?post_type=product&#038;p=3373"},"modified":"2025-01-13T15:33:22","modified_gmt":"2025-01-13T13:33:22","slug":"tro-sensosoft-plus-vinyl","status":"publish","type":"product","link":"https:\/\/www.trogemedical.de\/de\/produkt\/tro-sensosoft-plus-vinyl","title":{"rendered":"TRO-SENSOSOFT \/ plus"},"content":{"rendered":"<p>TRO-SENSOSOFT Untersuchungshandschuhe sind vorgepudert, beidh\u00e4ndig verwendbar und nicht steril. Sie sind nahtlos aus Latex oder Vinyl gefertigt und verf\u00fcgen \u00fcber eine hohe Elastizit\u00e4t, sind extrem rei\u00dffest sowie widerstandsf\u00e4hig. Aufgrund ihrer ausgezeichneten Passform gew\u00e4hrleisten sie ein sehr gutes Tastempfinden. Zur besseren Vertr\u00e4glichkeit bei Patient und Anwender auch erh\u00e4ltlich als TRO-SENSOSOFT plus: puderfrei und mit synthetischer Innenbeschichtung.<\/p>","protected":false},"excerpt":{"rendered":"<p>TRO-SENSOSOFT Untersuchungshandschuhe sind vorgepudert, beidh\u00e4ndig verwendbar und nicht steril. Sie sind nahtlos aus Latex oder Vinyl gefertigt und verf\u00fcgen \u00fcber eine hohe Elastizit\u00e4t, sind extrem rei\u00dffest sowie widerstandsf\u00e4hig. Aufgrund ihrer ausgezeichneten Passform gew\u00e4hrleisten sie ein sehr gutes Tastempfinden. Zur besseren Vertr\u00e4glichkeit bei Patient und Anwender auch erh\u00e4ltlich als TRO-SENSOSOFT plus: puderfrei und mit synthetischer Innenbeschichtung.<\/p>","protected":false},"featured_media":3398,"template":"","meta":{"_acf_changed":false},"product_brand":[],"product_cat":[43],"product_tag":[],"class_list":{"0":"post-3373","1":"product","2":"type-product","3":"status-publish","4":"has-post-thumbnail","6":"product_cat-gloves","8":"first","9":"instock","10":"shipping-taxable","11":"product-type-simple"},"acf":[],"_links":{"self":[{"href":"https:\/\/www.trogemedical.de\/de\/wp-json\/wp\/v2\/product\/3373","targetHints":{"allow":["GET"]}}],"collection":[{"href":"https:\/\/www.trogemedical.de\/de\/wp-json\/wp\/v2\/product"}],"about":[{"href":"https:\/\/www.trogemedical.de\/de\/wp-json\/wp\/v2\/types\/product"}],"wp:featuredmedia":[{"embeddable":true,"href":"https:\/\/www.trogemedical.de\/de\/wp-json\/wp\/v2\/media\/3398"}],"wp:attachment":[{"href":"https:\/\/www.trogemedical.de\/de\/wp-json\/wp\/v2\/media?parent=3373"}],"wp:term":[{"taxonomy":"product_brand","embeddable":true,"href":"https:\/\/www.trogemedical.de\/de\/wp-json\/wp\/v2\/product_brand?post=3373"},{"taxonomy":"product_cat","embeddable":true,"href":"https:\/\/www.trogemedical.de\/de\/wp-json\/wp\/v2\/product_cat?post=3373"},{"taxonomy":"product_tag","embeddable":true,"href":"https:\/\/www.trogemedical.de\/de\/wp-json\/wp\/v2\/product_tag?post=3373"}],"curies":[{"name":"wp","href":"https:\/\/api.w.org\/{rel}","templated":true}]}}