{"id":3372,"date":"2023-11-10T09:09:35","date_gmt":"2023-11-10T07:09:35","guid":{"rendered":"https:\/\/trogemedical.de\/?post_type=product&#038;p=3372"},"modified":"2025-01-13T15:53:48","modified_gmt":"2025-01-13T13:53:48","slug":"tro-orthosurge","status":"publish","type":"product","link":"https:\/\/www.trogemedical.de\/de\/produkt\/tro-orthosurge","title":{"rendered":"TRO-ORTHOSURGE"},"content":{"rendered":"<p>Die TRO-ORTHOSURGE chirurgischen Handschuhe f\u00fcr die Orthop\u00e4die sind steril, puderfrei und aus nat\u00fcrlichem Latex hergestellt. Die Handschuhe sind mit automatischem Handballeneffekt geformt, der die Erm\u00fcdung der Hand w\u00e4hrend langen, hochriskanten Operationen reduziert. Die extra dicken Handschuhe liefern maximalen Schutz w\u00e4hrend hochriskanter Eingriffen.<\/p>","protected":false},"excerpt":{"rendered":"<p>Die TRO-ORTHOSURGE chirurgischen Handschuhe f\u00fcr die Orthop\u00e4die sind steril, puderfrei und aus nat\u00fcrlichem Latex hergestellt. Die Handschuhe sind mit automatischem Handballeneffekt geformt, der die Erm\u00fcdung der Hand w\u00e4hrend langen, hochriskanten Operationen reduziert. Die extra dicken Handschuhe liefern maximalen Schutz w\u00e4hrend hochriskanter Eingriffen.<\/p>","protected":false},"featured_media":3397,"template":"","meta":{"_acf_changed":false},"product_brand":[],"product_cat":[43],"product_tag":[],"class_list":{"0":"post-3372","1":"product","2":"type-product","3":"status-publish","4":"has-post-thumbnail","6":"product_cat-gloves","8":"first","9":"instock","10":"shipping-taxable","11":"product-type-simple"},"acf":[],"_links":{"self":[{"href":"https:\/\/www.trogemedical.de\/de\/wp-json\/wp\/v2\/product\/3372","targetHints":{"allow":["GET"]}}],"collection":[{"href":"https:\/\/www.trogemedical.de\/de\/wp-json\/wp\/v2\/product"}],"about":[{"href":"https:\/\/www.trogemedical.de\/de\/wp-json\/wp\/v2\/types\/product"}],"wp:featuredmedia":[{"embeddable":true,"href":"https:\/\/www.trogemedical.de\/de\/wp-json\/wp\/v2\/media\/3397"}],"wp:attachment":[{"href":"https:\/\/www.trogemedical.de\/de\/wp-json\/wp\/v2\/media?parent=3372"}],"wp:term":[{"taxonomy":"product_brand","embeddable":true,"href":"https:\/\/www.trogemedical.de\/de\/wp-json\/wp\/v2\/product_brand?post=3372"},{"taxonomy":"product_cat","embeddable":true,"href":"https:\/\/www.trogemedical.de\/de\/wp-json\/wp\/v2\/product_cat?post=3372"},{"taxonomy":"product_tag","embeddable":true,"href":"https:\/\/www.trogemedical.de\/de\/wp-json\/wp\/v2\/product_tag?post=3372"}],"curies":[{"name":"wp","href":"https:\/\/api.w.org\/{rel}","templated":true}]}}