{"id":3371,"date":"2023-11-10T09:09:35","date_gmt":"2023-11-10T07:09:35","guid":{"rendered":"https:\/\/trogemedical.de\/?post_type=product&#038;p=3371"},"modified":"2025-01-13T15:42:34","modified_gmt":"2025-01-13T13:42:34","slug":"tro-gynosurge-plus","status":"publish","type":"product","link":"https:\/\/www.trogemedical.de\/de\/produkt\/tro-gynosurge-plus","title":{"rendered":"TRO-GYNOSURGE \/ plus"},"content":{"rendered":"<div class=\"ewa-rteLine\">Die TRO-GYNOSURGE chirurgischen Handschuhe f\u00fcr den gyn\u00e4kologischen Gebrauch werden aus  nat\u00fcrlichem Latex hergestellt. Die Handschuhe sind so gefertigt, dass der Daumen automatisch in Richtung Handfl\u00e4che zum Zeigefinger positioniert ist, wodurch die Erm\u00fcdung der H\u00e4nde reduziert wird.<\/div>\n<div class=\"ewa-rteLine\">Aufgrund ihrer ausgezeichneten Elastizit\u00e4t sind sie sehr widerstandsf\u00e4hig und weisen eine hohe Rei\u00dffestigkeit auf. Sie sind leicht mit voll absorbierender Maisst\u00e4rke USP gepudert, um den besten Komfort auch bei lang andauernden Prozeduren zu gew\u00e4hrleisten. Die mikrorauhe Oberfl\u00e4che erm\u00f6glicht ein verbessertes Halten der Instrumente, wobei die maximale Sensitivit\u00e4t erhalten bleibt.<\/div>\n<div class=\"ewa-rteLine\">Die TRO-GYNOSURGE Plus chirurgischen Handschuhe f\u00fcr den gyn\u00e4kologischen Gebrauch werden aus  nat\u00fcrlichem Latex hergestellt und sind steril und puderfrei.<\/div>","protected":false},"excerpt":{"rendered":"<p>TRO-GYNOSURGE surgical gloves for gynaecological use are made of natural latex. The gloves are anatomically shaped with thumb positioned towards the palm surface of the index finger, which reduces the fatigue on the hands. Due to their excellent elasticity they are extremely resistant and show a high tensile strength. They are lightly powdered with fully [&hellip;]<\/p>","protected":false},"featured_media":3396,"template":"","meta":{"_acf_changed":false},"product_brand":[],"product_cat":[43],"product_tag":[],"class_list":{"0":"post-3371","1":"product","2":"type-product","3":"status-publish","4":"has-post-thumbnail","6":"product_cat-gloves","8":"first","9":"instock","10":"shipping-taxable","11":"product-type-simple"},"acf":[],"_links":{"self":[{"href":"https:\/\/www.trogemedical.de\/de\/wp-json\/wp\/v2\/product\/3371","targetHints":{"allow":["GET"]}}],"collection":[{"href":"https:\/\/www.trogemedical.de\/de\/wp-json\/wp\/v2\/product"}],"about":[{"href":"https:\/\/www.trogemedical.de\/de\/wp-json\/wp\/v2\/types\/product"}],"wp:featuredmedia":[{"embeddable":true,"href":"https:\/\/www.trogemedical.de\/de\/wp-json\/wp\/v2\/media\/3396"}],"wp:attachment":[{"href":"https:\/\/www.trogemedical.de\/de\/wp-json\/wp\/v2\/media?parent=3371"}],"wp:term":[{"taxonomy":"product_brand","embeddable":true,"href":"https:\/\/www.trogemedical.de\/de\/wp-json\/wp\/v2\/product_brand?post=3371"},{"taxonomy":"product_cat","embeddable":true,"href":"https:\/\/www.trogemedical.de\/de\/wp-json\/wp\/v2\/product_cat?post=3371"},{"taxonomy":"product_tag","embeddable":true,"href":"https:\/\/www.trogemedical.de\/de\/wp-json\/wp\/v2\/product_tag?post=3371"}],"curies":[{"name":"wp","href":"https:\/\/api.w.org\/{rel}","templated":true}]}}