{"id":3351,"date":"2023-11-10T09:09:15","date_gmt":"2023-11-10T07:09:15","guid":{"rendered":"https:\/\/trogemedical.de\/?post_type=product&#038;p=3351"},"modified":"2025-01-13T16:01:58","modified_gmt":"2025-01-13T14:01:58","slug":"tro-sensosurge-plus","status":"publish","type":"product","link":"https:\/\/www.trogemedical.de\/de\/produkt\/tro-sensosurge-plus","title":{"rendered":"TRO-SENSOSURGE \/ plus"},"content":{"rendered":"<p>TRO-SENSOSURGE Operationshandschuhe sind aus weichem Latexmaterial gefertigt und steril. Dank ihrer hohen Elastizit\u00e4t sind sie extrem widerstandsf\u00e4hig und rei\u00dffest. Durch die gleichm\u00e4\u00dfig leichte Puderung mit vollresorbierbarer Maisst\u00e4rke USP und ihre anatomische Passform sind sie auch bei lang andauernder Verwendung besonders angenehm zu tragen. Die mikrogerauhte Grifffl\u00e4che erlaubt eine sichere Instrumentenf\u00fchrung bei optimaler Tastsensibilit\u00e4t. Zur besseren Vertr\u00e4glichkeit bei Patient und Anwender auch erh\u00e4ltlich als TRO-SENSOSURGE plus: puderfrei, mit Polymer-Beschichtung und mit extra langem Schaft.<\/p>","protected":false},"excerpt":{"rendered":"<p>TRO-SENSOSURGE surgical gloves are made of soft 100% natural latex and are sterile. Due to their excellent elasticity they are extremely resistant and show a high tensile strength. They are shaped anatomically and lightly powdered with fully absorbable corn starch USP, ensuring best comfort also in longlasting procedures. The microrough surface enables improved instrument handling [&hellip;]<\/p>","protected":false},"featured_media":3395,"template":"","meta":{"_acf_changed":false},"product_brand":[],"product_cat":[43],"product_tag":[],"class_list":{"0":"post-3351","1":"product","2":"type-product","3":"status-publish","4":"has-post-thumbnail","6":"product_cat-gloves","8":"first","9":"instock","10":"shipping-taxable","11":"product-type-simple"},"acf":[],"_links":{"self":[{"href":"https:\/\/www.trogemedical.de\/de\/wp-json\/wp\/v2\/product\/3351","targetHints":{"allow":["GET"]}}],"collection":[{"href":"https:\/\/www.trogemedical.de\/de\/wp-json\/wp\/v2\/product"}],"about":[{"href":"https:\/\/www.trogemedical.de\/de\/wp-json\/wp\/v2\/types\/product"}],"wp:featuredmedia":[{"embeddable":true,"href":"https:\/\/www.trogemedical.de\/de\/wp-json\/wp\/v2\/media\/3395"}],"wp:attachment":[{"href":"https:\/\/www.trogemedical.de\/de\/wp-json\/wp\/v2\/media?parent=3351"}],"wp:term":[{"taxonomy":"product_brand","embeddable":true,"href":"https:\/\/www.trogemedical.de\/de\/wp-json\/wp\/v2\/product_brand?post=3351"},{"taxonomy":"product_cat","embeddable":true,"href":"https:\/\/www.trogemedical.de\/de\/wp-json\/wp\/v2\/product_cat?post=3351"},{"taxonomy":"product_tag","embeddable":true,"href":"https:\/\/www.trogemedical.de\/de\/wp-json\/wp\/v2\/product_tag?post=3351"}],"curies":[{"name":"wp","href":"https:\/\/api.w.org\/{rel}","templated":true}]}}