{"id":3350,"date":"2023-11-10T09:09:15","date_gmt":"2023-11-10T07:09:15","guid":{"rendered":"https:\/\/trogemedical.de\/?post_type=product&#038;p=3350"},"modified":"2024-01-15T15:28:51","modified_gmt":"2024-01-15T13:28:51","slug":"tro-guedel-way","status":"publish","type":"product","link":"https:\/\/www.trogemedical.de\/de\/produkt\/tro-guedel-way","title":{"rendered":"TRO-GUEDEL WAY"},"content":{"rendered":"<div class=\"ewa-rteLine\">TRO-GUEDEL WAY ist steril und besteht aus einem Tubus mit integriertem Bei\u00dfblock, der den Zugang von Absaugkathetern erm\u00f6glicht und \ndas Bei\u00dfen auf die Zunge und die Verstopfung des Luftweges verhindert. Die atraumatisch weich abgerundeten R\u00e4nder des Patientenendes gew\u00e4hrleisten schmerzfreie Anwendung und der farbcodierte Bei\u00dfblock macht die Identifizierung jeder einzelnen Gr\u00f6\u00dfe einfach und benutzerfreundlich.<\/div>","protected":false},"excerpt":{"rendered":"<p>TRO-GUEDEL WAY ist steril und besteht aus einem Tubus mit integriertem Bei\u00dfblock, der den Zugang von Absaugkathetern erm\u00f6glicht und \ndas Bei\u00dfen auf die Zunge und die Verstopfung des Luftweges verhindert. Die atraumatisch weich abgerundeten R\u00e4nder des Patientenendes gew\u00e4hrleisten schmerzfreie Anwendung und der farbcodierte Bei\u00dfblock macht die Identifizierung jeder einzelnen Gr\u00f6\u00dfe einfach und benutzerfreundlich.<\/p>","protected":false},"featured_media":3394,"template":"","meta":{"_acf_changed":false},"product_brand":[],"product_cat":[42],"product_tag":[],"class_list":{"0":"post-3350","1":"product","2":"type-product","3":"status-publish","4":"has-post-thumbnail","6":"product_cat-surgery-anaesthesia","8":"first","9":"instock","10":"shipping-taxable","11":"product-type-simple"},"acf":[],"_links":{"self":[{"href":"https:\/\/www.trogemedical.de\/de\/wp-json\/wp\/v2\/product\/3350","targetHints":{"allow":["GET"]}}],"collection":[{"href":"https:\/\/www.trogemedical.de\/de\/wp-json\/wp\/v2\/product"}],"about":[{"href":"https:\/\/www.trogemedical.de\/de\/wp-json\/wp\/v2\/types\/product"}],"wp:featuredmedia":[{"embeddable":true,"href":"https:\/\/www.trogemedical.de\/de\/wp-json\/wp\/v2\/media\/3394"}],"wp:attachment":[{"href":"https:\/\/www.trogemedical.de\/de\/wp-json\/wp\/v2\/media?parent=3350"}],"wp:term":[{"taxonomy":"product_brand","embeddable":true,"href":"https:\/\/www.trogemedical.de\/de\/wp-json\/wp\/v2\/product_brand?post=3350"},{"taxonomy":"product_cat","embeddable":true,"href":"https:\/\/www.trogemedical.de\/de\/wp-json\/wp\/v2\/product_cat?post=3350"},{"taxonomy":"product_tag","embeddable":true,"href":"https:\/\/www.trogemedical.de\/de\/wp-json\/wp\/v2\/product_tag?post=3350"}],"curies":[{"name":"wp","href":"https:\/\/api.w.org\/{rel}","templated":true}]}}