{"id":3349,"date":"2023-11-10T09:09:15","date_gmt":"2023-11-10T07:09:15","guid":{"rendered":"https:\/\/trogemedical.de\/?post_type=product&#038;p=3349"},"modified":"2024-01-15T16:33:20","modified_gmt":"2024-01-15T14:33:20","slug":"tro-sucocath-plus-tc-plus","status":"publish","type":"product","link":"https:\/\/www.trogemedical.de\/de\/produkt\/tro-sucocath-plus-tc-plus","title":{"rendered":"TRO-SUCOCATH \/ plus \/ tc plus"},"content":{"rendered":"<div class=\"ewa-rteLine\">TRO-SUCOCATH ist steril und aus PVC gefertigt. Er besteht aus einem flexiblen, knickresistenten Schlauch mit abgeschr\u00e4gter, offener Spitze und 2 seitlichen Augen f\u00fcr die bestm\u00f6gliche Drainage. Der einfache Anschlussstutzen ist farbcodiert zur \neinfachen Identifizierung der verschiedenen Gr\u00f6\u00dfen. Auch erh\u00e4ltlich als TRO-SUCOCATH plus mit Fingerspitzenkontrolle und TRO-SUCOCATH tc plus mit Daumenkontrolle. Diese Typen sind mit einer zus\u00e4tzlichen \u00d6ffnung ausgestattet, die die Kontrolle des Vakuums w\u00e4hrend der Drainage erm\u00f6glicht.<\/div>","protected":false},"excerpt":{"rendered":"<p>TRO-SUCOCATH is sterile and made of PVC. It consists of a flexible and kink-resistant tube with bevelled open tip and is provided with two lateral eyes which guarantee maximum drainage during use. The plain connector is colour coded and ensures easy identification of the different sizes. Also available as TRO-SUCOCATH plus with finger tip control [&hellip;]<\/p>","protected":false},"featured_media":3393,"template":"","meta":{"_acf_changed":false},"product_brand":[],"product_cat":[42],"product_tag":[],"class_list":{"0":"post-3349","1":"product","2":"type-product","3":"status-publish","4":"has-post-thumbnail","6":"product_cat-surgery-anaesthesia","8":"first","9":"instock","10":"shipping-taxable","11":"product-type-simple"},"acf":[],"_links":{"self":[{"href":"https:\/\/www.trogemedical.de\/de\/wp-json\/wp\/v2\/product\/3349","targetHints":{"allow":["GET"]}}],"collection":[{"href":"https:\/\/www.trogemedical.de\/de\/wp-json\/wp\/v2\/product"}],"about":[{"href":"https:\/\/www.trogemedical.de\/de\/wp-json\/wp\/v2\/types\/product"}],"wp:featuredmedia":[{"embeddable":true,"href":"https:\/\/www.trogemedical.de\/de\/wp-json\/wp\/v2\/media\/3393"}],"wp:attachment":[{"href":"https:\/\/www.trogemedical.de\/de\/wp-json\/wp\/v2\/media?parent=3349"}],"wp:term":[{"taxonomy":"product_brand","embeddable":true,"href":"https:\/\/www.trogemedical.de\/de\/wp-json\/wp\/v2\/product_brand?post=3349"},{"taxonomy":"product_cat","embeddable":true,"href":"https:\/\/www.trogemedical.de\/de\/wp-json\/wp\/v2\/product_cat?post=3349"},{"taxonomy":"product_tag","embeddable":true,"href":"https:\/\/www.trogemedical.de\/de\/wp-json\/wp\/v2\/product_tag?post=3349"}],"curies":[{"name":"wp","href":"https:\/\/api.w.org\/{rel}","templated":true}]}}