{"id":3348,"date":"2023-11-10T09:09:15","date_gmt":"2023-11-10T07:09:15","guid":{"rendered":"https:\/\/trogemedical.de\/?post_type=product&#038;p=3348"},"modified":"2023-11-14T23:19:30","modified_gmt":"2023-11-14T21:19:30","slug":"troge-surgi-face","status":"publish","type":"product","link":"https:\/\/www.trogemedical.de\/de\/produkt\/troge-surgi-face","title":{"rendered":"TROGE SURGI-FACE"},"content":{"rendered":"<p>TROGE SURGI-FACE Operationsmasken aus weichem, anschmiegsamem Vliesmaterial werden mit Hilfe von 4 langen, rei\u00dffesten Bindeb\u00e4ndern fixiert. Der eingearbeitete Nasenb\u00fcgel garantiert eine anatomisch enganliegende, sichere Passform. Durch die asymmetrische Faltenbildung des speziellen 3-lagigen Gewebes wird eine besonders hohe Atmungsf\u00e4higkeit erreicht und somit eine unangenehme Stauung von W\u00e4rme und Feuchtigkeit vermieden. Die Bakterienr\u00fcckhaltef\u00e4higkeit liegt bei 99%. Auch erh\u00e4ltlich mit zwei elastischen Ohrschlaufen aus Polyurethan.<\/p>","protected":false},"excerpt":{"rendered":"<p>TROGE SURGI-FACE surgical face masks are made of white, non-woven polypropylene fibre and the outer surface is made of green non-woven polypropylene attached with four long non-tear tie strips. The integrated nose profile guarantees a close, secure fit to the wearer\u2019s face. The asymmetric folds in the special 3-layer fabric provide very high breathability, preventing [&hellip;]<\/p>","protected":false},"featured_media":3392,"template":"","meta":{"_acf_changed":false},"product_brand":[],"product_cat":[42],"product_tag":[],"class_list":{"0":"post-3348","1":"product","2":"type-product","3":"status-publish","4":"has-post-thumbnail","6":"product_cat-surgery-anaesthesia","8":"first","9":"instock","10":"shipping-taxable","11":"product-type-simple"},"acf":[],"_links":{"self":[{"href":"https:\/\/www.trogemedical.de\/de\/wp-json\/wp\/v2\/product\/3348","targetHints":{"allow":["GET"]}}],"collection":[{"href":"https:\/\/www.trogemedical.de\/de\/wp-json\/wp\/v2\/product"}],"about":[{"href":"https:\/\/www.trogemedical.de\/de\/wp-json\/wp\/v2\/types\/product"}],"wp:featuredmedia":[{"embeddable":true,"href":"https:\/\/www.trogemedical.de\/de\/wp-json\/wp\/v2\/media\/3392"}],"wp:attachment":[{"href":"https:\/\/www.trogemedical.de\/de\/wp-json\/wp\/v2\/media?parent=3348"}],"wp:term":[{"taxonomy":"product_brand","embeddable":true,"href":"https:\/\/www.trogemedical.de\/de\/wp-json\/wp\/v2\/product_brand?post=3348"},{"taxonomy":"product_cat","embeddable":true,"href":"https:\/\/www.trogemedical.de\/de\/wp-json\/wp\/v2\/product_cat?post=3348"},{"taxonomy":"product_tag","embeddable":true,"href":"https:\/\/www.trogemedical.de\/de\/wp-json\/wp\/v2\/product_tag?post=3348"}],"curies":[{"name":"wp","href":"https:\/\/api.w.org\/{rel}","templated":true}]}}