{"id":3347,"date":"2023-11-10T09:09:15","date_gmt":"2023-11-10T07:09:15","guid":{"rendered":"https:\/\/trogemedical.de\/?post_type=product&#038;p=3347"},"modified":"2024-01-09T14:40:09","modified_gmt":"2024-01-09T12:40:09","slug":"tro-spinoject","status":"publish","type":"product","link":"https:\/\/www.trogemedical.de\/de\/produkt\/tro-spinoject","title":{"rendered":"TRO-SPINOJECT"},"content":{"rendered":"<p>TRO-SPINOJECT Spinalkan\u00fclen bestehen aus einem d\u00fcnnwandigen Kan\u00fclenrohr und einem Mandrin aus rostfreiem Stahl. Der Mandrin ist nach dem internationalen Farbcode markiert. Der transparente Luer Lock Ansatz erm\u00f6glicht eine sofortige Kontrolle w\u00e4hrend der Punktion. Die Spinalkan\u00fclen sind steril, pyrogenfrei und atoxisch, au\u00dferdem verf\u00fcgen sie \u00fcber eine  Schutzkappe.<\/p>","protected":false},"excerpt":{"rendered":"<p>TRO-SPINOJECT Spinalkan\u00fclen bestehen aus einem d\u00fcnnwandigen Kan\u00fclenrohr und einem Mandrin aus rostfreiem Stahl. Der Mandrin ist nach dem internationalen Farbcode markiert. Der transparente Luer Lock Ansatz erm\u00f6glicht eine sofortige Kontrolle w\u00e4hrend der Punktion. Die Spinalkan\u00fclen sind steril, pyrogenfrei und atoxisch, au\u00dferdem verf\u00fcgen sie \u00fcber eine  Schutzkappe.<\/p>","protected":false},"featured_media":3391,"template":"","meta":{"_acf_changed":false},"product_brand":[],"product_cat":[42],"product_tag":[],"class_list":{"0":"post-3347","1":"product","2":"type-product","3":"status-publish","4":"has-post-thumbnail","6":"product_cat-surgery-anaesthesia","8":"first","9":"instock","10":"shipping-taxable","11":"product-type-simple"},"acf":[],"_links":{"self":[{"href":"https:\/\/www.trogemedical.de\/de\/wp-json\/wp\/v2\/product\/3347","targetHints":{"allow":["GET"]}}],"collection":[{"href":"https:\/\/www.trogemedical.de\/de\/wp-json\/wp\/v2\/product"}],"about":[{"href":"https:\/\/www.trogemedical.de\/de\/wp-json\/wp\/v2\/types\/product"}],"wp:featuredmedia":[{"embeddable":true,"href":"https:\/\/www.trogemedical.de\/de\/wp-json\/wp\/v2\/media\/3391"}],"wp:attachment":[{"href":"https:\/\/www.trogemedical.de\/de\/wp-json\/wp\/v2\/media?parent=3347"}],"wp:term":[{"taxonomy":"product_brand","embeddable":true,"href":"https:\/\/www.trogemedical.de\/de\/wp-json\/wp\/v2\/product_brand?post=3347"},{"taxonomy":"product_cat","embeddable":true,"href":"https:\/\/www.trogemedical.de\/de\/wp-json\/wp\/v2\/product_cat?post=3347"},{"taxonomy":"product_tag","embeddable":true,"href":"https:\/\/www.trogemedical.de\/de\/wp-json\/wp\/v2\/product_tag?post=3347"}],"curies":[{"name":"wp","href":"https:\/\/api.w.org\/{rel}","templated":true}]}}