{"id":3346,"date":"2023-11-10T09:09:15","date_gmt":"2023-11-10T07:09:15","guid":{"rendered":"https:\/\/trogemedical.de\/?post_type=product&#038;p=3346"},"modified":"2024-01-09T14:38:09","modified_gmt":"2024-01-09T12:38:09","slug":"tro-aspiset-yankauer","status":"publish","type":"product","link":"https:\/\/www.trogemedical.de\/de\/produkt\/tro-aspiset-yankauer","title":{"rendered":"TRO-ASPISET YANKAUER"},"content":{"rendered":"<p>TRO-ASPISET YANKAUER ist ein chirugisches Absaugset und dient einer effektiven und schnellen Absaugung bei der Nutzung geschlossener Absaugsysteme. Es besteht wahlweise aus einer Standard- oder einer Kronenspitze mit vier seitlichen Entlastungsl\u00f6chern (Augen) sowie einem Verbindungsschlauch. F\u00fcr die individuellen W\u00fcnsche des Anwenders TRO-ASPISET YANKAUER mit und ohne Vakuumkontrolle am Handst\u00fcck. Der weiche und knickfeste PVC-Schlauch sichert problemfreies Arbeiten ohne St\u00f6rungen. Seine ergonomische Form liegt besonders gut in der Hand und \u00fcberzeugt den Anwender durch die komfortable Absaugung.<\/p>","protected":false},"excerpt":{"rendered":"<p>TRO-ASPISET YANKAUER is a surgical suction kit which removes materials quickly and effectively by suction, using a closed suction system. It consist of a tip, with the choice of either a standard or a crown tip with four vents (eyes) at the side, and a connecting tube. According to individual user needs, TRO-ASPISET YANKAUER is [&hellip;]<\/p>","protected":false},"featured_media":3390,"template":"","meta":{"_acf_changed":false},"product_brand":[],"product_cat":[42],"product_tag":[],"class_list":{"0":"post-3346","1":"product","2":"type-product","3":"status-publish","4":"has-post-thumbnail","6":"product_cat-surgery-anaesthesia","8":"first","9":"instock","10":"shipping-taxable","11":"product-type-simple"},"acf":[],"_links":{"self":[{"href":"https:\/\/www.trogemedical.de\/de\/wp-json\/wp\/v2\/product\/3346","targetHints":{"allow":["GET"]}}],"collection":[{"href":"https:\/\/www.trogemedical.de\/de\/wp-json\/wp\/v2\/product"}],"about":[{"href":"https:\/\/www.trogemedical.de\/de\/wp-json\/wp\/v2\/types\/product"}],"wp:featuredmedia":[{"embeddable":true,"href":"https:\/\/www.trogemedical.de\/de\/wp-json\/wp\/v2\/media\/3390"}],"wp:attachment":[{"href":"https:\/\/www.trogemedical.de\/de\/wp-json\/wp\/v2\/media?parent=3346"}],"wp:term":[{"taxonomy":"product_brand","embeddable":true,"href":"https:\/\/www.trogemedical.de\/de\/wp-json\/wp\/v2\/product_brand?post=3346"},{"taxonomy":"product_cat","embeddable":true,"href":"https:\/\/www.trogemedical.de\/de\/wp-json\/wp\/v2\/product_cat?post=3346"},{"taxonomy":"product_tag","embeddable":true,"href":"https:\/\/www.trogemedical.de\/de\/wp-json\/wp\/v2\/product_tag?post=3346"}],"curies":[{"name":"wp","href":"https:\/\/api.w.org\/{rel}","templated":true}]}}