{"id":3345,"date":"2023-11-10T09:09:15","date_gmt":"2023-11-10T07:09:15","guid":{"rendered":"https:\/\/trogemedical.de\/?post_type=product&#038;p=3345"},"modified":"2023-11-14T23:17:43","modified_gmt":"2023-11-14T21:17:43","slug":"troge-tracheostomy-tube","status":"publish","type":"product","link":"https:\/\/www.trogemedical.de\/de\/produkt\/troge-tracheostomy-tube","title":{"rendered":"TROGE TRACHEOSTOMY TUBE"},"content":{"rendered":"<p>TROGE TRACHEOSTOMY TUBE ist ein sterile, glasklare Tracheostomietubus aus PVC mit einzigartigen Materialeigenschaften, die ein Einknicken w\u00e4hrend der Anwendung verhindern. Der Inserter und das Patientenende mit abgerundeter Spitze garantieren sichere und schmerzarme Intubation. Das Produkt verf\u00fcgt \u00fcber einen 15\u2005mm m\u00e4nnlichen Kegelanschluss und B\u00e4ndern zur sicheren Fixierung des Schlauches. Die extra d\u00fcnnwandige Niederdruckmanschette sorgt f\u00fcr einen sicheren Sitz auch bei l\u00e4nger dauernder Anwendung.<\/p>","protected":false},"excerpt":{"rendered":"<p>TROGE TRACHEOSTOMY TUBE is a sterile, crystal clear tracheostomy tube made from PVC with unique material properties to prevent kinks during application. The introducer and the patient end with rounded tip ensure easy intubation and maximum pain reduction. It is provided with a 15 mm male conical fitting and attached ties to securely fix the [&hellip;]<\/p>","protected":false},"featured_media":3389,"template":"","meta":{"_acf_changed":false},"product_brand":[],"product_cat":[42],"product_tag":[],"class_list":{"0":"post-3345","1":"product","2":"type-product","3":"status-publish","4":"has-post-thumbnail","6":"product_cat-surgery-anaesthesia","8":"first","9":"instock","10":"shipping-taxable","11":"product-type-simple"},"acf":[],"_links":{"self":[{"href":"https:\/\/www.trogemedical.de\/de\/wp-json\/wp\/v2\/product\/3345","targetHints":{"allow":["GET"]}}],"collection":[{"href":"https:\/\/www.trogemedical.de\/de\/wp-json\/wp\/v2\/product"}],"about":[{"href":"https:\/\/www.trogemedical.de\/de\/wp-json\/wp\/v2\/types\/product"}],"wp:featuredmedia":[{"embeddable":true,"href":"https:\/\/www.trogemedical.de\/de\/wp-json\/wp\/v2\/media\/3389"}],"wp:attachment":[{"href":"https:\/\/www.trogemedical.de\/de\/wp-json\/wp\/v2\/media?parent=3345"}],"wp:term":[{"taxonomy":"product_brand","embeddable":true,"href":"https:\/\/www.trogemedical.de\/de\/wp-json\/wp\/v2\/product_brand?post=3345"},{"taxonomy":"product_cat","embeddable":true,"href":"https:\/\/www.trogemedical.de\/de\/wp-json\/wp\/v2\/product_cat?post=3345"},{"taxonomy":"product_tag","embeddable":true,"href":"https:\/\/www.trogemedical.de\/de\/wp-json\/wp\/v2\/product_tag?post=3345"}],"curies":[{"name":"wp","href":"https:\/\/api.w.org\/{rel}","templated":true}]}}