{"id":3344,"date":"2023-11-10T09:09:14","date_gmt":"2023-11-10T07:09:14","guid":{"rendered":"https:\/\/trogemedical.de\/?post_type=product&#038;p=3344"},"modified":"2024-01-15T16:41:43","modified_gmt":"2024-01-15T14:41:43","slug":"tro-epidura-kit","status":"publish","type":"product","link":"https:\/\/www.trogemedical.de\/de\/produkt\/tro-epidura-kit","title":{"rendered":"TRO-EPIDURA KIT"},"content":{"rendered":"<div class=\"ewa-rteLine\">TRO-EPIDURA KIT ist steril, pyrogenfrei und atoxisch und mit den folgenden Komponenten ausgestattet:<\/div>\n<ul>\n<li class=\"ewa-rteLine\">Tuohy-Epiduralkan\u00fcle mit 1 cm L\u00e4ngsmarkierungen, transparen-tem Nadelansatz mit Luer Lock-Anschluss, Mandrin mit farbko-diertem Ansatz und Schutzkappe<\/li>\n<li class=\"ewa-rteLine\">r\u00f6ntgenkontrastf\u00e4higer Nylon-Epiduralkatheter mit 3 seitlichen Mikro\u00f6ffnungen, die nahe der atraumatischen, geschlossenen Spitze 4\u20135 mm auseinander stehen, eingebetteten, deutlichen, schwarzen Markierungen und Katheter-einf\u00fchrhilfe<\/li>\n<li class=\"ewa-rteLine\">Katheterkupplung mit Schutzkappe<\/li>\n<li class=\"ewa-rteLine\">Einmalkan\u00fcle mit Nadelabdec-kung zur Punktion der Haut vor Einf\u00fchren der Epiduralnadel<\/li>\n<li class=\"ewa-rteLine\">0,22 \u03bcm Epidural-Flachfilter<\/li>\n<li class=\"ewa-rteLine\">Loss-of-Resistance Spritze mit Luer-Ansatz<\/li>\n<\/ul>","protected":false},"excerpt":{"rendered":"<p>TRO-EPIDURA KIT is sterile, non-pyrogenic and atoxic and provided with the following components: Tuohy epidural needle with 1 cm length markings, transparent needle hub with luer lock connector, stylet with colour coded hub and protective cap radiopaque nylon epidural catheter with 3 lateral microholes at a distance of 4\u20135 mm close to the atraumatic tip [&hellip;]<\/p>","protected":false},"featured_media":10301,"template":"","meta":{"_acf_changed":false},"product_brand":[],"product_cat":[42],"product_tag":[],"class_list":{"0":"post-3344","1":"product","2":"type-product","3":"status-publish","4":"has-post-thumbnail","6":"product_cat-surgery-anaesthesia","8":"first","9":"instock","10":"shipping-taxable","11":"product-type-simple"},"acf":[],"_links":{"self":[{"href":"https:\/\/www.trogemedical.de\/de\/wp-json\/wp\/v2\/product\/3344","targetHints":{"allow":["GET"]}}],"collection":[{"href":"https:\/\/www.trogemedical.de\/de\/wp-json\/wp\/v2\/product"}],"about":[{"href":"https:\/\/www.trogemedical.de\/de\/wp-json\/wp\/v2\/types\/product"}],"wp:featuredmedia":[{"embeddable":true,"href":"https:\/\/www.trogemedical.de\/de\/wp-json\/wp\/v2\/media\/10301"}],"wp:attachment":[{"href":"https:\/\/www.trogemedical.de\/de\/wp-json\/wp\/v2\/media?parent=3344"}],"wp:term":[{"taxonomy":"product_brand","embeddable":true,"href":"https:\/\/www.trogemedical.de\/de\/wp-json\/wp\/v2\/product_brand?post=3344"},{"taxonomy":"product_cat","embeddable":true,"href":"https:\/\/www.trogemedical.de\/de\/wp-json\/wp\/v2\/product_cat?post=3344"},{"taxonomy":"product_tag","embeddable":true,"href":"https:\/\/www.trogemedical.de\/de\/wp-json\/wp\/v2\/product_tag?post=3344"}],"curies":[{"name":"wp","href":"https:\/\/api.w.org\/{rel}","templated":true}]}}