{"id":3343,"date":"2023-11-10T09:09:14","date_gmt":"2023-11-10T07:09:14","guid":{"rendered":"https:\/\/trogemedical.de\/?post_type=product&#038;p=3343"},"modified":"2024-01-24T15:14:30","modified_gmt":"2024-01-24T13:14:30","slug":"tro-pulmoflow","status":"publish","type":"product","link":"https:\/\/www.trogemedical.de\/de\/produkt\/tro-pulmoflow","title":{"rendered":"TRO-PULMOFLOW"},"content":{"rendered":"<p>Dieser sterile, glasklare Trachealtubus aus speziellem PVC verf\u00fcgt \u00fcber einen 15 mm Konnektor, einen blauen Kontrollballon mit Ventil f\u00fcr Luer- und Luer Lock-Ans\u00e4tze, eine durchgehende R\u00f6ntgenlinie, sowie eine atraumatische, eingezogene Spitze und eine Graduierung. Er ist dank seiner hohen Flexibilit\u00e4t besonders anpassungsf\u00e4hig, wobei seine einzigartigen Materialeigenschaften ein Einknicken w\u00e4hrend der Intubation verhindern. Die extra d\u00fcnnwandige Niederdruckmanschette sorgt f\u00fcr einen schmerzfreien und sicheren Sitz auch bei l\u00e4nger dauernder Anwendung.<\/p>","protected":false},"excerpt":{"rendered":"<p>This sterile, crystal clear tracheal tube made from special PVC has a 15 mm connector, a blue monitoring balloon with valve for Luer and Luer lock fittings and a continuous radio-opaque line, with an atraumatic rounded tip and graduation. The tube is highly flexible for ease of adjustment, with unique material properties to prevent kinks [&hellip;]<\/p>","protected":false},"featured_media":11000,"template":"","meta":{"_acf_changed":false},"product_brand":[],"product_cat":[42],"product_tag":[],"class_list":{"0":"post-3343","1":"product","2":"type-product","3":"status-publish","4":"has-post-thumbnail","6":"product_cat-surgery-anaesthesia","8":"first","9":"instock","10":"shipping-taxable","11":"product-type-simple"},"acf":[],"_links":{"self":[{"href":"https:\/\/www.trogemedical.de\/de\/wp-json\/wp\/v2\/product\/3343","targetHints":{"allow":["GET"]}}],"collection":[{"href":"https:\/\/www.trogemedical.de\/de\/wp-json\/wp\/v2\/product"}],"about":[{"href":"https:\/\/www.trogemedical.de\/de\/wp-json\/wp\/v2\/types\/product"}],"wp:featuredmedia":[{"embeddable":true,"href":"https:\/\/www.trogemedical.de\/de\/wp-json\/wp\/v2\/media\/11000"}],"wp:attachment":[{"href":"https:\/\/www.trogemedical.de\/de\/wp-json\/wp\/v2\/media?parent=3343"}],"wp:term":[{"taxonomy":"product_brand","embeddable":true,"href":"https:\/\/www.trogemedical.de\/de\/wp-json\/wp\/v2\/product_brand?post=3343"},{"taxonomy":"product_cat","embeddable":true,"href":"https:\/\/www.trogemedical.de\/de\/wp-json\/wp\/v2\/product_cat?post=3343"},{"taxonomy":"product_tag","embeddable":true,"href":"https:\/\/www.trogemedical.de\/de\/wp-json\/wp\/v2\/product_tag?post=3343"}],"curies":[{"name":"wp","href":"https:\/\/api.w.org\/{rel}","templated":true}]}}