{"id":3339,"date":"2023-11-10T09:09:14","date_gmt":"2023-11-10T07:09:14","guid":{"rendered":"https:\/\/trogemedical.de\/?post_type=product&#038;p=3339"},"modified":"2024-03-14T14:38:39","modified_gmt":"2024-03-14T12:38:39","slug":"tro-donex-1-2-3-4-tb","status":"publish","type":"product","link":"https:\/\/www.trogemedical.de\/de\/produkt\/tro-donex-1-2-3-4-tb","title":{"rendered":"TRO-DONEX 1 \/ -2 \/ -3 \/ -4 \/ TB"},"content":{"rendered":"<p>TRO-DONEX Blutbeutel aus speziellem PVC Material sind steril, pyrogenfrei und als Einfach-, Doppel-, Dreifach- und Vierfach-System erh\u00e4ltlich. Sie bestehen jeweils aus dem geschlossenen System eines Sammelbeutels, mit Stabilisatorl\u00f6sung, und einer \u00fcber den flexiblen Spenderschlauch integrierten Kan\u00fcle. Die gro\u00dflumige 16 G Nadel mit Pr\u00e4zisionsschliff erm\u00f6glicht eine schmerzarme Punktion und hohe Durchflussraten. Je nach System sind ein, zwei oder drei Transferbeutel mit dem Sammelbeutel verbunden.<\/p>","protected":false},"excerpt":{"rendered":"<p>TRO-DONEX sterile and non-pyrogenic blood bags are made of a special PVC material and are available as single, double, triple or quadruple type. They consist respectively of the closed system of collection bag, containing an anticoagulant solution, and the integrated 16 G needle, connected by the flexible donor tubing. The excellent sharpness of the thin-wall [&hellip;]<\/p>","protected":false},"featured_media":12960,"template":"","meta":{"_acf_changed":false},"product_brand":[],"product_cat":[44],"product_tag":[],"class_list":{"0":"post-3339","1":"product","2":"type-product","3":"status-publish","4":"has-post-thumbnail","6":"product_cat-transfusion","8":"first","9":"instock","10":"shipping-taxable","11":"product-type-simple"},"acf":[],"_links":{"self":[{"href":"https:\/\/www.trogemedical.de\/de\/wp-json\/wp\/v2\/product\/3339","targetHints":{"allow":["GET"]}}],"collection":[{"href":"https:\/\/www.trogemedical.de\/de\/wp-json\/wp\/v2\/product"}],"about":[{"href":"https:\/\/www.trogemedical.de\/de\/wp-json\/wp\/v2\/types\/product"}],"wp:featuredmedia":[{"embeddable":true,"href":"https:\/\/www.trogemedical.de\/de\/wp-json\/wp\/v2\/media\/12960"}],"wp:attachment":[{"href":"https:\/\/www.trogemedical.de\/de\/wp-json\/wp\/v2\/media?parent=3339"}],"wp:term":[{"taxonomy":"product_brand","embeddable":true,"href":"https:\/\/www.trogemedical.de\/de\/wp-json\/wp\/v2\/product_brand?post=3339"},{"taxonomy":"product_cat","embeddable":true,"href":"https:\/\/www.trogemedical.de\/de\/wp-json\/wp\/v2\/product_cat?post=3339"},{"taxonomy":"product_tag","embeddable":true,"href":"https:\/\/www.trogemedical.de\/de\/wp-json\/wp\/v2\/product_tag?post=3339"}],"curies":[{"name":"wp","href":"https:\/\/api.w.org\/{rel}","templated":true}]}}