{"id":3338,"date":"2023-11-10T09:09:14","date_gmt":"2023-11-10T07:09:14","guid":{"rendered":"https:\/\/trogemedical.de\/?post_type=product&#038;p=3338"},"modified":"2024-01-15T15:56:35","modified_gmt":"2024-01-15T13:56:35","slug":"tro-sensipore-elast","status":"publish","type":"product","link":"https:\/\/www.trogemedical.de\/de\/produkt\/tro-sensipore-elast","title":{"rendered":"TRO-SENSIPORE \/ elast"},"content":{"rendered":"<p>TRO-SENSIPORE Heftpflaster besteht aus einem wei\u00dfen, nicht gewebten Vliestr\u00e4ger-Material, auf das die hypoallergene Acrylatklebemasse in d\u00fcnner Schicht aufgetragen ist. Trotz seiner hohen Klebkraft l\u00e4sst es sich besonders leicht abrollen, sauber in der gew\u00fcnschten L\u00e4nge abrei\u00dfen und nach Gebrauch v\u00f6llig schmerzlos und praktisch r\u00fcckstandsfrei von der Haut abl\u00f6sen. TRO-SENSIPORE ist nicht nur ausgezeichnet hautvertr\u00e4glich, sondern zudem auch thermostabil und f\u00fcr R\u00f6ntgenstrahlen, Luft und Wasserdampf v\u00f6llig durchl\u00e4ssig. TRO-SENSIPORE elast ist eine nicht-gewebte Vliesrolle zur Verbandfixierung, sie besteht aus einer Rolle Acryls\u00e4ure-Pflaster mit einem wei\u00dfen Stoff. Dieses Produkt ist hypoallergen.<\/p>","protected":false},"excerpt":{"rendered":"<p>TRO-SENSIPORE vent tape is a white, non-woven fabric base material, which is covered with a thin layer of hypoallergenic acrylate adhesive compound. In spite of the high adhesive capacity of the tape, it is extremely easy to unroll and can be torn off neatly into the required lengths. After use it comes painlessly away from [&hellip;]<\/p>","protected":false},"featured_media":3368,"template":"","meta":{"_acf_changed":false},"product_brand":[],"product_cat":[39],"product_tag":[],"class_list":{"0":"post-3338","1":"product","2":"type-product","3":"status-publish","4":"has-post-thumbnail","6":"product_cat-surgical-dressing-wound-treatment","8":"first","9":"instock","10":"shipping-taxable","11":"product-type-simple"},"acf":[],"_links":{"self":[{"href":"https:\/\/www.trogemedical.de\/de\/wp-json\/wp\/v2\/product\/3338","targetHints":{"allow":["GET"]}}],"collection":[{"href":"https:\/\/www.trogemedical.de\/de\/wp-json\/wp\/v2\/product"}],"about":[{"href":"https:\/\/www.trogemedical.de\/de\/wp-json\/wp\/v2\/types\/product"}],"wp:featuredmedia":[{"embeddable":true,"href":"https:\/\/www.trogemedical.de\/de\/wp-json\/wp\/v2\/media\/3368"}],"wp:attachment":[{"href":"https:\/\/www.trogemedical.de\/de\/wp-json\/wp\/v2\/media?parent=3338"}],"wp:term":[{"taxonomy":"product_brand","embeddable":true,"href":"https:\/\/www.trogemedical.de\/de\/wp-json\/wp\/v2\/product_brand?post=3338"},{"taxonomy":"product_cat","embeddable":true,"href":"https:\/\/www.trogemedical.de\/de\/wp-json\/wp\/v2\/product_cat?post=3338"},{"taxonomy":"product_tag","embeddable":true,"href":"https:\/\/www.trogemedical.de\/de\/wp-json\/wp\/v2\/product_tag?post=3338"}],"curies":[{"name":"wp","href":"https:\/\/api.w.org\/{rel}","templated":true}]}}