{"id":3337,"date":"2023-11-10T09:09:14","date_gmt":"2023-11-10T07:09:14","guid":{"rendered":"https:\/\/trogemedical.de\/?post_type=product&#038;p=3337"},"modified":"2023-11-24T17:09:37","modified_gmt":"2023-11-24T15:09:37","slug":"troge-plast-silk-plus","status":"publish","type":"product","link":"https:\/\/www.trogemedical.de\/de\/produkt\/troge-plast-silk-plus","title":{"rendered":"TROGE PLAST \/ silk \/ plus"},"content":{"rendered":"<div class=\"ewa-rteLine\">Das hautfarbene, nicht dehnbare, feine Gewebe ist gleichm\u00e4\u00dfig mit einer Klebemasse auf Kautschukbasis beschichtet. Durch die hohe und zuverl\u00e4ssige Klebkraft k\u00f6nnen alle Arten von Wundauflagen oder Kan\u00fclen sicher und problemlos fixiert werden. TROGE PLAST Heftpflaster ist ausgezeichnet hautvertr\u00e4glich, quer und l\u00e4ngs rei\u00dfbar und daher universell verwendbar. TROGE PLAST plus Heftpflaster ist zus\u00e4tzlich \nperforiert.<\/div>\n<div class=\"ewa-rteLine\">TROGE PLAST silk, Fixierpflaster, aus wei\u00dfem Gewebe. Besteht aus synthetischer Seide (100% Acetatseidengewebe). Die Klebemasse besteht aus Acrylkleber.<\/div>","protected":false},"excerpt":{"rendered":"<p>The flesh-coloured, inextensible, textile fabric is evenly impregnated with an adhesive mass on caoutchouc basis. Due to its high and reliable adhesiveness all kinds of wound dressings or cannulas can be affixed safely and easily. TROGE PLAST adhesive plaster has good skin tolerance properties and it can be torn alongside and across. Therefore, it can [&hellip;]<\/p>","protected":false},"featured_media":3367,"template":"","meta":{"_acf_changed":false},"product_brand":[],"product_cat":[39],"product_tag":[],"class_list":{"0":"post-3337","1":"product","2":"type-product","3":"status-publish","4":"has-post-thumbnail","6":"product_cat-surgical-dressing-wound-treatment","8":"first","9":"instock","10":"shipping-taxable","11":"product-type-simple"},"acf":[],"_links":{"self":[{"href":"https:\/\/www.trogemedical.de\/de\/wp-json\/wp\/v2\/product\/3337","targetHints":{"allow":["GET"]}}],"collection":[{"href":"https:\/\/www.trogemedical.de\/de\/wp-json\/wp\/v2\/product"}],"about":[{"href":"https:\/\/www.trogemedical.de\/de\/wp-json\/wp\/v2\/types\/product"}],"wp:featuredmedia":[{"embeddable":true,"href":"https:\/\/www.trogemedical.de\/de\/wp-json\/wp\/v2\/media\/3367"}],"wp:attachment":[{"href":"https:\/\/www.trogemedical.de\/de\/wp-json\/wp\/v2\/media?parent=3337"}],"wp:term":[{"taxonomy":"product_brand","embeddable":true,"href":"https:\/\/www.trogemedical.de\/de\/wp-json\/wp\/v2\/product_brand?post=3337"},{"taxonomy":"product_cat","embeddable":true,"href":"https:\/\/www.trogemedical.de\/de\/wp-json\/wp\/v2\/product_cat?post=3337"},{"taxonomy":"product_tag","embeddable":true,"href":"https:\/\/www.trogemedical.de\/de\/wp-json\/wp\/v2\/product_tag?post=3337"}],"curies":[{"name":"wp","href":"https:\/\/api.w.org\/{rel}","templated":true}]}}