{"id":3318,"date":"2023-11-10T09:08:51","date_gmt":"2023-11-10T07:08:51","guid":{"rendered":"https:\/\/trogemedical.de\/?post_type=product&#038;p=3318"},"modified":"2023-11-14T23:28:50","modified_gmt":"2023-11-14T21:28:50","slug":"tro-sterisorb","status":"publish","type":"product","link":"https:\/\/www.trogemedical.de\/de\/produkt\/tro-sterisorb","title":{"rendered":"TRO-STERISORB"},"content":{"rendered":"<p>Diese hautfreundlichen, hoch saugf\u00e4higen Kompressen werden aus Troge Verbandmull BP hergestellt. Durch die spezielle Falttechnik liegen alle Schnittkanten stets innen, daher k\u00f6nnen die Kompressen problemlos zur n\u00e4chsten Gr\u00f6\u00dfe entfaltet werden, ohne dass es zum Verkleben einzelner Fasern mit der Wunde f\u00fchrt.\nTRO-STERISORB sterile Kompressen sind besonders anschmiegsam, luft- und wasserdampfdurchl\u00e4ssig.<\/p>","protected":false},"excerpt":{"rendered":"<p>These gauze swabs are made of Troge Absorbent Gauze BP. They are high absorbent and very kind to the skin. Due to the special folding technique the cutting edges are lying completely inside. This enables the user to unfold the swab to different sizes. Thus it is prevented that the fibre of the gauze adheres [&hellip;]<\/p>","protected":false},"featured_media":3364,"template":"","meta":{"_acf_changed":false},"product_brand":[],"product_cat":[39],"product_tag":[],"class_list":{"0":"post-3318","1":"product","2":"type-product","3":"status-publish","4":"has-post-thumbnail","6":"product_cat-surgical-dressing-wound-treatment","8":"first","9":"instock","10":"shipping-taxable","11":"product-type-simple"},"acf":[],"_links":{"self":[{"href":"https:\/\/www.trogemedical.de\/de\/wp-json\/wp\/v2\/product\/3318","targetHints":{"allow":["GET"]}}],"collection":[{"href":"https:\/\/www.trogemedical.de\/de\/wp-json\/wp\/v2\/product"}],"about":[{"href":"https:\/\/www.trogemedical.de\/de\/wp-json\/wp\/v2\/types\/product"}],"wp:featuredmedia":[{"embeddable":true,"href":"https:\/\/www.trogemedical.de\/de\/wp-json\/wp\/v2\/media\/3364"}],"wp:attachment":[{"href":"https:\/\/www.trogemedical.de\/de\/wp-json\/wp\/v2\/media?parent=3318"}],"wp:term":[{"taxonomy":"product_brand","embeddable":true,"href":"https:\/\/www.trogemedical.de\/de\/wp-json\/wp\/v2\/product_brand?post=3318"},{"taxonomy":"product_cat","embeddable":true,"href":"https:\/\/www.trogemedical.de\/de\/wp-json\/wp\/v2\/product_cat?post=3318"},{"taxonomy":"product_tag","embeddable":true,"href":"https:\/\/www.trogemedical.de\/de\/wp-json\/wp\/v2\/product_tag?post=3318"}],"curies":[{"name":"wp","href":"https:\/\/api.w.org\/{rel}","templated":true}]}}