{"id":3316,"date":"2023-11-10T09:08:51","date_gmt":"2023-11-10T07:08:51","guid":{"rendered":"https:\/\/trogemedical.de\/?post_type=product&#038;p=3316"},"modified":"2024-01-15T13:43:07","modified_gmt":"2024-01-15T11:43:07","slug":"troge-gauze","status":"publish","type":"product","link":"https:\/\/www.trogemedical.de\/de\/produkt\/troge-gauze","title":{"rendered":"TROGE GAUZE"},"content":{"rendered":"<div class=\"ewa-rteLine\">Verbandmull ist nach wie vor das wichtigste und am h\u00e4ufigsten eingesetzte Verbandmaterial. TROGE GAUZE Verbandmull BP ist nicht steril und besteht aus sorgf\u00e4ltig aufbereitetem Baumwollgewebe und ist in unterschiedlicher Fadendichte erh\u00e4ltlich. Seine gute Luft- und Wasserdampfdurchl\u00e4ssigkeit und seine geringe Tendenz mit der Wunde zu verkleben, machen ihn angenehm hautvertr\u00e4glich. Er legt sich sehr gut an die Wunde an, bietet so optimalen Schutz und ist hoch saugf\u00e4hig.<\/div>","protected":false},"excerpt":{"rendered":"<p>Absorbent Cotton Gauze is still the most important and most often used bandage material. TROGE GAUZE Absorbent Cotton Gauze BP is non-sterile and consists of carefully refined cotton fabric of plain weave and is available in different thread types. Due to its high permeability to air and steam and its low tendency to adhere to [&hellip;]<\/p>","protected":false},"featured_media":3362,"template":"","meta":{"_acf_changed":false},"product_brand":[],"product_cat":[39],"product_tag":[],"class_list":{"0":"post-3316","1":"product","2":"type-product","3":"status-publish","4":"has-post-thumbnail","6":"product_cat-surgical-dressing-wound-treatment","8":"first","9":"instock","10":"shipping-taxable","11":"product-type-simple"},"acf":[],"_links":{"self":[{"href":"https:\/\/www.trogemedical.de\/de\/wp-json\/wp\/v2\/product\/3316","targetHints":{"allow":["GET"]}}],"collection":[{"href":"https:\/\/www.trogemedical.de\/de\/wp-json\/wp\/v2\/product"}],"about":[{"href":"https:\/\/www.trogemedical.de\/de\/wp-json\/wp\/v2\/types\/product"}],"wp:featuredmedia":[{"embeddable":true,"href":"https:\/\/www.trogemedical.de\/de\/wp-json\/wp\/v2\/media\/3362"}],"wp:attachment":[{"href":"https:\/\/www.trogemedical.de\/de\/wp-json\/wp\/v2\/media?parent=3316"}],"wp:term":[{"taxonomy":"product_brand","embeddable":true,"href":"https:\/\/www.trogemedical.de\/de\/wp-json\/wp\/v2\/product_brand?post=3316"},{"taxonomy":"product_cat","embeddable":true,"href":"https:\/\/www.trogemedical.de\/de\/wp-json\/wp\/v2\/product_cat?post=3316"},{"taxonomy":"product_tag","embeddable":true,"href":"https:\/\/www.trogemedical.de\/de\/wp-json\/wp\/v2\/product_tag?post=3316"}],"curies":[{"name":"wp","href":"https:\/\/api.w.org\/{rel}","templated":true}]}}