{"id":3315,"date":"2023-11-10T09:08:51","date_gmt":"2023-11-10T07:08:51","guid":{"rendered":"https:\/\/trogemedical.de\/?post_type=product&#038;p=3315"},"modified":"2024-01-15T13:56:33","modified_gmt":"2024-01-15T11:56:33","slug":"troge-sept","status":"publish","type":"product","link":"https:\/\/www.trogemedical.de\/de\/produkt\/troge-sept","title":{"rendered":"TROGE SEPT"},"content":{"rendered":"<div class=\"ewa-rteLine\">Der 2-lagige Vliestupfer TROGE SEPT ist mit 0,5 ml 70%igem Isopropylalkohol getr\u00e4nkt. Dank der gegen\u00fcber herk\u00f6mmlichen Tupfern erh\u00f6hten Fl\u00fcssigkeitsmenge lassen sich die betreffenden Hautstellen besonders zuverl\u00e4ssig und einfach reinigen.<\/div>","protected":false},"excerpt":{"rendered":"<p>Der 2-lagige Vliestupfer TROGE SEPT ist mit 0,5 ml 70%igem Isopropylalkohol getr\u00e4nkt. Dank der gegen\u00fcber herk\u00f6mmlichen Tupfern erh\u00f6hten Fl\u00fcssigkeitsmenge lassen sich die betreffenden Hautstellen besonders zuverl\u00e4ssig und einfach reinigen.<\/p>","protected":false},"featured_media":10274,"template":"","meta":{"_acf_changed":false},"product_brand":[],"product_cat":[39],"product_tag":[],"class_list":{"0":"post-3315","1":"product","2":"type-product","3":"status-publish","4":"has-post-thumbnail","6":"product_cat-surgical-dressing-wound-treatment","8":"first","9":"instock","10":"shipping-taxable","11":"product-type-simple"},"acf":[],"_links":{"self":[{"href":"https:\/\/www.trogemedical.de\/de\/wp-json\/wp\/v2\/product\/3315","targetHints":{"allow":["GET"]}}],"collection":[{"href":"https:\/\/www.trogemedical.de\/de\/wp-json\/wp\/v2\/product"}],"about":[{"href":"https:\/\/www.trogemedical.de\/de\/wp-json\/wp\/v2\/types\/product"}],"wp:featuredmedia":[{"embeddable":true,"href":"https:\/\/www.trogemedical.de\/de\/wp-json\/wp\/v2\/media\/10274"}],"wp:attachment":[{"href":"https:\/\/www.trogemedical.de\/de\/wp-json\/wp\/v2\/media?parent=3315"}],"wp:term":[{"taxonomy":"product_brand","embeddable":true,"href":"https:\/\/www.trogemedical.de\/de\/wp-json\/wp\/v2\/product_brand?post=3315"},{"taxonomy":"product_cat","embeddable":true,"href":"https:\/\/www.trogemedical.de\/de\/wp-json\/wp\/v2\/product_cat?post=3315"},{"taxonomy":"product_tag","embeddable":true,"href":"https:\/\/www.trogemedical.de\/de\/wp-json\/wp\/v2\/product_tag?post=3315"}],"curies":[{"name":"wp","href":"https:\/\/api.w.org\/{rel}","templated":true}]}}