{"id":3314,"date":"2023-11-10T09:08:51","date_gmt":"2023-11-10T07:08:51","guid":{"rendered":"https:\/\/trogemedical.de\/?post_type=product&#038;p=3314"},"modified":"2024-01-09T14:40:04","modified_gmt":"2024-01-09T12:40:04","slug":"tro-venofix-plus","status":"publish","type":"product","link":"https:\/\/www.trogemedical.de\/de\/produkt\/tro-venofix-plus","title":{"rendered":"TRO-VENOFIX \/ plus"},"content":{"rendered":"<p>Mit TRO-VENOFIX Fixierpflaster ist die Befestigung von Venenverweilkan\u00fclen f\u00fcr den Anwender h\u00f6chst komfortabel. Die Materialzusammensetzung aus besonders hautfreundlichem, atmungsaktiven Vliesstoff sowie dem hypoallergenen Polyacrylatklebstoff sorgen beim Patienten f\u00fcr ein deutlich angenehmeres Tragegef\u00fchl. TRO-VENOFIX ist ein zuverl\u00e4ssiges Fixierpflaster, das \u00fcber mehrere Tage h\u00e4lt und durch das Wundkissen zus\u00e4tzlich als Abpolsterung des Kan\u00fclenschaftes sowie der Kan\u00fclenfl\u00fcgel dient. TRO-VENOFIX plus wird mit einem zus\u00e4tzlichen Pad zur Abpolsterung (2,5\u2005cm x 3 cm) geliefert.<\/p>","protected":false},"excerpt":{"rendered":"<p>Securing intravenous cannulas with TRO-VENOFIX is highly convenient for the user. It is made from exceptionally skin-friendly, breathable nonwoven fabric and hypoallergenic polyacrylate adhesive, providing a high level of wearer comfort to the patient. TRO-VENOFIX is a reliable fixing plaster that retains adhesive strength for several days. Additionally, the wound pad serves as padding for [&hellip;]<\/p>","protected":false},"featured_media":3360,"template":"","meta":{"_acf_changed":false},"product_brand":[],"product_cat":[39],"product_tag":[],"class_list":{"0":"post-3314","1":"product","2":"type-product","3":"status-publish","4":"has-post-thumbnail","6":"product_cat-surgical-dressing-wound-treatment","8":"first","9":"instock","10":"shipping-taxable","11":"product-type-simple"},"acf":[],"_links":{"self":[{"href":"https:\/\/www.trogemedical.de\/de\/wp-json\/wp\/v2\/product\/3314","targetHints":{"allow":["GET"]}}],"collection":[{"href":"https:\/\/www.trogemedical.de\/de\/wp-json\/wp\/v2\/product"}],"about":[{"href":"https:\/\/www.trogemedical.de\/de\/wp-json\/wp\/v2\/types\/product"}],"wp:featuredmedia":[{"embeddable":true,"href":"https:\/\/www.trogemedical.de\/de\/wp-json\/wp\/v2\/media\/3360"}],"wp:attachment":[{"href":"https:\/\/www.trogemedical.de\/de\/wp-json\/wp\/v2\/media?parent=3314"}],"wp:term":[{"taxonomy":"product_brand","embeddable":true,"href":"https:\/\/www.trogemedical.de\/de\/wp-json\/wp\/v2\/product_brand?post=3314"},{"taxonomy":"product_cat","embeddable":true,"href":"https:\/\/www.trogemedical.de\/de\/wp-json\/wp\/v2\/product_cat?post=3314"},{"taxonomy":"product_tag","embeddable":true,"href":"https:\/\/www.trogemedical.de\/de\/wp-json\/wp\/v2\/product_tag?post=3314"}],"curies":[{"name":"wp","href":"https:\/\/api.w.org\/{rel}","templated":true}]}}