{"id":3313,"date":"2023-11-10T09:08:51","date_gmt":"2023-11-10T07:08:51","guid":{"rendered":"https:\/\/trogemedical.de\/?post_type=product&#038;p=3313"},"modified":"2024-01-15T14:40:37","modified_gmt":"2024-01-15T12:40:37","slug":"tro-orthosoft","status":"publish","type":"product","link":"https:\/\/www.trogemedical.de\/de\/produkt\/tro-orthosoft","title":{"rendered":"TRO-ORTHOSOFT"},"content":{"rendered":"<p>Die Polsterwatte besteht aus wei\u00dfen, geruchlosen Fasern wahlweise aus Baumwolle oder einer Mischung aus Baumwollfasern und d\u00fcnnen nicht gewebten Polyethylenfasern. Sie ist weich, leicht und besitzt exzellente Bel\u00fcftungseigenschaften. Dadurch wird ein maximaler Komfort w\u00e4hrend des Gebrauchs und eine gute Polsterung des Gipsverbandes garantiert und die Haut vor Juckreiz und Infektion gesch\u00fctzt.<\/p>","protected":false},"excerpt":{"rendered":"<p>Die Polsterwatte besteht aus wei\u00dfen, geruchlosen Fasern wahlweise aus Baumwolle oder einer Mischung aus Baumwollfasern und d\u00fcnnen nicht gewebten Polyethylenfasern. Sie ist weich, leicht und besitzt exzellente Bel\u00fcftungseigenschaften. Dadurch wird ein maximaler Komfort w\u00e4hrend des Gebrauchs und eine gute Polsterung des Gipsverbandes garantiert und die Haut vor Juckreiz und Infektion gesch\u00fctzt.<\/p>","protected":false},"featured_media":10281,"template":"","meta":{"_acf_changed":false},"product_brand":[],"product_cat":[40],"product_tag":[],"class_list":{"0":"post-3313","1":"product","2":"type-product","3":"status-publish","4":"has-post-thumbnail","6":"product_cat-orthopaedicdevices","8":"first","9":"instock","10":"shipping-taxable","11":"product-type-simple"},"acf":[],"_links":{"self":[{"href":"https:\/\/www.trogemedical.de\/de\/wp-json\/wp\/v2\/product\/3313","targetHints":{"allow":["GET"]}}],"collection":[{"href":"https:\/\/www.trogemedical.de\/de\/wp-json\/wp\/v2\/product"}],"about":[{"href":"https:\/\/www.trogemedical.de\/de\/wp-json\/wp\/v2\/types\/product"}],"wp:featuredmedia":[{"embeddable":true,"href":"https:\/\/www.trogemedical.de\/de\/wp-json\/wp\/v2\/media\/10281"}],"wp:attachment":[{"href":"https:\/\/www.trogemedical.de\/de\/wp-json\/wp\/v2\/media?parent=3313"}],"wp:term":[{"taxonomy":"product_brand","embeddable":true,"href":"https:\/\/www.trogemedical.de\/de\/wp-json\/wp\/v2\/product_brand?post=3313"},{"taxonomy":"product_cat","embeddable":true,"href":"https:\/\/www.trogemedical.de\/de\/wp-json\/wp\/v2\/product_cat?post=3313"},{"taxonomy":"product_tag","embeddable":true,"href":"https:\/\/www.trogemedical.de\/de\/wp-json\/wp\/v2\/product_tag?post=3313"}],"curies":[{"name":"wp","href":"https:\/\/api.w.org\/{rel}","templated":true}]}}