{"id":3312,"date":"2023-11-10T09:08:50","date_gmt":"2023-11-10T07:08:50","guid":{"rendered":"https:\/\/trogemedical.de\/?post_type=product&#038;p=3312"},"modified":"2024-01-15T14:10:08","modified_gmt":"2024-01-15T12:10:08","slug":"tro-easycast","status":"publish","type":"product","link":"https:\/\/www.trogemedical.de\/de\/produkt\/tro-easycast","title":{"rendered":"TRO-EASYCAST"},"content":{"rendered":"<p>Dieser St\u00fctzverband aus Glasfasergewebe und Polyurethanharz hat verglichen mit herk\u00f6mmlichen Gipsverb\u00e4nden mehrere entscheidende Vorteile: das Material ist viel leichter und d\u00fcnner wodurch Bel\u00fcftung und Heilung verbessert werden. Die erh\u00f6hte Luftdurchl\u00e4ssigkeit beugt Infektionen und Juckreiz vor. Der endg\u00fcltige Verband ist ann\u00e4hernd 20mal st\u00e4rker als ein klassischer Gipsverband und ist zudem wasserbest\u00e4ndig. Das dehnbare Tr\u00e4germaterial erm\u00f6glicht ein faltenfreies \nAnlegen des Verbandes. Durch seine glatte Oberfl\u00e4che ist TRO-EASYCAST angenehm zu tragen und schont die Kleidung.<\/p>","protected":false},"excerpt":{"rendered":"<p>The supporting fabrics for this fast setting synthetic casting bandage are knitted glass fibres which are evenly impregnated with polyurethane. Compared to usual plaster of paris bandages it shows several advantages: The increased air permeability prevents the skin from infection as well as itching and un-pleasant smell. The cast material is lighter and thinner which [&hellip;]<\/p>","protected":false},"featured_media":10275,"template":"","meta":{"_acf_changed":false},"product_brand":[],"product_cat":[40],"product_tag":[],"class_list":{"0":"post-3312","1":"product","2":"type-product","3":"status-publish","4":"has-post-thumbnail","6":"product_cat-orthopaedicdevices","8":"first","9":"instock","10":"shipping-taxable","11":"product-type-simple"},"acf":[],"_links":{"self":[{"href":"https:\/\/www.trogemedical.de\/de\/wp-json\/wp\/v2\/product\/3312","targetHints":{"allow":["GET"]}}],"collection":[{"href":"https:\/\/www.trogemedical.de\/de\/wp-json\/wp\/v2\/product"}],"about":[{"href":"https:\/\/www.trogemedical.de\/de\/wp-json\/wp\/v2\/types\/product"}],"wp:featuredmedia":[{"embeddable":true,"href":"https:\/\/www.trogemedical.de\/de\/wp-json\/wp\/v2\/media\/10275"}],"wp:attachment":[{"href":"https:\/\/www.trogemedical.de\/de\/wp-json\/wp\/v2\/media?parent=3312"}],"wp:term":[{"taxonomy":"product_brand","embeddable":true,"href":"https:\/\/www.trogemedical.de\/de\/wp-json\/wp\/v2\/product_brand?post=3312"},{"taxonomy":"product_cat","embeddable":true,"href":"https:\/\/www.trogemedical.de\/de\/wp-json\/wp\/v2\/product_cat?post=3312"},{"taxonomy":"product_tag","embeddable":true,"href":"https:\/\/www.trogemedical.de\/de\/wp-json\/wp\/v2\/product_tag?post=3312"}],"curies":[{"name":"wp","href":"https:\/\/api.w.org\/{rel}","templated":true}]}}