{"id":3311,"date":"2023-11-10T09:08:50","date_gmt":"2023-11-10T07:08:50","guid":{"rendered":"https:\/\/trogemedical.de\/?post_type=product&#038;p=3311"},"modified":"2024-01-15T14:30:38","modified_gmt":"2024-01-15T12:30:38","slug":"tro-gypsoplast-2","status":"publish","type":"product","link":"https:\/\/www.trogemedical.de\/de\/produkt\/tro-gypsoplast-2","title":{"rendered":"TRO-GYPSOPLAST 2"},"content":{"rendered":"<p>Tr\u00e4ger f\u00fcr diese Schnellgipsbinde ist eine 17-f\u00e4dige Mullbinde, auf die eine hochwertige Gipsmischung aufgetragen ist. Diese einzigartige Mischung erm\u00f6glicht die hervorragende Modellierbarkeit und gew\u00e4hrleistet ein gleichm\u00e4\u00dfiges und schnelles Abbinden. Die Besonderheit dieser Gipsbinde liegt in ihrer verk\u00fcrzten Trocknungs- und Aush\u00e4rtezeit mit gleichzeitig erh\u00f6hter Stabilit\u00e4t, herausragender H\u00e4rte und Konsistenz.<\/p>","protected":false},"excerpt":{"rendered":"<p>Supporting fabric for this fast setting plaster of paris bandage is a gauze bandage type 17, which is evenly impregnated with a composition of high quality Gypsum mix. This unique composition enables excellent modelling and ensures uniform and quick setting. The outstanding feature of the plaster of paris bandage lies within its shortened drying and [&hellip;]<\/p>","protected":false},"featured_media":10278,"template":"","meta":{"_acf_changed":false},"product_brand":[],"product_cat":[40],"product_tag":[],"class_list":{"0":"post-3311","1":"product","2":"type-product","3":"status-publish","4":"has-post-thumbnail","6":"product_cat-orthopaedicdevices","8":"first","9":"instock","10":"shipping-taxable","11":"product-type-simple"},"acf":[],"_links":{"self":[{"href":"https:\/\/www.trogemedical.de\/de\/wp-json\/wp\/v2\/product\/3311","targetHints":{"allow":["GET"]}}],"collection":[{"href":"https:\/\/www.trogemedical.de\/de\/wp-json\/wp\/v2\/product"}],"about":[{"href":"https:\/\/www.trogemedical.de\/de\/wp-json\/wp\/v2\/types\/product"}],"wp:featuredmedia":[{"embeddable":true,"href":"https:\/\/www.trogemedical.de\/de\/wp-json\/wp\/v2\/media\/10278"}],"wp:attachment":[{"href":"https:\/\/www.trogemedical.de\/de\/wp-json\/wp\/v2\/media?parent=3311"}],"wp:term":[{"taxonomy":"product_brand","embeddable":true,"href":"https:\/\/www.trogemedical.de\/de\/wp-json\/wp\/v2\/product_brand?post=3311"},{"taxonomy":"product_cat","embeddable":true,"href":"https:\/\/www.trogemedical.de\/de\/wp-json\/wp\/v2\/product_cat?post=3311"},{"taxonomy":"product_tag","embeddable":true,"href":"https:\/\/www.trogemedical.de\/de\/wp-json\/wp\/v2\/product_tag?post=3311"}],"curies":[{"name":"wp","href":"https:\/\/api.w.org\/{rel}","templated":true}]}}