{"id":3310,"date":"2023-11-10T09:08:50","date_gmt":"2023-11-10T07:08:50","guid":{"rendered":"https:\/\/trogemedical.de\/?post_type=product&#038;p=3310"},"modified":"2025-01-13T16:27:40","modified_gmt":"2025-01-13T14:27:40","slug":"tro-can-safety","status":"publish","type":"product","link":"https:\/\/www.trogemedical.de\/de\/produkt\/tro-can-safety","title":{"rendered":"TRO-CAN safety"},"content":{"rendered":"<p>TRO-CAN safety  zeichnen sich durch eine einfache sowie sichere Anwendung aus, die dazu noch den maximalen Schutz des medizinischen Personals gew\u00e4hrleistet. Der Anwender sch\u00fctzt sich durch die Sicherheitskappe im Umgang mit der extra d\u00fcnnwandigen Kan\u00fcle, wobei f\u00fcr den Patienten dabei weder Nachteile noch Ver\u00e4nderungen im Vergleich zum Gebrauch einer normalen Kan\u00fcle entstehen. Nach Beendigung der Injektion kann die Kappe einfach und schnell geschlossen werden, so dass die Gefahr einer Kontamination oder einer Stichverletzung f\u00fcr Anwender und Dritte deutlich reduziert wird.<\/p>","protected":false},"excerpt":{"rendered":"<p>TRO-CAN safety distinguishes itself through its simple and safe application, which ensures that medical personnel receive maximum protection. The safety cap protects users when they handle the extra thin-wall cannulas, and yet, there are neither disadvantages nor differences for the patient compared to a normal cannula. The cap can be closed easily and quickly after [&hellip;]<\/p>","protected":false},"featured_media":3356,"template":"","meta":{"_acf_changed":false},"product_brand":[],"product_cat":[26],"product_tag":[],"class_list":{"0":"post-3310","1":"product","2":"type-product","3":"status-publish","4":"has-post-thumbnail","6":"product_cat-syringes-needles","8":"first","9":"instock","10":"shipping-taxable","11":"product-type-simple"},"acf":[],"_links":{"self":[{"href":"https:\/\/www.trogemedical.de\/de\/wp-json\/wp\/v2\/product\/3310","targetHints":{"allow":["GET"]}}],"collection":[{"href":"https:\/\/www.trogemedical.de\/de\/wp-json\/wp\/v2\/product"}],"about":[{"href":"https:\/\/www.trogemedical.de\/de\/wp-json\/wp\/v2\/types\/product"}],"wp:featuredmedia":[{"embeddable":true,"href":"https:\/\/www.trogemedical.de\/de\/wp-json\/wp\/v2\/media\/3356"}],"wp:attachment":[{"href":"https:\/\/www.trogemedical.de\/de\/wp-json\/wp\/v2\/media?parent=3310"}],"wp:term":[{"taxonomy":"product_brand","embeddable":true,"href":"https:\/\/www.trogemedical.de\/de\/wp-json\/wp\/v2\/product_brand?post=3310"},{"taxonomy":"product_cat","embeddable":true,"href":"https:\/\/www.trogemedical.de\/de\/wp-json\/wp\/v2\/product_cat?post=3310"},{"taxonomy":"product_tag","embeddable":true,"href":"https:\/\/www.trogemedical.de\/de\/wp-json\/wp\/v2\/product_tag?post=3310"}],"curies":[{"name":"wp","href":"https:\/\/api.w.org\/{rel}","templated":true}]}}