{"id":3309,"date":"2023-11-10T09:08:50","date_gmt":"2023-11-10T07:08:50","guid":{"rendered":"https:\/\/trogemedical.de\/?post_type=product&#038;p=3309"},"modified":"2025-01-13T16:24:04","modified_gmt":"2025-01-13T14:24:04","slug":"tro-can","status":"publish","type":"product","link":"https:\/\/www.trogemedical.de\/de\/produkt\/tro-can","title":{"rendered":"TRO-CAN"},"content":{"rendered":"<p>Der transparente Luer-Ansatz aus neutralem Polypropylen ist nach dem internationalen Gr\u00f6\u00dfen-Farbcode gekennzeichnet. Das extra d\u00fcnnwandige Kan\u00fclenrohr aus rostfreiem Stahl erm\u00f6glicht besonders hohe Durchflussraten. Der hochpr\u00e4zise Lanzettenschliff sorgt f\u00fcr einen schmerzlosen Einstich. TRO-CAN Kan\u00fclen sind steril, pyrogenfrei, \natoxisch und mit einer Schutzkappe versehen.<\/p>","protected":false},"excerpt":{"rendered":"<p>Der transparente Luer-Ansatz aus neutralem Polypropylen ist nach dem internationalen Gr\u00f6\u00dfen-Farbcode gekennzeichnet. Das extra d\u00fcnnwandige Kan\u00fclenrohr aus rostfreiem Stahl erm\u00f6glicht besonders hohe Durchflussraten. Der hochpr\u00e4zise Lanzettenschliff sorgt f\u00fcr einen schmerzlosen Einstich. TRO-CAN Kan\u00fclen sind steril, pyrogenfrei, \natoxisch und mit einer Schutzkappe versehen.<\/p>","protected":false},"featured_media":3355,"template":"","meta":{"_acf_changed":false},"product_brand":[],"product_cat":[26],"product_tag":[],"class_list":{"0":"post-3309","1":"product","2":"type-product","3":"status-publish","4":"has-post-thumbnail","6":"product_cat-syringes-needles","8":"first","9":"instock","10":"shipping-taxable","11":"product-type-simple"},"acf":[],"_links":{"self":[{"href":"https:\/\/www.trogemedical.de\/de\/wp-json\/wp\/v2\/product\/3309","targetHints":{"allow":["GET"]}}],"collection":[{"href":"https:\/\/www.trogemedical.de\/de\/wp-json\/wp\/v2\/product"}],"about":[{"href":"https:\/\/www.trogemedical.de\/de\/wp-json\/wp\/v2\/types\/product"}],"wp:featuredmedia":[{"embeddable":true,"href":"https:\/\/www.trogemedical.de\/de\/wp-json\/wp\/v2\/media\/3355"}],"wp:attachment":[{"href":"https:\/\/www.trogemedical.de\/de\/wp-json\/wp\/v2\/media?parent=3309"}],"wp:term":[{"taxonomy":"product_brand","embeddable":true,"href":"https:\/\/www.trogemedical.de\/de\/wp-json\/wp\/v2\/product_brand?post=3309"},{"taxonomy":"product_cat","embeddable":true,"href":"https:\/\/www.trogemedical.de\/de\/wp-json\/wp\/v2\/product_cat?post=3309"},{"taxonomy":"product_tag","embeddable":true,"href":"https:\/\/www.trogemedical.de\/de\/wp-json\/wp\/v2\/product_tag?post=3309"}],"curies":[{"name":"wp","href":"https:\/\/api.w.org\/{rel}","templated":true}]}}