{"id":3308,"date":"2023-11-10T09:08:50","date_gmt":"2023-11-10T07:08:50","guid":{"rendered":"https:\/\/trogemedical.de\/?post_type=product&#038;p=3308"},"modified":"2024-01-15T11:05:15","modified_gmt":"2024-01-15T09:05:15","slug":"trojector-u40-u100","status":"publish","type":"product","link":"https:\/\/www.trogemedical.de\/de\/produkt\/trojector-u40-u100","title":{"rendered":"TROJECTOR -U40 \/-U100"},"content":{"rendered":"<p>Die dreiteilige Spritze ist steril, pyrogenfrei und gew\u00e4hrleistet eine gleichm\u00e4\u00dfige, ruckfreie Injektion \nsowie eine exakte Dosierung durch\ndie leichte Gleitf\u00e4higkeit des Kolbens und die pr\u00e4zise Skala f\u00fcr Insulineinheiten. Sie ist wahlweise mit integrierter, beigelegter, aufgesetzter oder ohne Kan\u00fcle erh\u00e4ltlich.<\/p>","protected":false},"excerpt":{"rendered":"<p>Die dreiteilige Spritze ist steril, pyrogenfrei und gew\u00e4hrleistet eine gleichm\u00e4\u00dfige, ruckfreie Injektion \nsowie eine exakte Dosierung durch\ndie leichte Gleitf\u00e4higkeit des Kolbens und die pr\u00e4zise Skala f\u00fcr Insulineinheiten. Sie ist wahlweise mit integrierter, beigelegter, aufgesetzter oder ohne Kan\u00fcle erh\u00e4ltlich.<\/p>","protected":false},"featured_media":3354,"template":"","meta":{"_acf_changed":false},"product_brand":[],"product_cat":[26],"product_tag":[],"class_list":{"0":"post-3308","1":"product","2":"type-product","3":"status-publish","4":"has-post-thumbnail","6":"product_cat-syringes-needles","8":"first","9":"instock","10":"shipping-taxable","11":"product-type-simple"},"acf":[],"_links":{"self":[{"href":"https:\/\/www.trogemedical.de\/de\/wp-json\/wp\/v2\/product\/3308","targetHints":{"allow":["GET"]}}],"collection":[{"href":"https:\/\/www.trogemedical.de\/de\/wp-json\/wp\/v2\/product"}],"about":[{"href":"https:\/\/www.trogemedical.de\/de\/wp-json\/wp\/v2\/types\/product"}],"wp:featuredmedia":[{"embeddable":true,"href":"https:\/\/www.trogemedical.de\/de\/wp-json\/wp\/v2\/media\/3354"}],"wp:attachment":[{"href":"https:\/\/www.trogemedical.de\/de\/wp-json\/wp\/v2\/media?parent=3308"}],"wp:term":[{"taxonomy":"product_brand","embeddable":true,"href":"https:\/\/www.trogemedical.de\/de\/wp-json\/wp\/v2\/product_brand?post=3308"},{"taxonomy":"product_cat","embeddable":true,"href":"https:\/\/www.trogemedical.de\/de\/wp-json\/wp\/v2\/product_cat?post=3308"},{"taxonomy":"product_tag","embeddable":true,"href":"https:\/\/www.trogemedical.de\/de\/wp-json\/wp\/v2\/product_tag?post=3308"}],"curies":[{"name":"wp","href":"https:\/\/api.w.org\/{rel}","templated":true}]}}