{"id":3307,"date":"2023-11-10T09:08:50","date_gmt":"2023-11-10T07:08:50","guid":{"rendered":"https:\/\/trogemedical.de\/?post_type=product&#038;p=3307"},"modified":"2024-01-15T11:40:35","modified_gmt":"2024-01-15T09:40:35","slug":"trojector-3","status":"publish","type":"product","link":"https:\/\/www.trogemedical.de\/de\/produkt\/trojector-3","title":{"rendered":"TROJECTOR-3"},"content":{"rendered":"<div class=\"ewa-rteLine\">Die Spritzen sind steril, pyrogenfrei und aus atoxischem PP\/PE gefertigt. TROJECTOR-3 verf\u00fcgt als dreiteilige Spritze \u00fcber eine doppelte Gummikolbendichtung, die die hervorragende Gleitf\u00e4higkeit des Kolbens erm\u00f6glicht. Mit Hilfe der exakten Skala kann genau dosiert werden. Mit Luer oder Luer Lock Ansatz und mit oder ohne beigelegter bzw. aufgesetzter Kan\u00fcle erh\u00e4ltlich. Der Luer Lock Ansatz ist jeweils zentrisch, der Luer Ansatz je nach Spritzengr\u00f6\u00dfe zentrisch oder exzentrisch angebracht. 3-teilige Spritzen sind auch als 1\u2005ml Tuberkulin-Spritze TROJECTOR-3 TBC und als 50\/60 ml, 100 ml oder 150 ml Spritze mit Katheterspitze erh\u00e4ltlich.<\/div>","protected":false},"excerpt":{"rendered":"<p>The syringes are sterile, non-pyrogenic and made of atoxic PP\/PE. The 3-piece syringe TROJECTOR-3 possesses a double sealing rubber gasket allowing an extremely smooth plunger movement. The accurate scale facilitates precise dosage. Available with Luer or Luer Lock cone and with or without bypacked\/mounted needle. The position of the Luer Lock cone is centric, the [&hellip;]<\/p>","protected":false},"featured_media":3353,"template":"","meta":{"_acf_changed":false},"product_brand":[],"product_cat":[26],"product_tag":[],"class_list":{"0":"post-3307","1":"product","2":"type-product","3":"status-publish","4":"has-post-thumbnail","6":"product_cat-syringes-needles","8":"first","9":"instock","10":"shipping-taxable","11":"product-type-simple"},"acf":[],"_links":{"self":[{"href":"https:\/\/www.trogemedical.de\/de\/wp-json\/wp\/v2\/product\/3307","targetHints":{"allow":["GET"]}}],"collection":[{"href":"https:\/\/www.trogemedical.de\/de\/wp-json\/wp\/v2\/product"}],"about":[{"href":"https:\/\/www.trogemedical.de\/de\/wp-json\/wp\/v2\/types\/product"}],"wp:featuredmedia":[{"embeddable":true,"href":"https:\/\/www.trogemedical.de\/de\/wp-json\/wp\/v2\/media\/3353"}],"wp:attachment":[{"href":"https:\/\/www.trogemedical.de\/de\/wp-json\/wp\/v2\/media?parent=3307"}],"wp:term":[{"taxonomy":"product_brand","embeddable":true,"href":"https:\/\/www.trogemedical.de\/de\/wp-json\/wp\/v2\/product_brand?post=3307"},{"taxonomy":"product_cat","embeddable":true,"href":"https:\/\/www.trogemedical.de\/de\/wp-json\/wp\/v2\/product_cat?post=3307"},{"taxonomy":"product_tag","embeddable":true,"href":"https:\/\/www.trogemedical.de\/de\/wp-json\/wp\/v2\/product_tag?post=3307"}],"curies":[{"name":"wp","href":"https:\/\/api.w.org\/{rel}","templated":true}]}}