{"id":3306,"date":"2023-11-10T09:08:50","date_gmt":"2023-11-10T07:08:50","guid":{"rendered":"https:\/\/trogemedical.de\/?post_type=product&#038;p=3306"},"modified":"2023-11-24T16:59:27","modified_gmt":"2023-11-24T14:59:27","slug":"tro-soluspike-nf","status":"publish","type":"product","link":"https:\/\/www.trogemedical.de\/de\/produkt\/tro-soluspike-nf","title":{"rendered":"TRO-SOLUSPIKE \/ NF"},"content":{"rendered":"<div class=\"ewa-rteLine\">TRO-SOLUSPIKE\/NF ist steril, pyrogenfrei, atoxisch und weist folgende Merkmale auf:<\/div>\n<ul>\n<li class=\"ewa-rteLine\">Gleichm\u00e4\u00dfige, glatte Bohrung erm\u00f6glicht maximalen Infusionsfluss<\/li>\n<li class=\"ewa-rteLine\">Auslaufsicher bis zu 1 bar<\/li>\n<li class=\"ewa-rteLine\">Erh\u00e4ltlich mit Sicherheitsschnappverschluss oder nadelfreiem Ventil<\/li>\n<li class=\"ewa-rteLine\">Mit 0,2 oder 0,45 \u00b5m Bakterien-filter<\/li>\n<li class=\"ewa-rteLine\">Erh\u00e4ltlich mit einem 5 \u00b5m Fl\u00fcssigkeitsfilter<\/li>\n<li class=\"ewa-rteLine\">Auch als TRO-SOLUSPIKE chemo\/TRO-SOLUSPIKE NF chemo erh\u00e4ltlich, hergestellt aus chemotherapeutisch vertr\u00e4glichem Material f\u00fcr die intraven\u00f6se Arzneimitteltherapie gegen Krebs<\/li>\n<li class=\"ewa-rteLine\">DEHP-, PVC- und Latex-frei<\/li>\n<\/ul>","protected":false},"excerpt":{"rendered":"<p>TRO-SOLUSPIKE\/NF is sterile, non-pyrogenic and atoxic. It shows the following characteristics: Uniform smooth bore throughout permits maximum infusion flow Leak proof up to 1 bar Available with snap cap or needle-free valve With 0.2 or 0.45 \u00b5m bacteria filter Available with a 5 \u00b5m fluid filter Also available as TRO-SOLUSPIKE chemo\/TRO-SOLUSPIKE NF chemo manufactured by [&hellip;]<\/p>","protected":false},"featured_media":3352,"template":"","meta":{"_acf_changed":false},"product_brand":[],"product_cat":[38],"product_tag":[],"class_list":{"0":"post-3306","1":"product","2":"type-product","3":"status-publish","4":"has-post-thumbnail","6":"product_cat-infusion-therapy","8":"first","9":"instock","10":"shipping-taxable","11":"product-type-simple"},"acf":[],"_links":{"self":[{"href":"https:\/\/www.trogemedical.de\/de\/wp-json\/wp\/v2\/product\/3306","targetHints":{"allow":["GET"]}}],"collection":[{"href":"https:\/\/www.trogemedical.de\/de\/wp-json\/wp\/v2\/product"}],"about":[{"href":"https:\/\/www.trogemedical.de\/de\/wp-json\/wp\/v2\/types\/product"}],"wp:featuredmedia":[{"embeddable":true,"href":"https:\/\/www.trogemedical.de\/de\/wp-json\/wp\/v2\/media\/3352"}],"wp:attachment":[{"href":"https:\/\/www.trogemedical.de\/de\/wp-json\/wp\/v2\/media?parent=3306"}],"wp:term":[{"taxonomy":"product_brand","embeddable":true,"href":"https:\/\/www.trogemedical.de\/de\/wp-json\/wp\/v2\/product_brand?post=3306"},{"taxonomy":"product_cat","embeddable":true,"href":"https:\/\/www.trogemedical.de\/de\/wp-json\/wp\/v2\/product_cat?post=3306"},{"taxonomy":"product_tag","embeddable":true,"href":"https:\/\/www.trogemedical.de\/de\/wp-json\/wp\/v2\/product_tag?post=3306"}],"curies":[{"name":"wp","href":"https:\/\/api.w.org\/{rel}","templated":true}]}}