{"id":3305,"date":"2023-11-10T09:08:50","date_gmt":"2023-11-10T07:08:50","guid":{"rendered":"https:\/\/trogemedical.de\/?post_type=product&#038;p=3305"},"modified":"2023-11-14T22:59:35","modified_gmt":"2023-11-14T20:59:35","slug":"tro-centrakit-1-2-3-cvc","status":"publish","type":"product","link":"https:\/\/www.trogemedical.de\/de\/produkt\/tro-centrakit-1-2-3-cvc","title":{"rendered":"TRO-CENTRAKIT-1, -2, -3 CVC"},"content":{"rendered":"<div class=\"ewa-rteLine\">TRO-CENTRAKIT CVC ist steril, pyrogenfrei, atoxisch und mit den folgenden Komponenten ausgestattet:<\/div>\n<ul>\n<li class=\"ewa-rteLine\">r\u00f6ntgenkontrastf\u00e4higer Verweil-\nkatheter mit weicher Spitze, Verl\u00e4ngerungsleitung, Schlauchklemme und farbigem Luer-Ansatz<\/li>\n<li class=\"ewa-rteLine\">Einf\u00fchrkan\u00fcle 18G (L\u00e4nge 63,5\u00a0mm) \/ 20G (L\u00e4nge 38 mm) mit Schutzkappe<\/li>\n<li class=\"ewa-rteLine\">markierter F\u00fchrungsdraht im Spender, mit J-Spitze an einem Ende und gerade Spitze am anderen<\/li>\n<li class=\"ewa-rteLine\">5 ml Luer Lock Spritze<\/li>\n<li class=\"ewa-rteLine\">Gef\u00e4\u00dfdilatator 4 FG x 60 mm \/ 5\u00a0FG x 70 mm \/ 6 FG x 80 mm \/ 7 FG x 80 mm \/ 8 FG x 100 mm<\/li>\n<li class=\"ewa-rteLine\">Katheterhalter mit Katheter-halterklemme<\/li>\n<li class=\"ewa-rteLine\">Skalpellklinge<\/li>\n<\/ul>","protected":false},"excerpt":{"rendered":"<p>TRO-CENTRAKIT CVC is sterile, non-pyrogenic and atoxic and provided with the following components: indwelling radio-opaque catheter with soft tip, extension line, tube clamp and coloured female luer hub introducer needle 18G (length 63.5 mm) \/ 20G (length 38 mm) with protective cap marked guide wire with dispenser, J-tip on one side and straight tip on [&hellip;]<\/p>","protected":false},"featured_media":3335,"template":"","meta":{"_acf_changed":false},"product_brand":[],"product_cat":[38],"product_tag":[],"class_list":{"0":"post-3305","1":"product","2":"type-product","3":"status-publish","4":"has-post-thumbnail","6":"product_cat-infusion-therapy","8":"first","9":"instock","10":"shipping-taxable","11":"product-type-simple"},"acf":[],"_links":{"self":[{"href":"https:\/\/www.trogemedical.de\/de\/wp-json\/wp\/v2\/product\/3305","targetHints":{"allow":["GET"]}}],"collection":[{"href":"https:\/\/www.trogemedical.de\/de\/wp-json\/wp\/v2\/product"}],"about":[{"href":"https:\/\/www.trogemedical.de\/de\/wp-json\/wp\/v2\/types\/product"}],"wp:featuredmedia":[{"embeddable":true,"href":"https:\/\/www.trogemedical.de\/de\/wp-json\/wp\/v2\/media\/3335"}],"wp:attachment":[{"href":"https:\/\/www.trogemedical.de\/de\/wp-json\/wp\/v2\/media?parent=3305"}],"wp:term":[{"taxonomy":"product_brand","embeddable":true,"href":"https:\/\/www.trogemedical.de\/de\/wp-json\/wp\/v2\/product_brand?post=3305"},{"taxonomy":"product_cat","embeddable":true,"href":"https:\/\/www.trogemedical.de\/de\/wp-json\/wp\/v2\/product_cat?post=3305"},{"taxonomy":"product_tag","embeddable":true,"href":"https:\/\/www.trogemedical.de\/de\/wp-json\/wp\/v2\/product_tag?post=3305"}],"curies":[{"name":"wp","href":"https:\/\/api.w.org\/{rel}","templated":true}]}}