{"id":3304,"date":"2023-11-10T09:08:50","date_gmt":"2023-11-10T07:08:50","guid":{"rendered":"https:\/\/trogemedical.de\/?post_type=product&#038;p=3304"},"modified":"2024-01-10T14:47:40","modified_gmt":"2024-01-10T12:47:40","slug":"tro-venolock-plus","status":"publish","type":"product","link":"https:\/\/www.trogemedical.de\/de\/produkt\/tro-venolock-plus","title":{"rendered":"TRO-VENOLOCK plus"},"content":{"rendered":"<p>TRO-VENOLOCK plus ist steril, pyrogenfrei und atoxisch. Die glatte Oberfl\u00e4che und Elastizit\u00e4t erm\u00f6glichen leichtes Einf\u00fchren in den intravaskul\u00e4ren \nKatheter und seine optimale Pass-genauigkeit gew\u00e4hrleistet sicheres Verschlie\u00dfen des Katheterlumens. Der Mandrin besteht aus einem Luer Lock Ansatz und stabilisiert den Katheter \u00fcber Nacht. Die Gr\u00f6\u00dfen sind dem \ninternationalen Farbcodesystem f\u00fcr Venenverweilkan\u00fclen entsprechend gekennzeichnet und stimmen zu 100% mit unseren TRO-VENOCATH Venenverweilkan\u00fclen in Gr\u00f6\u00dfe und Farbe \u00fcberein<\/p>","protected":false},"excerpt":{"rendered":"<p>TRO-VENOLOCK plus is sterile, non-pyrogenic and atoxic. The smooth surface and the elasticity of the material guarantee easy insertion into the intravascular catheter and its optimal fitting accuracy ensures safe sealing of the catheter lumen. The obturator consists of a luer lock closure and stabilizes the catheter during night rest. The sizes are marked according [&hellip;]<\/p>","protected":false},"featured_media":9419,"template":"","meta":{"_acf_changed":false},"product_brand":[],"product_cat":[38],"product_tag":[],"class_list":{"0":"post-3304","1":"product","2":"type-product","3":"status-publish","4":"has-post-thumbnail","6":"product_cat-infusion-therapy","8":"first","9":"instock","10":"shipping-taxable","11":"product-type-simple"},"acf":[],"_links":{"self":[{"href":"https:\/\/www.trogemedical.de\/de\/wp-json\/wp\/v2\/product\/3304","targetHints":{"allow":["GET"]}}],"collection":[{"href":"https:\/\/www.trogemedical.de\/de\/wp-json\/wp\/v2\/product"}],"about":[{"href":"https:\/\/www.trogemedical.de\/de\/wp-json\/wp\/v2\/types\/product"}],"wp:featuredmedia":[{"embeddable":true,"href":"https:\/\/www.trogemedical.de\/de\/wp-json\/wp\/v2\/media\/9419"}],"wp:attachment":[{"href":"https:\/\/www.trogemedical.de\/de\/wp-json\/wp\/v2\/media?parent=3304"}],"wp:term":[{"taxonomy":"product_brand","embeddable":true,"href":"https:\/\/www.trogemedical.de\/de\/wp-json\/wp\/v2\/product_brand?post=3304"},{"taxonomy":"product_cat","embeddable":true,"href":"https:\/\/www.trogemedical.de\/de\/wp-json\/wp\/v2\/product_cat?post=3304"},{"taxonomy":"product_tag","embeddable":true,"href":"https:\/\/www.trogemedical.de\/de\/wp-json\/wp\/v2\/product_tag?post=3304"}],"curies":[{"name":"wp","href":"https:\/\/api.w.org\/{rel}","templated":true}]}}