{"id":3303,"date":"2023-11-10T09:08:50","date_gmt":"2023-11-10T07:08:50","guid":{"rendered":"https:\/\/trogemedical.de\/?post_type=product&#038;p=3303"},"modified":"2023-12-12T13:24:38","modified_gmt":"2023-12-12T11:24:38","slug":"tro-extensor-lp-hp","status":"publish","type":"product","link":"https:\/\/www.trogemedical.de\/de\/produkt\/tro-extensor-lp-hp","title":{"rendered":"TRO-EXTENSOR Lp \/\u2008Hp"},"content":{"rendered":"<p>TRO-EXTENSOR Lp ist steril und aus DEHP-freiem PVC gefertigt. Es besteht aus einem flexiblem, knickresistenten Schlauch, der in verschiedenen L\u00e4ngen erh\u00e4ltlich ist und einem m\u00e4nnlichen Luer Lock Anschluss auf der einen, sowie einem weiblichen Luer Lock Anschluss auf der anderen Seite, die die sichere Verbindung von Infusionsquelle und Patient gew\u00e4hrleisten. Es h\u00e4lt einer Druckbelastung von bis zu 4,5 bar stand und ist daher nur zur Verwendung f\u00fcr Schwerkraftinfusionen vorgesehen. Auch erh\u00e4ltlich als TRO-\nEXTENSOR Hp mit einem Druckwiderstand von bis zu 55 bar und geeignet zur Verwendung in Verbindung mit Infusionspumpen.<\/p>","protected":false},"excerpt":{"rendered":"<p>TRO-EXTENSOR Lp is sterile and made of DEHP-free PVC. It consists of a flexible and kink-resistant tube available in different lengths, a male Luer Lock on one side and a female Luer Lock on the other side to guarantee safe connection of the source of infusion and the patient. It can stand a pressure of [&hellip;]<\/p>","protected":false},"featured_media":6037,"template":"","meta":{"_acf_changed":false},"product_brand":[],"product_cat":[38],"product_tag":[],"class_list":{"0":"post-3303","1":"product","2":"type-product","3":"status-publish","4":"has-post-thumbnail","6":"product_cat-infusion-therapy","8":"first","9":"instock","10":"shipping-taxable","11":"product-type-simple"},"acf":[],"_links":{"self":[{"href":"https:\/\/www.trogemedical.de\/de\/wp-json\/wp\/v2\/product\/3303","targetHints":{"allow":["GET"]}}],"collection":[{"href":"https:\/\/www.trogemedical.de\/de\/wp-json\/wp\/v2\/product"}],"about":[{"href":"https:\/\/www.trogemedical.de\/de\/wp-json\/wp\/v2\/types\/product"}],"wp:featuredmedia":[{"embeddable":true,"href":"https:\/\/www.trogemedical.de\/de\/wp-json\/wp\/v2\/media\/6037"}],"wp:attachment":[{"href":"https:\/\/www.trogemedical.de\/de\/wp-json\/wp\/v2\/media?parent=3303"}],"wp:term":[{"taxonomy":"product_brand","embeddable":true,"href":"https:\/\/www.trogemedical.de\/de\/wp-json\/wp\/v2\/product_brand?post=3303"},{"taxonomy":"product_cat","embeddable":true,"href":"https:\/\/www.trogemedical.de\/de\/wp-json\/wp\/v2\/product_cat?post=3303"},{"taxonomy":"product_tag","embeddable":true,"href":"https:\/\/www.trogemedical.de\/de\/wp-json\/wp\/v2\/product_tag?post=3303"}],"curies":[{"name":"wp","href":"https:\/\/api.w.org\/{rel}","templated":true}]}}