{"id":3302,"date":"2023-11-10T09:08:49","date_gmt":"2023-11-10T07:08:49","guid":{"rendered":"https:\/\/trogemedical.de\/?post_type=product&#038;p=3302"},"modified":"2026-01-15T10:04:37","modified_gmt":"2026-01-15T08:04:37","slug":"tro-venoflow-3-with-extensor","status":"publish","type":"product","link":"https:\/\/www.trogemedical.de\/de\/produkt\/tro-venoflow-3-with-extensor","title":{"rendered":"TRO-VENOFLOW 3 with extensor"},"content":{"rendered":"<div class=\"ewa-rteLine\">Der Dreiwegehahn TRO-VENOFLOW 3 with extensor sorgt f\u00fcr ein zeitsparendes Arbeiten, da er stufenlos um 360\u00b0 gedreht werden kann. Die auf dem Hahn gekennzeichneten Pfeile zeigen die Flie\u00dfrichtung an und reduzieren dadurch Fehler bei der Gabe von mehreren Medikamenten\u00a0\/ Infusionen.<\/div>\n<div class=\"ewa-rteLine\">Da TRO-VENOFLOW 3 with extensor bis zu 2 bar druckbest\u00e4ndig ist, ist eine saubere Verabreichung der L\u00f6sungen ohne Verluste gew\u00e4hrleistet, was f\u00fcr den Patienten und f\u00fcr den Anwender die Sicherheit deutlich erh\u00f6ht.<\/div>\n<p>Auch verf\u00fcgbar mit einem 3-Wege  Hahn, der einen bei 45\u00b0 einrastendem Klickmechanismus besitzt.<\/p>","protected":false},"excerpt":{"rendered":"<p>The three-way stop cock, TRO-VENOFLOW 3 with extensor, allows users to work effectively owning to its ability to be continuously rotated 360\u00b0. The indicator arrows on the valves show the direction of flow, reducing the possibility of error when administrating several medications \/ infusions. The TRO-VENOFLOW 3 with extensor ensures clean administration of solutions without [&hellip;]<\/p>","protected":false},"featured_media":3332,"template":"","meta":{"_acf_changed":false},"product_brand":[],"product_cat":[38],"product_tag":[],"class_list":{"0":"post-3302","1":"product","2":"type-product","3":"status-publish","4":"has-post-thumbnail","6":"product_cat-infusion-therapy","8":"first","9":"instock","10":"shipping-taxable","11":"product-type-simple"},"acf":[],"_links":{"self":[{"href":"https:\/\/www.trogemedical.de\/de\/wp-json\/wp\/v2\/product\/3302","targetHints":{"allow":["GET"]}}],"collection":[{"href":"https:\/\/www.trogemedical.de\/de\/wp-json\/wp\/v2\/product"}],"about":[{"href":"https:\/\/www.trogemedical.de\/de\/wp-json\/wp\/v2\/types\/product"}],"wp:featuredmedia":[{"embeddable":true,"href":"https:\/\/www.trogemedical.de\/de\/wp-json\/wp\/v2\/media\/3332"}],"wp:attachment":[{"href":"https:\/\/www.trogemedical.de\/de\/wp-json\/wp\/v2\/media?parent=3302"}],"wp:term":[{"taxonomy":"product_brand","embeddable":true,"href":"https:\/\/www.trogemedical.de\/de\/wp-json\/wp\/v2\/product_brand?post=3302"},{"taxonomy":"product_cat","embeddable":true,"href":"https:\/\/www.trogemedical.de\/de\/wp-json\/wp\/v2\/product_cat?post=3302"},{"taxonomy":"product_tag","embeddable":true,"href":"https:\/\/www.trogemedical.de\/de\/wp-json\/wp\/v2\/product_tag?post=3302"}],"curies":[{"name":"wp","href":"https:\/\/api.w.org\/{rel}","templated":true}]}}