{"id":3300,"date":"2023-11-10T09:08:49","date_gmt":"2023-11-10T07:08:49","guid":{"rendered":"https:\/\/trogemedical.de\/?post_type=product&#038;p=3300"},"modified":"2025-01-13T15:01:40","modified_gmt":"2025-01-13T13:01:40","slug":"trojector-3-flush","status":"publish","type":"product","link":"https:\/\/www.trogemedical.de\/de\/produkt\/trojector-3-flush","title":{"rendered":"TROJECTOR-3 flush"},"content":{"rendered":"<p>Die 3-teilige Spritze TROJECTOR-3 flush ist steril, pyrogenfrei und mit einer 0,9% Kochsalzl\u00f6sung gef\u00fcllt. Die Spritze verf\u00fcgt \u00fcber einen Luer Lock Anschluss und ist in verschiedenen Gr\u00f6\u00dfen erh\u00e4ltlich. Alle Gr\u00f6\u00dfen sind mit einem einheitlichen 10 ml Spritzendurchmesser ausgestattet. Das Produkt ist sowohl als einmal sterile (TROJECTOR-3 flush mono), als auch als doppelt sterile Version (TROJECTOR-3 flush duo) erh\u00e4ltlich und ist DEHP-, PVC- und Latexfrei.<\/p>","protected":false},"excerpt":{"rendered":"<p>The 3-piece TROJECTOR-3 flush syringe is sterile, non-pyrogenic and filled with a 0.9% saline solution. The syringe has a Luer Lock connection and is available in different sizes. All sizes are equipped with a consistent 10 ml syringe diameter. The product is available as single sterile (TROJECTOR-3 flush mono) and double sterile version (TROJECTOR-3 flush [&hellip;]<\/p>","protected":false},"featured_media":9531,"template":"","meta":{"_acf_changed":false},"product_brand":[],"product_cat":[26,38],"product_tag":[],"class_list":{"0":"post-3300","1":"product","2":"type-product","3":"status-publish","4":"has-post-thumbnail","6":"product_cat-syringes-needles","7":"product_cat-infusion-therapy","9":"first","10":"instock","11":"shipping-taxable","12":"product-type-simple"},"acf":[],"_links":{"self":[{"href":"https:\/\/www.trogemedical.de\/de\/wp-json\/wp\/v2\/product\/3300","targetHints":{"allow":["GET"]}}],"collection":[{"href":"https:\/\/www.trogemedical.de\/de\/wp-json\/wp\/v2\/product"}],"about":[{"href":"https:\/\/www.trogemedical.de\/de\/wp-json\/wp\/v2\/types\/product"}],"wp:featuredmedia":[{"embeddable":true,"href":"https:\/\/www.trogemedical.de\/de\/wp-json\/wp\/v2\/media\/9531"}],"wp:attachment":[{"href":"https:\/\/www.trogemedical.de\/de\/wp-json\/wp\/v2\/media?parent=3300"}],"wp:term":[{"taxonomy":"product_brand","embeddable":true,"href":"https:\/\/www.trogemedical.de\/de\/wp-json\/wp\/v2\/product_brand?post=3300"},{"taxonomy":"product_cat","embeddable":true,"href":"https:\/\/www.trogemedical.de\/de\/wp-json\/wp\/v2\/product_cat?post=3300"},{"taxonomy":"product_tag","embeddable":true,"href":"https:\/\/www.trogemedical.de\/de\/wp-json\/wp\/v2\/product_tag?post=3300"}],"curies":[{"name":"wp","href":"https:\/\/api.w.org\/{rel}","templated":true}]}}