{"id":3297,"date":"2023-11-10T09:08:49","date_gmt":"2023-11-10T07:08:49","guid":{"rendered":"https:\/\/trogemedical.de\/?post_type=product&#038;p=3297"},"modified":"2024-01-10T16:35:44","modified_gmt":"2024-01-10T14:35:44","slug":"tro-venoset-2","status":"publish","type":"product","link":"https:\/\/www.trogemedical.de\/de\/produkt\/tro-venoset-2","title":{"rendered":"TRO-VENOSET safety"},"content":{"rendered":"<p>TRO-VENOSET safety ist steril, pyrogenfrei und atoxisch. Die kurze, atraumatisch geschliffene Nadel kann mit Hilfe der zwei beweglichen, farbcodierten Fl\u00fcgel einfach und sicher auf der Haut fixiert werden, so dass \u00fcber den d\u00fcnnen, flexiblen Verbindungsschlauch eine schmerz-freie Injektion aus jeder beliebigen Richtung m\u00f6glich ist. Zus\u00e4tzlich verf\u00fcgt es \u00fcber einen Sicherheits\u00admechanismus mit integrierter Sicher\u00adheits\u00adkappe, der nach Gebrauch einfach zu aktivieren ist und unbeabsichtigte Nadelstichverletzungen des Anwenders und anderer Personen verhindert und damit das Risiko einer Infektion mit HIV, Hepatitis oder anderen \u00fcbertragbaren Krankheiten senkt.<\/p>","protected":false},"excerpt":{"rendered":"<p>TRO-VENOSET safety is sterile, non-pyrogenic and atoxic. The short, atraumatic needle can be easily and safely affixed to the skin with its two movable, colour coded butterfly wings, so that injections can be given through the fine, flexible connection tube from any suitable direction without pain. It additionally consists of a safety mechanism with integratedsafety [&hellip;]<\/p>","protected":false},"featured_media":9465,"template":"","meta":{"_acf_changed":false},"product_brand":[],"product_cat":[38],"product_tag":[],"class_list":{"0":"post-3297","1":"product","2":"type-product","3":"status-publish","4":"has-post-thumbnail","6":"product_cat-infusion-therapy","8":"first","9":"instock","10":"shipping-taxable","11":"product-type-simple"},"acf":[],"_links":{"self":[{"href":"https:\/\/www.trogemedical.de\/de\/wp-json\/wp\/v2\/product\/3297","targetHints":{"allow":["GET"]}}],"collection":[{"href":"https:\/\/www.trogemedical.de\/de\/wp-json\/wp\/v2\/product"}],"about":[{"href":"https:\/\/www.trogemedical.de\/de\/wp-json\/wp\/v2\/types\/product"}],"wp:featuredmedia":[{"embeddable":true,"href":"https:\/\/www.trogemedical.de\/de\/wp-json\/wp\/v2\/media\/9465"}],"wp:attachment":[{"href":"https:\/\/www.trogemedical.de\/de\/wp-json\/wp\/v2\/media?parent=3297"}],"wp:term":[{"taxonomy":"product_brand","embeddable":true,"href":"https:\/\/www.trogemedical.de\/de\/wp-json\/wp\/v2\/product_brand?post=3297"},{"taxonomy":"product_cat","embeddable":true,"href":"https:\/\/www.trogemedical.de\/de\/wp-json\/wp\/v2\/product_cat?post=3297"},{"taxonomy":"product_tag","embeddable":true,"href":"https:\/\/www.trogemedical.de\/de\/wp-json\/wp\/v2\/product_tag?post=3297"}],"curies":[{"name":"wp","href":"https:\/\/api.w.org\/{rel}","templated":true}]}}