{"id":3296,"date":"2023-11-10T09:08:49","date_gmt":"2023-11-10T07:08:49","guid":{"rendered":"https:\/\/trogemedical.de\/?post_type=product&#038;p=3296"},"modified":"2024-01-10T16:15:00","modified_gmt":"2024-01-10T14:15:00","slug":"tro-venoset","status":"publish","type":"product","link":"https:\/\/www.trogemedical.de\/de\/produkt\/tro-venoset","title":{"rendered":"TRO-VENOSET"},"content":{"rendered":"<p>Die kurze, atraumatisch geschliffene Nadel kann mit Hilfe der zwei beweglichen, farbcodierten Fl\u00fcgel einfach und sicher auf der Haut fixiert werden, so dass \u00fcber den d\u00fcnnen, flexiblen Verbindungsschlauch eine schmerzfreie Injektion aus jeder beliebigen Richtung m\u00f6glich ist. TRO-VENOSET ist steril, pyrogenfrei und atoxisch. Es bietet die M\u00f6glichkeit einer wiederholten Gabe von Medikamenten oder Blutentnahme mit nur einer Punktion.<\/p>\n<p>Siehe auch unser Sicherheits-Perfusionsset:<br \/>\n<a href=\"https:\/\/www.trogemedical.de\/de\/produkt\/tro-venoset-2\/\">TRO-VENOSET safety<\/a><\/p>","protected":false},"excerpt":{"rendered":"<p>The short, atraumatic needle can be easily and safely affixed to the skin with its two movable, colour coded butterfly wings, so that injections can be given through the fine, flexible connection tube from any suitable direction without pain. TRO-VENOSET is sterile, non-pyrogenic and atoxic, offering the possibility of repeated administration of medication or withdrawal [&hellip;]<\/p>","protected":false},"featured_media":3326,"template":"","meta":{"_acf_changed":false},"product_brand":[],"product_cat":[38],"product_tag":[],"class_list":{"0":"post-3296","1":"product","2":"type-product","3":"status-publish","4":"has-post-thumbnail","6":"product_cat-infusion-therapy","8":"first","9":"instock","10":"shipping-taxable","11":"product-type-simple"},"acf":[],"_links":{"self":[{"href":"https:\/\/www.trogemedical.de\/de\/wp-json\/wp\/v2\/product\/3296","targetHints":{"allow":["GET"]}}],"collection":[{"href":"https:\/\/www.trogemedical.de\/de\/wp-json\/wp\/v2\/product"}],"about":[{"href":"https:\/\/www.trogemedical.de\/de\/wp-json\/wp\/v2\/types\/product"}],"wp:featuredmedia":[{"embeddable":true,"href":"https:\/\/www.trogemedical.de\/de\/wp-json\/wp\/v2\/media\/3326"}],"wp:attachment":[{"href":"https:\/\/www.trogemedical.de\/de\/wp-json\/wp\/v2\/media?parent=3296"}],"wp:term":[{"taxonomy":"product_brand","embeddable":true,"href":"https:\/\/www.trogemedical.de\/de\/wp-json\/wp\/v2\/product_brand?post=3296"},{"taxonomy":"product_cat","embeddable":true,"href":"https:\/\/www.trogemedical.de\/de\/wp-json\/wp\/v2\/product_cat?post=3296"},{"taxonomy":"product_tag","embeddable":true,"href":"https:\/\/www.trogemedical.de\/de\/wp-json\/wp\/v2\/product_tag?post=3296"}],"curies":[{"name":"wp","href":"https:\/\/api.w.org\/{rel}","templated":true}]}}