{"id":12969,"date":"2024-03-19T15:26:46","date_gmt":"2024-03-19T13:26:46","guid":{"rendered":"https:\/\/www.trogemedical.de\/?post_type=product&#038;p=12969"},"modified":"2024-05-30T10:00:37","modified_gmt":"2024-05-30T08:00:37","slug":"tro-soluset-autostop-2","status":"publish","type":"product","link":"https:\/\/www.trogemedical.de\/de\/produkt\/tro-soluset-autostop-2","title":{"rendered":"TRO-SOLUSET autostop"},"content":{"rendered":"<div class=\"ewa-rteLine\">\n<div class=\"feature text-left feature\">\n<p class=\"p1\">VORTEILE von Infusionsbestecke mit AUTOSTOP<\/p>\n<p class=\"p1\">Unsere neueste innovative Funktion sorgt f\u00fcr zus\u00e4tzliche Sicherheit und eliminiert das Risiko von Luftembolien bei Patienten, die Infusionen erhalten, indem sie verhindert, dass Luft durch den AUTOSTOP-Filter gelangt.<\/p>\n<ul>\n<li class=\"p1\">Der speziell entwickelte AUTOSTOP-Filter (15 Mikron) verhindert das Eindringen von Luft in die Leitung, wenn die Infusionsflasche leer ist.<\/li>\n<li class=\"p1\">Der AUTOSTOP-Filter h\u00e4lt ein konstantes Fl\u00fcssigkeitslevel aufrecht. Es kann keine Luft in den Patienten eindringen, wodurch das Risiko einer Luftembolie ausgeschlossen wird.<\/li>\n<\/ul>\n<p>&nbsp;<\/p>\n<p class=\"p1\"><strong>Funktionen<\/strong><\/p>\n<ul>\n<li>Der spezielle Ansaugfilter sorgt daf\u00fcr, dass sich die Leitung automatisch f\u00fcllt (auto prime) und somit ein geschlossenes System bis zum Anschluss aufrechterhalten wird.<\/li>\n<li>Hilft bei der Verhinderung von nosokomiale Infektionen (\u201ehealthcare-associated infections\u201c, kurz HAI).<\/li>\n<li>Kein unsch\u00f6nes Versch\u00fctten von Infusionsfl\u00fcssigkeit auf H\u00e4nde, Boden und Bettzeug mehr, au\u00dferdem wird die Verschwendung von Infusionsfl\u00fcssigkeit verringert.<\/li>\n<li>Sichere Entsorgung des Einstechdorns: Andockm\u00f6glichkeit f\u00fcr den Einstechdorn zur sicheren Entsorgung.<\/li>\n<li>Roller Body<br \/>\nRollenklemme: Speziell entwickelte Rollenklemme mit gleichm\u00e4\u00dfiger oder leichtg\u00e4ngiger Handhabung und pr\u00e4ziser Durchflussregelung, au\u00dferdem kann die Leitung nach dem Entl\u00fcften f\u00fcr Stand-by Eingriffe bereitgehalten werden.<\/li>\n<li>PVC-freie, flexible Tropfkammer f\u00fcr einfaches und schnelles bef\u00fcllen (Tropfrate 20 Tropfen\/ml)<\/li>\n<li>DEHP-freie Infusionslinie mit phthalatfreien Weichmachern der neuen Generation, reduziert die phthalatbedingte Toxizit\u00e4t und gew\u00e4hrleistet die Sicherheit der Patienten<\/li>\n<li>Universell geeignet f\u00fcr Schwerkraftinfusionen sowie f\u00fcr Druckinfusionen bis zu 2 bar<\/li>\n<\/ul>\n<\/div>\n<\/div>","protected":false},"excerpt":{"rendered":"<p>ADVANTAGES of infusion sets with AUTOSTOP Our latest innovative feature adds extra safety and eliminates the risk of air embolism in patients receiving infusions by preventing air from passing through the AUTOSTOP filter. Specially engineered AUTOSTOP filter (15 micron) prevents the entry of air in the line when the IV bottle is empty. AUTOSTOP filter [&hellip;]<\/p>","protected":false},"featured_media":12947,"template":"","meta":{"_acf_changed":false},"product_brand":[],"product_cat":[38],"product_tag":[],"class_list":{"0":"post-12969","1":"product","2":"type-product","3":"status-publish","4":"has-post-thumbnail","6":"product_cat-infusion-therapy","8":"first","9":"instock","10":"shipping-taxable","11":"product-type-simple"},"acf":[],"_links":{"self":[{"href":"https:\/\/www.trogemedical.de\/de\/wp-json\/wp\/v2\/product\/12969","targetHints":{"allow":["GET"]}}],"collection":[{"href":"https:\/\/www.trogemedical.de\/de\/wp-json\/wp\/v2\/product"}],"about":[{"href":"https:\/\/www.trogemedical.de\/de\/wp-json\/wp\/v2\/types\/product"}],"wp:featuredmedia":[{"embeddable":true,"href":"https:\/\/www.trogemedical.de\/de\/wp-json\/wp\/v2\/media\/12947"}],"wp:attachment":[{"href":"https:\/\/www.trogemedical.de\/de\/wp-json\/wp\/v2\/media?parent=12969"}],"wp:term":[{"taxonomy":"product_brand","embeddable":true,"href":"https:\/\/www.trogemedical.de\/de\/wp-json\/wp\/v2\/product_brand?post=12969"},{"taxonomy":"product_cat","embeddable":true,"href":"https:\/\/www.trogemedical.de\/de\/wp-json\/wp\/v2\/product_cat?post=12969"},{"taxonomy":"product_tag","embeddable":true,"href":"https:\/\/www.trogemedical.de\/de\/wp-json\/wp\/v2\/product_tag?post=12969"}],"curies":[{"name":"wp","href":"https:\/\/api.w.org\/{rel}","templated":true}]}}