{"id":9372,"date":"2024-01-10T11:15:07","date_gmt":"2024-01-10T09:15:07","guid":{"rendered":"https:\/\/trogemedical.de\/?page_id=9372"},"modified":"2025-01-20T17:27:05","modified_gmt":"2025-01-20T15:27:05","slug":"career-de","status":"publish","type":"page","link":"https:\/\/www.trogemedical.de\/de\/karriere","title":{"rendered":"Career DE"},"content":{"rendered":"<div data-elementor-type=\"wp-page\" data-elementor-id=\"9372\" class=\"elementor elementor-9372\" data-elementor-post-type=\"page\">\n\t\t\t\t<div class=\"elementor-element elementor-element-1cbc85a e-con-full e-flex e-con e-parent\" data-id=\"1cbc85a\" data-element_type=\"container\" data-settings=\"{&quot;background_background&quot;:&quot;classic&quot;}\">\n\t\t\t\t<div class=\"elementor-element elementor-element-f7e52bd elementor-widget__width-initial elementor-widget elementor-widget-text-editor\" data-id=\"f7e52bd\" data-element_type=\"widget\" data-widget_type=\"text-editor.default\">\n\t\t\t\t<div class=\"elementor-widget-container\">\n\t\t\t\t\t\t\t\t\t<p style=\"text-align: center;\"><a style=\"color: white;\" href=\"https:\/\/www.trogemedical.de\/de\">Home<\/a> &gt; Karriere<\/p>\t\t\t\t\t\t\t\t<\/div>\n\t\t\t\t<\/div>\n\t\t\t\t<div class=\"elementor-element elementor-element-90b9474 elementor-widget__width-auto elementor-widget elementor-widget-heading\" data-id=\"90b9474\" data-element_type=\"widget\" data-widget_type=\"heading.default\">\n\t\t\t\t<div class=\"elementor-widget-container\">\n\t\t\t\t\t<h1 class=\"elementor-heading-title elementor-size-default\">WIR BRAUCHEN DICH!<\/h1>\t\t\t\t<\/div>\n\t\t\t\t<\/div>\n\t\t\t\t<\/div>\n\t\t<div class=\"elementor-element elementor-element-1c9d989 e-flex e-con-boxed e-con e-parent\" data-id=\"1c9d989\" data-element_type=\"container\" data-settings=\"{&quot;background_background&quot;:&quot;classic&quot;}\">\n\t\t\t\t\t<div class=\"e-con-inner\">\n\t\t<div class=\"elementor-element elementor-element-cc16a75 e-con-full e-flex e-con e-child\" data-id=\"cc16a75\" data-element_type=\"container\" data-settings=\"{&quot;background_background&quot;:&quot;classic&quot;}\">\n\t\t\t\t<div class=\"elementor-element elementor-element-9fabcb3 elementor-view-default elementor-widget elementor-widget-icon\" data-id=\"9fabcb3\" data-element_type=\"widget\" data-widget_type=\"icon.default\">\n\t\t\t\t<div class=\"elementor-widget-container\">\n\t\t\t\t\t\t\t<div class=\"elementor-icon-wrapper\">\n\t\t\t<div class=\"elementor-icon\">\n\t\t\t<i aria-hidden=\"true\" class=\"fas fa-map-marker-alt\"><\/i>\t\t\t<\/div>\n\t\t<\/div>\n\t\t\t\t\t\t<\/div>\n\t\t\t\t<\/div>\n\t\t\t\t<div class=\"elementor-element elementor-element-8b11dff title-centred elementor-widget elementor-widget-heading\" data-id=\"8b11dff\" data-element_type=\"widget\" data-widget_type=\"heading.default\">\n\t\t\t\t<div class=\"elementor-widget-container\">\n\t\t\t\t\t<h4 class=\"elementor-heading-title elementor-size-default\">Tolle Location im\nHerzen von Hamburg\nnahe der Alster<\/h4>\t\t\t\t<\/div>\n\t\t\t\t<\/div>\n\t\t\t\t<\/div>\n\t\t<div class=\"elementor-element elementor-element-87cf1e5 e-con-full e-flex e-con e-child\" data-id=\"87cf1e5\" data-element_type=\"container\" data-settings=\"{&quot;background_background&quot;:&quot;classic&quot;}\">\n\t\t\t\t<div class=\"elementor-element elementor-element-7d1e53b elementor-view-default elementor-widget elementor-widget-icon\" data-id=\"7d1e53b\" data-element_type=\"widget\" data-widget_type=\"icon.default\">\n\t\t\t\t<div class=\"elementor-widget-container\">\n\t\t\t\t\t\t\t<div class=\"elementor-icon-wrapper\">\n\t\t\t<div class=\"elementor-icon\">\n\t\t\t<i aria-hidden=\"true\" class=\"fas fa-star\"><\/i>\t\t\t<\/div>\n\t\t<\/div>\n\t\t\t\t\t\t<\/div>\n\t\t\t\t<\/div>\n\t\t\t\t<div class=\"elementor-element elementor-element-dc9f0c7 title-centred elementor-widget elementor-widget-heading\" data-id=\"dc9f0c7\" data-element_type=\"widget\" data-widget_type=\"heading.default\">\n\t\t\t\t<div class=\"elementor-widget-container\">\n\t\t\t\t\t<h4 class=\"elementor-heading-title elementor-size-default\">Attraktive Extras\u2026<\/h4>\t\t\t\t<\/div>\n\t\t\t\t<\/div>\n\t\t\t\t<\/div>\n\t\t\t\t\t<\/div>\n\t\t\t\t<\/div>\n\t\t<div class=\"elementor-element elementor-element-ba9a7d3 e-flex e-con-boxed e-con e-parent\" data-id=\"ba9a7d3\" data-element_type=\"container\" data-settings=\"{&quot;background_background&quot;:&quot;classic&quot;}\">\n\t\t\t\t\t<div class=\"e-con-inner\">\n\t\t<div class=\"elementor-element elementor-element-d0e733a e-con-full e-flex e-con e-child\" data-id=\"d0e733a\" data-element_type=\"container\">\n\t\t<div class=\"elementor-element elementor-element-937628b e-con-full e-flex e-con e-child\" data-id=\"937628b\" data-element_type=\"container\">\n\t\t\t\t<div class=\"elementor-element elementor-element-fb084fa subtitle elementor-widget elementor-widget-heading\" data-id=\"fb084fa\" data-element_type=\"widget\" data-widget_type=\"heading.default\">\n\t\t\t\t<div class=\"elementor-widget-container\">\n\t\t\t\t\t<span class=\"elementor-heading-title elementor-size-default\">GLOBAL UND LOKAL<\/span>\t\t\t\t<\/div>\n\t\t\t\t<\/div>\n\t\t\t\t<div class=\"elementor-element elementor-element-f4fddf3 elementor-widget elementor-widget-heading\" data-id=\"f4fddf3\" data-element_type=\"widget\" data-widget_type=\"heading.default\">\n\t\t\t\t<div class=\"elementor-widget-container\">\n\t\t\t\t\t<h2 class=\"elementor-heading-title elementor-size-default\">Werde Teil der Troge Familie<\/h2>\t\t\t\t<\/div>\n\t\t\t\t<\/div>\n\t\t\t\t<div class=\"elementor-element elementor-element-de41c5a elementor-widget__width-initial text-common elementor-widget elementor-widget-text-editor\" data-id=\"de41c5a\" data-element_type=\"widget\" data-widget_type=\"text-editor.default\">\n\t\t\t\t<div class=\"elementor-widget-container\">\n\t\t\t\t\t\t\t\t\t<p>Herzlich Willkommen bei Troge Medical GmbH! Wir sind eine mittelst\u00e4ndische Firma in der Hafenstadt Hamburg, mit toller Location an der sch\u00f6nen Au\u00dfenalster. Mit gro\u00dfem Herz, umfangreichen Know-How und MitarbeiterInnen die unsere Vielfalt gut darstellen, sind wir schon seit 35 Jahren weltweit erfolgreich als Hersteller von Qualit\u00e4tsprodukten im Medizinbereich. Wir freuen uns dich kennen zu lernen.<\/p><p>Da wir jung\/alt, international und auch richtige Hamburger sind, profitierst du von einer gro\u00dfen Vielfalt an unterschiedlichsten Erfahrungen und Kompetenzen. Wir glauben, dass Teamwork und Spa\u00df am Arbeiten ein wichtiger Bestandteil unseres Erfolgs ist. Werde Teil der Troge Familie.<\/p>\t\t\t\t\t\t\t\t<\/div>\n\t\t\t\t<\/div>\n\t\t\t\t<div class=\"elementor-element elementor-element-98fc556 elementor-align-center classic-button elementor-widget elementor-widget-button\" data-id=\"98fc556\" data-element_type=\"widget\" data-widget_type=\"button.default\">\n\t\t\t\t<div class=\"elementor-widget-container\">\n\t\t\t\t\t\t\t\t\t<div class=\"elementor-button-wrapper\">\n\t\t\t\t\t<a class=\"elementor-button elementor-button-link elementor-size-sm\" href=\"https:\/\/www.trogemedical.de\/de\/jobs\">\n\t\t\t\t\t\t<span class=\"elementor-button-content-wrapper\">\n\t\t\t\t\t\t\t\t\t<span class=\"elementor-button-text\">Job-\u00dcbersicht<\/span>\n\t\t\t\t\t<\/span>\n\t\t\t\t\t<\/a>\n\t\t\t\t<\/div>\n\t\t\t\t\t\t\t\t<\/div>\n\t\t\t\t<\/div>\n\t\t\t\t<\/div>\n\t\t\t\t<\/div>\n\t\t<div class=\"elementor-element elementor-element-77b7be3 e-con-full e-flex e-con e-child\" data-id=\"77b7be3\" data-element_type=\"container\">\n\t\t<div class=\"elementor-element elementor-element-535df5a e-flex e-con-boxed e-con e-child\" data-id=\"535df5a\" data-element_type=\"container\">\n\t\t\t\t\t<div class=\"e-con-inner\">\n\t\t\t\t<div class=\"elementor-element elementor-element-c642211 elementor-grid-1 elementor-grid-tablet-2 elementor-grid-mobile-1 elementor-widget elementor-widget-loop-grid\" data-id=\"c642211\" data-element_type=\"widget\" data-settings=\"{&quot;template_id&quot;:&quot;1624&quot;,&quot;columns&quot;:1,&quot;row_gap&quot;:{&quot;unit&quot;:&quot;em&quot;,&quot;size&quot;:2,&quot;sizes&quot;:[]},&quot;row_gap_tablet&quot;:{&quot;unit&quot;:&quot;em&quot;,&quot;size&quot;:&quot;&quot;,&quot;sizes&quot;:[]},&quot;row_gap_mobile&quot;:{&quot;unit&quot;:&quot;em&quot;,&quot;size&quot;:&quot;&quot;,&quot;sizes&quot;:[]},&quot;_skin&quot;:&quot;post&quot;,&quot;columns_tablet&quot;:&quot;2&quot;,&quot;columns_mobile&quot;:&quot;1&quot;,&quot;edit_handle_selector&quot;:&quot;[data-elementor-type=\\&quot;loop-item\\&quot;]&quot;}\" data-widget_type=\"loop-grid.post\">\n\t\t\t\t<div class=\"elementor-widget-container\">\n\t\t\t\t\t\t\t<div class=\"e-loop-nothing-found-message\">\n\t\t<\/div>\n\t\t\t\t\t\t<\/div>\n\t\t\t\t<\/div>\n\t\t\t\t\t<\/div>\n\t\t\t\t<\/div>\n\t\t\t\t<\/div>\n\t\t\t\t\t<\/div>\n\t\t\t\t<\/div>\n\t\t<div class=\"elementor-element elementor-element-64aeac9 e-con-full e-flex e-con e-parent\" data-id=\"64aeac9\" data-element_type=\"container\" data-settings=\"{&quot;background_background&quot;:&quot;classic&quot;}\">\n\t\t<div class=\"elementor-element elementor-element-3f386d3 e-con-full e-flex e-con e-child\" data-id=\"3f386d3\" data-element_type=\"container\" data-settings=\"{&quot;background_background&quot;:&quot;classic&quot;}\">\n\t\t\t\t<\/div>\n\t\t<div class=\"elementor-element elementor-element-b15a2bd e-con-full quote-work-with-us e-flex e-con e-child\" data-id=\"b15a2bd\" data-element_type=\"container\" data-settings=\"{&quot;background_background&quot;:&quot;classic&quot;}\">\n\t\t\t\t<div class=\"elementor-element elementor-element-c1c605e subtitle elementor-widget elementor-widget-heading\" data-id=\"c1c605e\" data-element_type=\"widget\" data-widget_type=\"heading.default\">\n\t\t\t\t<div class=\"elementor-widget-container\">\n\t\t\t\t\t<span class=\"elementor-heading-title elementor-size-default\">TEAM WORK MAKES THE DREAM WORK<\/span>\t\t\t\t<\/div>\n\t\t\t\t<\/div>\n\t\t\t\t<div class=\"elementor-element elementor-element-d5bf80b values-career elementor-widget elementor-widget-text-editor\" data-id=\"d5bf80b\" data-element_type=\"widget\" data-widget_type=\"text-editor.default\">\n\t\t\t\t<div class=\"elementor-widget-container\">\n\t\t\t\t\t\t\t\t\t<p>J\u00e4hrliche Betriebsausfl\u00fcge unterst\u00fctzen gute Zusammenarbeit. Nette locations, tolle Gespr\u00e4che, weg vom Arbeitsalltag. Sei beim n\u00e4chsten Team-Event dabei! Oder vielleicht organisierst du es gleich mit?<\/p>\t\t\t\t\t\t\t\t<\/div>\n\t\t\t\t<\/div>\n\t\t\t\t<\/div>\n\t\t\t\t<\/div>\n\t\t<div class=\"elementor-element elementor-element-524a271 e-con-full e-flex e-con e-parent\" data-id=\"524a271\" data-element_type=\"container\" data-settings=\"{&quot;background_background&quot;:&quot;classic&quot;}\">\n\t\t<div class=\"elementor-element elementor-element-3ad1c72 e-con-full e-flex e-con e-child\" data-id=\"3ad1c72\" data-element_type=\"container\">\n\t\t\t\t<div class=\"elementor-element elementor-element-0a8590c subtitle elementor-widget elementor-widget-heading\" data-id=\"0a8590c\" data-element_type=\"widget\" data-widget_type=\"heading.default\">\n\t\t\t\t<div class=\"elementor-widget-container\">\n\t\t\t\t\t<span class=\"elementor-heading-title elementor-size-default\">WIR BAUEN AUF JUNGE TALENTE<\/span>\t\t\t\t<\/div>\n\t\t\t\t<\/div>\n\t\t\t\t<div class=\"elementor-element elementor-element-78352a9 elementor-widget elementor-widget-heading\" data-id=\"78352a9\" data-element_type=\"widget\" data-widget_type=\"heading.default\">\n\t\t\t\t<div class=\"elementor-widget-container\">\n\t\t\t\t\t<h2 class=\"elementor-heading-title elementor-size-default\">Ausbildung bei Troge<\/h2>\t\t\t\t<\/div>\n\t\t\t\t<\/div>\n\t\t\t\t<div class=\"elementor-element elementor-element-76c8c98 elementor-hidden-mobile elementor-widget elementor-widget-heading\" data-id=\"76c8c98\" data-element_type=\"widget\" data-widget_type=\"heading.default\">\n\t\t\t\t<div class=\"elementor-widget-container\">\n\t\t\t\t\t<h3 class=\"elementor-heading-title elementor-size-default\">Kaufmann f\u00fcr Gro\u00df- und Au\u00dfenhandelsmanagement der Fachrichtung Au\u00dfenhandel<\/h3>\t\t\t\t<\/div>\n\t\t\t\t<\/div>\n\t\t\t\t<div class=\"elementor-element elementor-element-81a64b7 elementor-hidden-desktop elementor-hidden-tablet elementor-widget elementor-widget-heading\" data-id=\"81a64b7\" data-element_type=\"widget\" data-widget_type=\"heading.default\">\n\t\t\t\t<div class=\"elementor-widget-container\">\n\t\t\t\t\t<h3 class=\"elementor-heading-title elementor-size-default\">Kaufmann f\u00fcr Gro\u00df- und Au\u00dfenhandels-management der Fachrichtung Au\u00dfenhandel<\/h3>\t\t\t\t<\/div>\n\t\t\t\t<\/div>\n\t\t\t\t<div class=\"elementor-element elementor-element-f475430 elementor-widget__width-initial text-common elementor-widget elementor-widget-text-editor\" data-id=\"f475430\" data-element_type=\"widget\" data-widget_type=\"text-editor.default\">\n\t\t\t\t<div class=\"elementor-widget-container\">\n\t\t\t\t\t\t\t\t\t<p>Du beobachtest nationale und internationale Beschaffungs- und Absatzm\u00e4rkte, ermittelst Bezugsquellen und holst Angebote ein. Dabei sind die Einkaufs- und Verkaufsgespr\u00e4che ein wichtiger Teil deines Alltags.<\/p><p>W\u00e4hrend der Ausbildung bei TROGE lernst du u.a. die Anwendung von Au\u00dfenwirtschafts- und Zollbestimmungen. Parallel dazu ist die Kalkulation unserer Produkte in fremden W\u00e4hrungen und die Abwicklung von Dokumentengesch\u00e4ften zur Absicherung von Zahlungsrisiken ein wichtiger Punkt der Arbeit.<\/p>\t\t\t\t\t\t\t\t<\/div>\n\t\t\t\t<\/div>\n\t\t\t\t<\/div>\n\t\t<div class=\"elementor-element elementor-element-d38e82b e-con-full image-bl e-flex e-con e-child\" data-id=\"d38e82b\" data-element_type=\"container\">\n\t\t\t\t<div class=\"elementor-element elementor-element-c27731c elementor-widget elementor-widget-image\" data-id=\"c27731c\" data-element_type=\"widget\" data-widget_type=\"image.default\">\n\t\t\t\t<div class=\"elementor-widget-container\">\n\t\t\t\t\t\t\t\t\t\t\t\t\t\t\t<img fetchpriority=\"high\" decoding=\"async\" width=\"735\" height=\"577\" src=\"https:\/\/www.trogemedical.de\/wp-content\/uploads\/2025\/01\/250102_HK_AZUBI_Ausbildungszertifikat_850px.jpg\" class=\"attachment-full size-full wp-image-13413\" alt=\"\" srcset=\"https:\/\/www.trogemedical.de\/wp-content\/uploads\/2025\/01\/250102_HK_AZUBI_Ausbildungszertifikat_850px.jpg 735w, https:\/\/www.trogemedical.de\/wp-content\/uploads\/2025\/01\/250102_HK_AZUBI_Ausbildungszertifikat_850px-300x236.jpg 300w, https:\/\/www.trogemedical.de\/wp-content\/uploads\/2025\/01\/250102_HK_AZUBI_Ausbildungszertifikat_850px-15x12.jpg 15w, https:\/\/www.trogemedical.de\/wp-content\/uploads\/2025\/01\/250102_HK_AZUBI_Ausbildungszertifikat_850px-600x471.jpg 600w\" sizes=\"(max-width: 735px) 100vw, 735px\" \/>\t\t\t\t\t\t\t\t\t\t\t\t\t\t\t<\/div>\n\t\t\t\t<\/div>\n\t\t\t\t<\/div>\n\t\t\t\t<\/div>\n\t\t<div class=\"elementor-element elementor-element-24c9cdc e-con-full e-flex e-con e-parent\" data-id=\"24c9cdc\" data-element_type=\"container\" data-settings=\"{&quot;background_background&quot;:&quot;classic&quot;}\">\n\t\t<div class=\"elementor-element elementor-element-8cfc5a4 e-con-full e-flex e-con e-child\" data-id=\"8cfc5a4\" data-element_type=\"container\">\n\t\t\t\t<div class=\"elementor-element elementor-element-be057a2 elementor-widget elementor-widget-image\" data-id=\"be057a2\" data-element_type=\"widget\" data-widget_type=\"image.default\">\n\t\t\t\t<div class=\"elementor-widget-container\">\n\t\t\t\t\t\t\t\t\t\t\t\t\t\t\t<img decoding=\"async\" width=\"791\" height=\"525\" src=\"https:\/\/www.trogemedical.de\/wp-content\/uploads\/2023\/11\/thumb-pain-scaled-e1596541303773.svg\" class=\"attachment-full size-full wp-image-5011\" alt=\"\" \/>\t\t\t\t\t\t\t\t\t\t\t\t\t\t\t<\/div>\n\t\t\t\t<\/div>\n\t\t\t\t<\/div>\n\t\t<div class=\"elementor-element elementor-element-59701ed e-con-full e-flex e-con e-child\" data-id=\"59701ed\" data-element_type=\"container\">\n\t\t\t\t<div class=\"elementor-element elementor-element-69de9f1 subtitle elementor-widget elementor-widget-heading\" data-id=\"69de9f1\" data-element_type=\"widget\" data-widget_type=\"heading.default\">\n\t\t\t\t<div class=\"elementor-widget-container\">\n\t\t\t\t\t<span class=\"elementor-heading-title elementor-size-default\">DARUM SOLLTEST DU DICH BEI UNS BEWERBEN<\/span>\t\t\t\t<\/div>\n\t\t\t\t<\/div>\n\t\t\t\t<div class=\"elementor-element elementor-element-3d3e841 elementor-widget elementor-widget-heading\" data-id=\"3d3e841\" data-element_type=\"widget\" data-widget_type=\"heading.default\">\n\t\t\t\t<div class=\"elementor-widget-container\">\n\t\t\t\t\t<h2 class=\"elementor-heading-title elementor-size-default\">Attraktive Extras<\/h2>\t\t\t\t<\/div>\n\t\t\t\t<\/div>\n\t\t\t\t<div class=\"elementor-element elementor-element-66922a6 elementor-widget__width-initial lista-arrows elementor-widget elementor-widget-text-editor\" data-id=\"66922a6\" data-element_type=\"widget\" data-widget_type=\"text-editor.default\">\n\t\t\t\t<div class=\"elementor-widget-container\">\n\t\t\t\t\t\t\t\t\t<ul><li>flache Hierarchien und eine offene Unternehmenskultur<\/li><li>arbeiten in einem harmonischen und kompetenten Team im internationalen Arbeitsumfeld<\/li><li>flexible Arbeitszeiten<\/li><li>Deutschlandticket inkl. HVV-Bereich + Firmenfahrrad (werden zu 100% von uns \u00fcbernommen)<\/li><li>sehr gute Erreichbarkeit unseres B\u00fcros mit \u00f6ffentlichen Verkehrsmitteln<\/li><li>Wir sind ein inhabergef\u00fchrtes Unternehmen und du erh\u00e4ltst eine Ergebnisbeteiligung<\/li><li>unbefristeten Arbeitsvertrag<\/li><li>regelm\u00e4\u00dfige Unternehmensevents wie Betriebsausfl\u00fcge und Feiern<\/li><li>selbstverst\u00e4ndlich kostenfreies Obst &amp; Getr\u00e4nke<\/li><li>attraktive Regelung zur betrieblichen Altersvorsorge<\/li><\/ul>\t\t\t\t\t\t\t\t<\/div>\n\t\t\t\t<\/div>\n\t\t\t\t<\/div>\n\t\t\t\t<\/div>\n\t\t\t\t<\/div>","protected":false},"excerpt":{"rendered":"<p>Home &gt; Career WIR BRAUCHEN DICH! Tolle Location im Herzen von Hamburg nahe der Alster Attraktive Extras\u2026 GLOBAL UND LOKAL Werde Teil der Troge Familie Herzlich Willkommen bei Troge Medical GmbH! Wir sind eine mittelst\u00e4ndische Firma in der Hafenstadt Hamburg, mit toller Location an der sch\u00f6nen Au\u00dfenalster. Mit gro\u00dfem Herz, umfangreichen Know-How und MitarbeiterInnen die [&hellip;]<\/p>","protected":false},"author":7,"featured_media":0,"parent":0,"menu_order":0,"comment_status":"closed","ping_status":"closed","template":"elementor_header_footer","meta":{"_acf_changed":false,"footnotes":""},"class_list":["post-9372","page","type-page","status-publish","hentry"],"acf":[],"_links":{"self":[{"href":"https:\/\/www.trogemedical.de\/de\/wp-json\/wp\/v2\/pages\/9372","targetHints":{"allow":["GET"]}}],"collection":[{"href":"https:\/\/www.trogemedical.de\/de\/wp-json\/wp\/v2\/pages"}],"about":[{"href":"https:\/\/www.trogemedical.de\/de\/wp-json\/wp\/v2\/types\/page"}],"author":[{"embeddable":true,"href":"https:\/\/www.trogemedical.de\/de\/wp-json\/wp\/v2\/users\/7"}],"replies":[{"embeddable":true,"href":"https:\/\/www.trogemedical.de\/de\/wp-json\/wp\/v2\/comments?post=9372"}],"version-history":[{"count":0,"href":"https:\/\/www.trogemedical.de\/de\/wp-json\/wp\/v2\/pages\/9372\/revisions"}],"wp:attachment":[{"href":"https:\/\/www.trogemedical.de\/de\/wp-json\/wp\/v2\/media?parent=9372"}],"curies":[{"name":"wp","href":"https:\/\/api.w.org\/{rel}","templated":true}]}}