{"id":5009,"date":"2023-11-22T23:21:51","date_gmt":"2023-11-22T21:21:51","guid":{"rendered":"https:\/\/trogemedical.de\/?page_id=5009"},"modified":"2025-03-05T15:23:46","modified_gmt":"2025-03-05T13:23:46","slug":"application-form","status":"publish","type":"page","link":"https:\/\/www.trogemedical.de\/de\/application-form","title":{"rendered":"Application Form"},"content":{"rendered":"<div data-elementor-type=\"wp-page\" data-elementor-id=\"5009\" class=\"elementor elementor-5009\" data-elementor-post-type=\"page\">\n\t\t\t\t<div class=\"elementor-element elementor-element-fff40b7 e-flex e-con-boxed e-con e-parent\" data-id=\"fff40b7\" data-element_type=\"container\" data-settings=\"{&quot;background_background&quot;:&quot;classic&quot;}\">\n\t\t\t\t\t<div class=\"e-con-inner\">\n\t\t<div class=\"elementor-element elementor-element-fd1e07d e-con-full e-flex e-con e-child\" data-id=\"fd1e07d\" data-element_type=\"container\">\n\t\t\t\t<div class=\"elementor-element elementor-element-10ee519 app-form-title elementor-widget elementor-widget-heading\" data-id=\"10ee519\" data-element_type=\"widget\" data-widget_type=\"heading.default\">\n\t\t\t\t<div class=\"elementor-widget-container\">\n\t\t\t\t\t<h2 class=\"elementor-heading-title elementor-size-default\">Sch\u00f6n, dass du dich bewerben m\u00f6chtest<\/h2>\t\t\t\t<\/div>\n\t\t\t\t<\/div>\n\t\t\t\t<div class=\"elementor-element elementor-element-24e7965 elementor-widget elementor-widget-text-editor\" data-id=\"24e7965\" data-element_type=\"widget\" data-widget_type=\"text-editor.default\">\n\t\t\t\t<div class=\"elementor-widget-container\">\n\t\t\t\t\t\t\t\t\t<p>Wir freuen uns auf dich, hier kannst du dich ganz einfach bei uns bewerben:<\/p>\t\t\t\t\t\t\t\t<\/div>\n\t\t\t\t<\/div>\n\t\t\t\t<\/div>\n\t\t<div class=\"elementor-element elementor-element-c035886 e-con-full e-flex e-con e-child\" data-id=\"c035886\" data-element_type=\"container\">\n\t\t\t\t<div class=\"elementor-element elementor-element-4cc36e2 elementor-widget__width-initial elementor-widget elementor-widget-image\" data-id=\"4cc36e2\" data-element_type=\"widget\" data-widget_type=\"image.default\">\n\t\t\t\t<div class=\"elementor-widget-container\">\n\t\t\t\t\t\t\t\t\t\t\t\t\t\t\t<img fetchpriority=\"high\" decoding=\"async\" width=\"791\" height=\"525\" src=\"https:\/\/www.trogemedical.de\/wp-content\/uploads\/2023\/11\/thumb-pain-scaled-e1596541303773.svg\" class=\"attachment-full size-full wp-image-5011\" alt=\"\" \/>\t\t\t\t\t\t\t\t\t\t\t\t\t\t\t<\/div>\n\t\t\t\t<\/div>\n\t\t\t\t<\/div>\n\t\t\t\t\t<\/div>\n\t\t\t\t<\/div>\n\t\t<div class=\"elementor-element elementor-element-28bed6e e-flex e-con-boxed e-con e-parent\" data-id=\"28bed6e\" data-element_type=\"container\" data-settings=\"{&quot;background_background&quot;:&quot;classic&quot;}\">\n\t\t\t\t\t<div class=\"e-con-inner\">\n\t\t<div class=\"elementor-element elementor-element-5d98933 medical-contact-us e-con-full e-flex e-con e-child\" data-id=\"5d98933\" data-element_type=\"container\">\n\t\t<div class=\"elementor-element elementor-element-872f9cd e-con-full e-flex e-con e-child\" data-id=\"872f9cd\" data-element_type=\"container\" data-settings=\"{&quot;background_background&quot;:&quot;classic&quot;}\">\n\t\t\t\t<div class=\"elementor-element elementor-element-026fd8a application-form elementor-button-align-stretch elementor-widget elementor-widget-form\" data-id=\"026fd8a\" data-element_type=\"widget\" data-settings=\"{&quot;step_type&quot;:&quot;none&quot;,&quot;step_icon_shape&quot;:&quot;none&quot;}\" data-widget_type=\"form.default\">\n\t\t\t\t<div class=\"elementor-widget-container\">\n\t\t\t\t\t\t\t<form class=\"elementor-form\" method=\"post\" name=\"Application form\" action=\"\">\n\t\t\t<input type=\"hidden\" name=\"post_id\" value=\"5009\"\/>\n\t\t\t<input type=\"hidden\" name=\"form_id\" value=\"026fd8a\"\/>\n\t\t\t<input type=\"hidden\" name=\"referer_title\" value=\"\" \/>\n\n\t\t\t\n\t\t\t<div class=\"elementor-form-fields-wrapper elementor-labels-above\">\n\t\t\t\t\t\t\t\t<div class=\"elementor-field-type-step elementor-field-group elementor-column elementor-field-group-field_b1d1319 elementor-col-100\">\n\t\t\t\t\t\t\t<div class=\"e-field-step elementor-hidden\" data-label=\"\" data-previousbutton=\"\" data-nextbutton=\"\" data-iconurl=\"\" data-iconlibrary=\"fas fa-star\" data-icon=\"\" ><\/div>\n\n\t\t\t\t\t\t<\/div>\n\t\t\t\t\t\t\t\t<div class=\"elementor-field-type-text elementor-field-group elementor-column elementor-field-group-name elementor-col-100 elementor-field-required\">\n\t\t\t\t\t\t\t\t\t\t\t\t<label for=\"form-field-name\" class=\"elementor-field-label\">\n\t\t\t\t\t\t\t\tVorname *\t\t\t\t\t\t\t<\/label>\n\t\t\t\t\t\t\t\t\t\t\t\t\t\t<input size=\"1\" type=\"text\" name=\"form_fields[name]\" id=\"form-field-name\" class=\"elementor-field elementor-size-sm  elementor-field-textual\" required=\"required\">\n\t\t\t\t\t\t\t\t\t\t\t<\/div>\n\t\t\t\t\t\t\t\t<div class=\"elementor-field-type-text elementor-field-group elementor-column elementor-field-group-email elementor-col-100 elementor-field-required\">\n\t\t\t\t\t\t\t\t\t\t\t\t<label for=\"form-field-email\" class=\"elementor-field-label\">\n\t\t\t\t\t\t\t\tNachname *\t\t\t\t\t\t\t<\/label>\n\t\t\t\t\t\t\t\t\t\t\t\t\t\t<input size=\"1\" type=\"text\" name=\"form_fields[email]\" id=\"form-field-email\" class=\"elementor-field elementor-size-sm  elementor-field-textual\" required=\"required\">\n\t\t\t\t\t\t\t\t\t\t\t<\/div>\n\t\t\t\t\t\t\t\t<div class=\"elementor-field-type-number elementor-field-group elementor-column elementor-field-group-message elementor-col-100 elementor-field-required\">\n\t\t\t\t\t\t\t\t\t\t\t\t<label for=\"form-field-message\" class=\"elementor-field-label\">\n\t\t\t\t\t\t\t\tTelefonnummer *\t\t\t\t\t\t\t<\/label>\n\t\t\t\t\t\t\t\t\t<input type=\"number\" name=\"form_fields[message]\" id=\"form-field-message\" class=\"elementor-field elementor-size-sm  elementor-field-textual\" required=\"required\" min=\"\" max=\"\" >\n\t\t\t\t\t\t<\/div>\n\t\t\t\t\t\t\t\t<div class=\"elementor-field-type-email elementor-field-group elementor-column elementor-field-group-field_9ce073a elementor-col-100 elementor-field-required\">\n\t\t\t\t\t\t\t\t\t\t\t\t<label for=\"form-field-field_9ce073a\" class=\"elementor-field-label\">\n\t\t\t\t\t\t\t\tE-Mail*\t\t\t\t\t\t\t<\/label>\n\t\t\t\t\t\t\t\t\t\t\t\t\t\t<input size=\"1\" type=\"email\" name=\"form_fields[field_9ce073a]\" id=\"form-field-field_9ce073a\" class=\"elementor-field elementor-size-sm  elementor-field-textual\" required=\"required\">\n\t\t\t\t\t\t\t\t\t\t\t<\/div>\n\t\t\t\t\t\t\t\t<div class=\"elementor-field-type-text elementor-field-group elementor-column elementor-field-group-field_07730be elementor-col-100\">\n\t\t\t\t\t\t\t\t\t\t\t\t<label for=\"form-field-field_07730be\" class=\"elementor-field-label\">\n\t\t\t\t\t\t\t\tF\u00fcr welche Stelle bewirbst du dich?\t\t\t\t\t\t\t<\/label>\n\t\t\t\t\t\t\t\t\t\t\t\t\t\t<input size=\"1\" type=\"text\" name=\"form_fields[field_07730be]\" id=\"form-field-field_07730be\" class=\"elementor-field elementor-size-sm  elementor-field-textual\">\n\t\t\t\t\t\t\t\t\t\t\t<\/div>\n\t\t\t\t\t\t\t\t<div class=\"elementor-field-type-text elementor-field-group elementor-column elementor-field-group-field_35927bd elementor-col-100\">\n\t\t\t\t\t\t\t\t\t\t\t\t<label for=\"form-field-field_35927bd\" class=\"elementor-field-label\">\n\t\t\t\t\t\t\t\tGehaltsvorstellungen\t\t\t\t\t\t\t<\/label>\n\t\t\t\t\t\t\t\t\t\t\t\t\t\t<input size=\"1\" type=\"text\" name=\"form_fields[field_35927bd]\" id=\"form-field-field_35927bd\" class=\"elementor-field elementor-size-sm  elementor-field-textual\">\n\t\t\t\t\t\t\t\t\t\t\t<\/div>\n\t\t\t\t\t\t\t\t<div class=\"elementor-field-type-text elementor-field-group elementor-column elementor-field-group-field_886ae71 elementor-col-100\">\n\t\t\t\t\t\t\t\t\t\t\t\t<label for=\"form-field-field_886ae71\" class=\"elementor-field-label\">\n\t\t\t\t\t\t\t\tM\u00f6glicher Starttermin\t\t\t\t\t\t\t<\/label>\n\t\t\t\t\t\t\t\t\t\t\t\t\t\t<input size=\"1\" type=\"text\" name=\"form_fields[field_886ae71]\" id=\"form-field-field_886ae71\" class=\"elementor-field elementor-size-sm  elementor-field-textual\">\n\t\t\t\t\t\t\t\t\t\t\t<\/div>\n\t\t\t\t\t\t\t\t<div class=\"elementor-field-type-text elementor-field-group elementor-column elementor-field-group-field_ef7d30a elementor-col-100\">\n\t\t\t\t\t\t\t\t\t\t\t\t<label for=\"form-field-field_ef7d30a\" class=\"elementor-field-label\">\n\t\t\t\t\t\t\t\tLinks zu deinen Profilen (z.B. LinkedIn, Xing)\t\t\t\t\t\t\t<\/label>\n\t\t\t\t\t\t\t\t\t\t\t\t\t\t<input size=\"1\" type=\"text\" name=\"form_fields[field_ef7d30a]\" id=\"form-field-field_ef7d30a\" class=\"elementor-field elementor-size-sm  elementor-field-textual\">\n\t\t\t\t\t\t\t\t\t\t\t<\/div>\n\t\t\t\t\t\t\t\t<div class=\"elementor-field-type-html elementor-field-group elementor-column elementor-field-group-field_670d400 elementor-col-50\">\n\t\t\t\t\t<div>\n  <h5 class=\"documents-title\">\n     Bewerbungsdokumente\n  <\/h5>\n\n  <p class=\"documents-description\">\n     Hier kannst Du Dokumente (Lebenslauf, Zeugnisse) zu Deiner Bewerbung hinzuf\u00fcgen. Es sind folgende Formate m\u00f6glich: Word, PDF, jpg, gif, png. Max. Gr\u00f6\u00dfe: 10 MB pro Datei, 20 MB insgesamt\n  <\/p>\n<\/div>\t\t\t\t<\/div>\n\t\t\t\t\t\t\t\t<div class=\"elementor-field-type-html elementor-field-group elementor-column elementor-field-group-field_e03e951 elementor-col-50\">\n\t\t\t\t\t<div class=\"upload-document-container\">\n  <img decoding=\"async\" src=\"https:\/\/www.trogemedical.de\/wp-content\/uploads\/2023\/11\/Icon-feather-upload.png\" alt=\"upload-icon\"\/>\n\n<p class=\"upload-text\">Hier klicken oder Dateien hochladen<\/p>\n<\/div>\t\t\t\t<\/div>\n\t\t\t\t\t\t\t\t<div class=\"elementor-field-type-upload elementor-field-group elementor-column elementor-field-group-field_0d31ab0 elementor-col-100\">\n\t\t\t\t\t\t\t<input type=\"file\" name=\"form_fields[field_0d31ab0]\" id=\"form-field-field_0d31ab0\" class=\"elementor-field elementor-size-sm  elementor-upload-field\" data-maxsize=\"10\" data-maxsize-message=\"Diese Datei \u00fcbersteigt die maximale Dateigr\u00f6\u00dfe.\">\n\n\t\t\t\t\t\t<\/div>\n\t\t\t\t\t\t\t\t<div class=\"elementor-field-type-html elementor-field-group elementor-column elementor-field-group-field_63010ec elementor-col-100\">\n\t\t\t\t\t  <div>\n    <p class=\"privacy-message\">Zustimmung zu den Datenschutzbestimmungen:<\/p>\n    <div class=\"scrolling-box\">\n      <section>\n        <p class=\"privacy-text-title\">Bewerbungsinformationen<\/p>\n        <span class=\"privacy-text-content\">\n          Wir erheben unterschiedliche Arten von Informationen. Hierzu z\u00e4hlen insbesondere Deine pers\u00f6nlichen Daten mit Kontaktinformationen sowie eine Beschreibung Deiner Ausbildung, Arbeitserfahrung und F\u00e4higkeiten. Dar\u00fcber hinaus hast Du die M\u00f6glichkeit, uns elektronisch gespeicherte Dokumente wie Arbeits- und Ausbildungszeugnisse oder ein Anschreiben zukommen zu lassen.\n          <br><br>\n          Mit Deiner Bewerbung sicherst Du zu, dass die von Dir zur Verf\u00fcgung gestellten Informationen der Wahrheit entsprechen. Wir m\u00f6chten Dich darauf hinweisen, dass jede falsche Aussage oder auch bewusste Auslassung einen Grund f\u00fcr eine Absage oder sogar eine sp\u00e4tere K\u00fcndigung darstellen kann.\n          <br><br>\n          Wir ben\u00f6tigen von Dir an sich keine Informationen, die nach dem Allgemeinen Gleichbehandlungsgesetz (AGG) nicht verwertbar sind (Rasse, ethnischer Herkunft, Geschlecht, Religion oder Weltanschauung, Behinderung, Alter oder sexueller Identit\u00e4t). Angaben zu Schwangerschaft, ethnischer Herkunft, politischen Anschauungen, philosophischen oder religi\u00f6sen \u00dcberzeugungen, Mitgliedschaft in einer Gewerkschaft, k\u00f6rperlicher oder geistiger Gesundheit oder Sexualleben bitten wir ebenfalls nicht zu \u00fcbermitteln. Dasselbe d\u00fcrfen Inhalte, die geeignet sind, Rechte Dritter zu verletzen (z.B. Urheberrechte, Presserecht oder allgemeine Rechte Dritter) nicht \u00fcbermittelt werden.\n        <\/span>\n        <br>\n        <p class=\"privacy-text-title\">Erhebung, Verarbeitung, Nutzung und Weitergabe Deiner Daten<\/p>\n        <span class=\"privacy-text-content\">\n          Personenbezogene Daten werden nur zu Zwecken erhoben, gespeichert, verarbeitet und genutzt, die im Zusammenhang mit Deinem Interesse an einer aktuellen oder zuk\u00fcnftigen Besch\u00e4ftigung bei uns und der Bearbeitung Ihrer Bewerbung stehen. Eine Weitergabe an Dritte au\u00dferhalb der Troge Medical GmbH erfolgt nicht. Zur Nutzung des Online-Bewerbungsverfahrens werden Daten wie Name, Adresse, Telefonnummer, E-Mail-Adresse etc. erhoben. Diese Daten dienen grunds\u00e4tzlich der Kontaktaufnahme zu Deiner Bewerbung.\n          <br><br>\n          Ist Deine Bewerbung erfolgreich, k\u00f6nnen die angegebenen Daten f\u00fcr verwaltungstechnische Angelegenheiten (Onboarding) im Rahmen der Besch\u00e4ftigung verwendet werden.\n          <br><br>\n          Deine Online-Bewerbung wird ausschlie\u00dflich von den relevanten Ansprechpartnern bei uns im Haus bearbeitet und zur Kenntnis genommen. S\u00e4mtliche mit der Datenverarbeitung betrauten Mitarbeiter sind verpflichtet, die Vertraulichkeit Deiner Daten zu wahren. Dritte erhalten von Deinen Angaben unter keinen Umst\u00e4nden Kenntnis. In jedem Fall findet die Verarbeitung der Daten ausschlie\u00dflich in Deutschland statt.\n          <br><br>\n        <\/span>\n        <br>\n        <p class=\"privacy-text-title\">Aufbewahrung<\/p>\n        <span class=\"privacy-text-content\">\n          Sollten wir Dir keine Besch\u00e4ftigung anbieten k\u00f6nnen, werden wir die Daten bis zu sechs Monaten f\u00fcr den Zweck aufbewahren, Fragen im Zusammenhang mit Deiner Bewerbung und Ablehnung zu beantworten. Im \u00dcbrigen verbleiben f\u00fcr zwei Jahre Name, Anschrift und letzter Status des Bewerbungsprozesses in unseren Unterlagen. Die Daten dienen zum einen anonymen statistischen Zwecken und zum anderen soll verhindert werden, dass unsere Abteilung \u201eActive Sourcing\u201c abgelehnte Bewerber, Bewerber die ihre Bewerbung zur\u00fcckgezogen haben oder Bewerber mit L\u00f6schungsbegehren durch weitere Kontaktaufnahmen behelligt werden.\n        <\/span>\n        <br>\n        <p class=\"privacy-text-title\">Sicherheit der Daten<\/p>\n        <span class=\"privacy-text-content\">\n          Die Troge Medical GmbH gew\u00e4hrleistet durch technische und organisatorische Ma\u00dfnahmen den Schutz der Daten. Hierzu geh\u00f6ren Ma\u00dfnahmen wie Antivirensoftware oder eine Firewall. Selbstverst\u00e4ndlich werden unsere Sicherheitsma\u00dfnahmen entsprechend der technologischen Entwicklung fortlaufend verbessert.\n          <br><br>\n          Deine Bewerbungsdaten werden verschl\u00fcsselt nach dem aktuellen Stand der Technik \u00fcbertragen und in unserem Bewerbermanagementsystem gespeichert. Nach Abschluss des Bewerbungsverfahrens werden Deine pers\u00f6nlichen Daten aus dem System gel\u00f6scht.\n          <br><br>\n          Die Systeme, in denen Deine personenbezogenen Daten gespeichert sind, sind gegen Zugriff gesch\u00fctzt und nur einem bestimmten, f\u00fcr Bewerbungen verantwortlichen Personenkreis zug\u00e4nglich..\n        <\/span>\n        <br>\n        <p class=\"privacy-text-title\">Auskunft, L\u00f6schungswunsch und Widerruf der Einwilligung<\/p>\n        <span class=\"privacy-text-content\">\n          Du hast jederzeit das Recht, genauere Angaben die \u00fcber Dich gespeicherten Daten zu verlangen, diese Daten einzusehen und zu verlangen, dass nicht zutreffende Daten \u00fcber Dich korrigiert oder die gespeicherten Daten vollst\u00e4ndig oder teilweise gel\u00f6scht werden.\n          <br><br>\n          Deine Einwilligung kannst Du jederzeit mit Wirkung f\u00fcr die Zukunft widerrufen. Die betreffenden Daten werden dann umgehend gel\u00f6scht. Bitte richte in diesem Fall Deine Erkl\u00e4rung unter Angabe Deines vollst\u00e4ndigen Namens und Deiner hinterlegten E-Mail-Adresse an <a href=\"\/de\/bewerbung@trogemedical.de\/\">bewerbung@trogemedical.de<\/a>. An die Stelle der L\u00f6schung kann in den gesetzlich vorgesehenen F\u00e4llen eine Sperrung der Daten treten.\n        <\/span>\n      <\/section>\n    <\/div>\n    <p class=\"privacy-message\">Ich best\u00e4tige hiermit, dass ich die Datenschutzerkl\u00e4rung gelesen habe und gebe meine Zustimmung<\/p>\n  <\/div>\t\t\t\t<\/div>\n\t\t\t\t\t\t\t\t<div class=\"elementor-field-type-radio elementor-field-group elementor-column elementor-field-group-field_3c9d682 elementor-col-100\">\n\t\t\t\t\t\t\t\t\t\t\t\t<label for=\"form-field-field_3c9d682\" class=\"elementor-field-label\">\n\t\t\t\t\t\t\t\tEinwilligung zur Datenschutzerkl\u00e4rung:\t\t\t\t\t\t\t<\/label>\n\t\t\t\t\t\t<div class=\"elementor-field-subgroup\"><span class=\"elementor-field-option\"><input type=\"radio\" value=\"Yes\" id=\"form-field-field_3c9d682-0\" name=\"form_fields[field_3c9d682]\"> <label for=\"form-field-field_3c9d682-0\">Ja<\/label><\/span><span class=\"elementor-field-option\"><input type=\"radio\" value=\"No\" id=\"form-field-field_3c9d682-1\" name=\"form_fields[field_3c9d682]\"> <label for=\"form-field-field_3c9d682-1\">Nein<\/label><\/span><\/div>\t\t\t\t<\/div>\n\t\t\t\t\t\t\t\t<div class=\"elementor-field-type-html elementor-field-group elementor-column elementor-field-group-field_3b7d992 elementor-col-100\">\n\t\t\t\t\t<div>\n    <p class=\"privacy-message\">Einwilligung zur Aufnahme in den TROGE-Bewerberpool:<\/p>\n    <div class=\"scrolling-box\">\n      <section>\n        <span class=\"privacy-text-content\">\n          Durch das Klicken auf den Button \u201eJa\u201c willigst Du ein, dass wir Deine Bewerbungsdaten, \u00fcber die Stelle f\u00fcr die Du Dich beworben hast hinaus, f\u00fcr die Dauer von zwei Jahren verwenden d\u00fcrfen. Wir benutzen die Daten ausschlie\u00dflich dazu, um Dich auf zu Dir passende, andere Stellen in unserm Haus aufmerksam machen zu k\u00f6nnen.\n          <br><br>\n          Die Einwilligung hierzu ist selbstverst\u00e4ndlich freiwillig und hat keinerlei Einfluss auf die Stelle auf die Du Dich konkret beworben hast.\n          <br><br>\n          Die Hinweise aus der Datenschutzerkl\u00e4rung f\u00fcr Bewerbungen bei der Troge Medical GmbH gelten sinngem\u00e4\u00df weiter.\n        <\/span>\n        <br>\n        <p class=\"privacy-text-title\">Deine Rechte, Auskunft, Berichtigung, L\u00f6schung und Sperrung, Widerspruchsrecht:<\/p>\n        <span class=\"privacy-text-content\">\n          Du bist gem\u00e4\u00df Art 15 DSGVO jederzeit berechtigt, gegen\u00fcber der Troge Medical GmbH um Auskunftserteilung zu denen zu Dir gespeicherten Daten zu bitten.\nGem\u00e4\u00df Art 17 DSGVO kannst Du jederzeit die Berichtigung, L\u00f6schung und Sperrung einzelner personenbezogenen Daten verlangen.\nDu kannst jederzeit ohne Angabe von Gr\u00fcnden von Deinem Widerspruchsrecht Gebrauch machen und die erteilte Einwilligungserkl\u00e4rung mit Wirkung f\u00fcr die Zukunft ab\u00e4ndern oder g\u00e4nzlich widerrufen. Bitte richte in diesem Fall Deine Erkl\u00e4rung unter Angabe Deines vollst\u00e4ndigen Namens und Deiner hinterlegten E-Mail-Adresse an <a href=\"mailto:bewerbung@trogemedical.de.de\">bewerbung@trogemedical.de.de<\/a>. An die Stelle der L\u00f6schung kann in den gesetzlich vorgesehenen F\u00e4llen eine Sperrung der Daten treten.\n        <\/span>\n      <\/section>\n    <\/div>\n    <p class=\"privacy-message\">Ich best\u00e4tige hiermit, dass ich die Datenschutzerkl\u00e4rung f\u00fcr die Speicherung meiner Daten gelesen habe und gebe mein Einverst\u00e4ndnis<\/p>\n  <\/div>\t\t\t\t<\/div>\n\t\t\t\t\t\t\t\t<div class=\"elementor-field-type-radio elementor-field-group elementor-column elementor-field-group-field_ca7177e elementor-col-100\">\n\t\t\t\t\t\t\t\t\t\t\t\t<label for=\"form-field-field_ca7177e\" class=\"elementor-field-label\">\n\t\t\t\t\t\t\t\tEinwilligung zur Aufnahme in den TROGE-Bewerberpool:\t\t\t\t\t\t\t<\/label>\n\t\t\t\t\t\t<div class=\"elementor-field-subgroup\"><span class=\"elementor-field-option\"><input type=\"radio\" value=\"Yes\" id=\"form-field-field_ca7177e-0\" name=\"form_fields[field_ca7177e]\"> <label for=\"form-field-field_ca7177e-0\">Ja<\/label><\/span><span class=\"elementor-field-option\"><input type=\"radio\" value=\"No\" id=\"form-field-field_ca7177e-1\" name=\"form_fields[field_ca7177e]\"> <label for=\"form-field-field_ca7177e-1\">Nein<\/label><\/span><\/div>\t\t\t\t<\/div>\n\t\t\t\t\t\t\t\t<div class=\"elementor-field-type-textarea elementor-field-group elementor-column elementor-field-group-field_3a5337c elementor-col-100\">\n\t\t\t\t\t\t\t\t\t\t\t\t<label for=\"form-field-field_3a5337c\" class=\"elementor-field-label\">\n\t\t\t\t\t\t\t\tDu kannst uns hier eine Nachricht senden:\t\t\t\t\t\t\t<\/label>\n\t\t\t\t\t\t<textarea class=\"elementor-field-textual elementor-field  elementor-size-sm\" name=\"form_fields[field_3a5337c]\" id=\"form-field-field_3a5337c\" rows=\"4\"><\/textarea>\t\t\t\t<\/div>\n\t\t\t\t\t\t\t\t<div class=\"elementor-field-type-html elementor-field-group elementor-column elementor-field-group-field_6769c8d elementor-col-100\">\n\t\t\t\t\t<div class=\"aplication-form-action\">\n    <span class=\"application-form-btn btn-back\">\n      ZUR\u00dcCK\n    <\/span>\n\n    <span class=\"application-form-btn btn-send\">\n      ABSENDEN\n    <\/span>\n  <\/div>\t\t\t\t<\/div>\n\t\t\t\t\t\t\t\t<div class=\"elementor-field-group elementor-column elementor-field-type-submit elementor-col-100 e-form__buttons\">\n\t\t\t\t\t<button class=\"elementor-button elementor-size-sm\" type=\"submit\">\n\t\t\t\t\t\t<span class=\"elementor-button-content-wrapper\">\n\t\t\t\t\t\t\t\t\t\t\t\t\t\t\t\t\t\t\t\t\t\t<span class=\"elementor-button-text\">Send<\/span>\n\t\t\t\t\t\t\t\t\t\t\t\t\t<\/span>\n\t\t\t\t\t<\/button>\n\t\t\t\t<\/div>\n\t\t\t<\/div>\n\t\t<input type=\"hidden\" name=\"trp-form-language\" value=\"de\"\/><\/form>\n\t\t\t\t\t\t<\/div>\n\t\t\t\t<\/div>\n\t\t\t\t<\/div>\n\t\t<div class=\"elementor-element elementor-element-1ff6a2b e-con-full footer-popup-modal e-flex e-con e-child\" data-id=\"1ff6a2b\" data-element_type=\"container\" data-settings=\"{&quot;background_background&quot;:&quot;classic&quot;}\">\n\t\t\t\t<\/div>\n\t\t\t\t<\/div>\n\t\t\t\t\t<\/div>\n\t\t\t\t<\/div>\n\t\t\t\t<\/div>","protected":false},"excerpt":{"rendered":"<p>Sch\u00f6n, dass du dich bewerben m\u00f6chtest Wir freuen uns auf dich, hier kannst du dich ganz einfach bei uns bewerben:<\/p>","protected":false},"author":3,"featured_media":0,"parent":0,"menu_order":0,"comment_status":"closed","ping_status":"closed","template":"elementor_header_footer","meta":{"_acf_changed":false,"footnotes":""},"class_list":["post-5009","page","type-page","status-publish","hentry"],"acf":[],"_links":{"self":[{"href":"https:\/\/www.trogemedical.de\/de\/wp-json\/wp\/v2\/pages\/5009","targetHints":{"allow":["GET"]}}],"collection":[{"href":"https:\/\/www.trogemedical.de\/de\/wp-json\/wp\/v2\/pages"}],"about":[{"href":"https:\/\/www.trogemedical.de\/de\/wp-json\/wp\/v2\/types\/page"}],"author":[{"embeddable":true,"href":"https:\/\/www.trogemedical.de\/de\/wp-json\/wp\/v2\/users\/3"}],"replies":[{"embeddable":true,"href":"https:\/\/www.trogemedical.de\/de\/wp-json\/wp\/v2\/comments?post=5009"}],"version-history":[{"count":0,"href":"https:\/\/www.trogemedical.de\/de\/wp-json\/wp\/v2\/pages\/5009\/revisions"}],"wp:attachment":[{"href":"https:\/\/www.trogemedical.de\/de\/wp-json\/wp\/v2\/media?parent=5009"}],"curies":[{"name":"wp","href":"https:\/\/api.w.org\/{rel}","templated":true}]}}