{"id":2659,"date":"2023-11-05T23:27:09","date_gmt":"2023-11-05T21:27:09","guid":{"rendered":"https:\/\/trogemedical.de\/?page_id=2659"},"modified":"2023-12-19T17:40:18","modified_gmt":"2023-12-19T15:40:18","slug":"legal-notice","status":"publish","type":"page","link":"https:\/\/www.trogemedical.de\/de\/impressum","title":{"rendered":"Impressum"},"content":{"rendered":"<div data-elementor-type=\"wp-page\" data-elementor-id=\"2659\" class=\"elementor elementor-2659\" data-elementor-post-type=\"page\">\n\t\t\t\t<div class=\"elementor-element elementor-element-381ae51 e-flex e-con-boxed e-con e-parent\" data-id=\"381ae51\" data-element_type=\"container\" data-settings=\"{&quot;background_background&quot;:&quot;classic&quot;}\">\n\t\t\t\t\t<div class=\"e-con-inner\">\n\t\t\t\t<div class=\"elementor-element elementor-element-de3a48b elementor-widget elementor-widget-heading\" data-id=\"de3a48b\" data-element_type=\"widget\" data-widget_type=\"heading.default\">\n\t\t\t\t<div class=\"elementor-widget-container\">\n\t\t\t\t\t<h2 class=\"elementor-heading-title elementor-size-default\">IMPRESSUM<\/h2>\t\t\t\t<\/div>\n\t\t\t\t<\/div>\n\t\t\t\t<div class=\"elementor-element elementor-element-e89feca elementor-widget elementor-widget-heading\" data-id=\"e89feca\" data-element_type=\"widget\" data-widget_type=\"heading.default\">\n\t\t\t\t<div class=\"elementor-widget-container\">\n\t\t\t\t\t<h4 class=\"elementor-heading-title elementor-size-default\">Angaben gem\u00e4\u00df \u00a7 5 TMG<\/h4>\t\t\t\t<\/div>\n\t\t\t\t<\/div>\n\t\t\t\t<div class=\"elementor-element elementor-element-d31cc0b elementor-widget elementor-widget-text-editor\" data-id=\"d31cc0b\" data-element_type=\"widget\" data-widget_type=\"text-editor.default\">\n\t\t\t\t<div class=\"elementor-widget-container\"><p>TROGE MEDICAL GmbH<br \/>Milchstra\u00dfe 19<br \/>20148 Hamburg<\/p>\n<p>Handelsregister: HRB 35614<br \/>Registergericht: AG Hamburg<\/p>\n<p>Vertreten durch:<br \/>Karl-Heinz Troge, Thomas Tilgner, Timo Troge<\/p>\n<p>Kontakt<br \/>Telefon: +49 (0)40 44 18 44 - 0<br \/>E-mail: info@trogemedical.de<\/p>\n<p>Umsatzsteuer-ID<br \/>Umsatzsteuer-Identifikationsnummer gem\u00e4\u00df \u00a7 27 a Umsatzsteuergesetz:<br \/>DE 118600359<\/p>\n<p>EU-Streitschlichtung<br \/>Die Europ\u00e4ische Kommission stellt eine Plattform zur Online-Streitbeilegung (OS) bereit: https:\/\/ec.europa.eu\/consumers\/odr.<br \/>Unsere E-Mail-Adresse finden Sie oben im Impressum.<\/p>\n<p>Verbraucher\u00adstreit\u00adbeilegung\/Universal\u00adschlichtungs\u00adstelle<br \/>Wir sind nicht bereit oder verpflichtet, an Streitbeilegungsverfahren vor einer Verbraucherschlichtungsstelle teilzunehmen.<\/p>\n<p>Haftung f\u00fcr Inhalte<br \/>Als Diensteanbieter sind wir gem\u00e4\u00df \u00a7 7 Abs.1 TMG f\u00fcr eigene Inhalte auf diesen Seiten nach den allgemeinen Gesetzen verantwortlich. Nach \u00a7\u00a7 8 bis 10 TMG sind wir als Diensteanbieter jedoch nicht verpflichtet, \u00fcbermittelte oder gespeicherte fremde Informationen zu \u00fcberwachen oder nach Umst\u00e4nden zu forschen, die auf eine rechtswidrige T\u00e4tigkeit hinweisen.<\/p>\n<p>Verpflichtungen zur Entfernung oder Sperrung der Nutzung von Informationen nach den allgemeinen Gesetzen bleiben hiervon unber\u00fchrt. Eine diesbez\u00fcgliche Haftung ist jedoch erst ab dem Zeitpunkt der Kenntnis einer konkreten Rechtsverletzung m\u00f6glich. Bei Bekanntwerden von entsprechenden Rechtsverletzungen werden wir diese Inhalte umgehend entfernen.<\/p>\n<p>Haftung f\u00fcr Links<br \/>Unser Angebot enth\u00e4lt Links zu externen Websites Dritter, auf deren Inhalte wir keinen Einfluss haben. Deshalb k\u00f6nnen wir f\u00fcr diese fremden Inhalte auch keine Gew\u00e4hr \u00fcbernehmen. F\u00fcr die Inhalte der verlinkten Seiten ist stets der jeweilige Anbieter oder Betreiber der Seiten verantwortlich. Die verlinkten Seiten wurden zum Zeitpunkt der Verlinkung auf m\u00f6gliche Rechtsverst\u00f6\u00dfe \u00fcberpr\u00fcft. Rechtswidrige Inhalte waren zum Zeitpunkt der Verlinkung nicht erkennbar.<\/p>\n<p>Eine permanente inhaltliche Kontrolle der verlinkten Seiten ist jedoch ohne konkrete Anhaltspunkte einer Rechtsverletzung nicht zumutbar. Bei Bekanntwerden von Rechtsverletzungen werden wir derartige Links umgehend entfernen.<\/p>\n<p>Urheberrecht<br \/>Die durch die Seitenbetreiber erstellten Inhalte und Werke auf diesen Seiten unterliegen dem deutschen Urheberrecht. Die Vervielf\u00e4ltigung, Bearbeitung, Verbreitung und jede Art der Verwertung au\u00dferhalb der Grenzen des Urheberrechtes bed\u00fcrfen der schriftlichen Zustimmung des jeweiligen Autors bzw. Erstellers<br \/>Downloads und Kopien dieser Seite sind nur f\u00fcr den privaten, nicht kommerziellen Gebrauch gestattet.<\/p>\n<p>Soweit die Inhalte auf dieser Seite nicht vom Betreiber erstellt wurden, werden die Urheberrechte Dritter beachtet. Insbesondere werden Inhalte Dritter als solche gekennzeichnet. Sollten Sie trotzdem auf eine Urheberrechtsverletzung aufmerksam werden, bitten wir um einen entsprechenden Hinweis. Bei Bekanntwerden von Rechtsverletzungen werden wir derartige Inhalte umgehend entfernen.<\/p><\/div>\n\t\t\t\t<\/div>\n\t\t\t\t\t<\/div>\n\t\t\t\t<\/div>\n\t\t<div class=\"elementor-element elementor-element-f6913c6 e-con-full e-flex e-con e-parent\" data-id=\"f6913c6\" data-element_type=\"container\" data-settings=\"{&quot;background_background&quot;:&quot;classic&quot;}\">\n\t\t<div class=\"elementor-element elementor-element-f296ed0 e-con-full e-flex e-con e-child\" data-id=\"f296ed0\" data-element_type=\"container\">\n\t\t<div class=\"elementor-element elementor-element-3c7660a e-con-full e-flex e-con e-child\" data-id=\"3c7660a\" data-element_type=\"container\" data-settings=\"{&quot;background_background&quot;:&quot;classic&quot;}\">\n\t\t\t\t<div class=\"elementor-element elementor-element-13a49dc elementor-widget elementor-widget-heading\" data-id=\"13a49dc\" data-element_type=\"widget\" data-widget_type=\"heading.default\">\n\t\t\t\t<div class=\"elementor-widget-container\">\n\t\t\t\t\t<h2 class=\"elementor-heading-title elementor-size-default\">Unser Leitbild<\/h2>\t\t\t\t<\/div>\n\t\t\t\t<\/div>\n\t\t\t\t<div class=\"elementor-element elementor-element-7e248aa elementor-widget__width-initial elementor-widget elementor-widget-text-editor\" data-id=\"7e248aa\" data-element_type=\"widget\" data-widget_type=\"text-editor.default\">\n\t\t\t\t<div class=\"elementor-widget-container\">\n\t\t\t\t\t\t\t\t\t<p>Wir f\u00fchlen uns der hanseatischen Tradition der Kaufleute verpflichtet, die auf Ehrlichkeit und Vertrauen basiert. Unser Ziel ist es, ein vertrauensvoller Partner f\u00fcr unsere H\u00e4ndler und ein zukunftsorientiertes Gesundheitsunternehmen zu sein.<\/p>\t\t\t\t\t\t\t\t<\/div>\n\t\t\t\t<\/div>\n\t\t\t\t<\/div>\n\t\t\t\t<\/div>\n\t\t\t\t<\/div>\n\t\t<div class=\"elementor-element elementor-element-171782d e-flex e-con-boxed e-con e-parent\" data-id=\"171782d\" data-element_type=\"container\" data-settings=\"{&quot;background_background&quot;:&quot;classic&quot;}\">\n\t\t\t\t\t<div class=\"e-con-inner\">\n\t\t\t\t\t<\/div>\n\t\t\t\t<\/div>\t\t<\/div>","protected":false},"excerpt":{"rendered":"<p>LEGAL NOTICE Information pursuant to Sect. 5 German Telemedia Act (TMG) TROGE MEDICAL GmbHMilchstra\u00dfe 1920148 Hamburg Commercial Register: HRB 35614Registration court: AG Hamburg Represented by:Karl-Heinz Troge, Thomas Tilgner, Timo Troge ContactPhone: +49 40 44 18 44 &#8211; 0E-mail: info@trogemedical.de VAT IDSales tax identification number according to Sect. 27 a of the Sales Tax Law:DE 118600359 [&hellip;]<\/p>","protected":false},"author":1,"featured_media":0,"parent":0,"menu_order":0,"comment_status":"closed","ping_status":"open","template":"","meta":{"_acf_changed":false,"footnotes":""},"class_list":["post-2659","page","type-page","status-publish","hentry"],"acf":[],"_links":{"self":[{"href":"https:\/\/www.trogemedical.de\/de\/wp-json\/wp\/v2\/pages\/2659","targetHints":{"allow":["GET"]}}],"collection":[{"href":"https:\/\/www.trogemedical.de\/de\/wp-json\/wp\/v2\/pages"}],"about":[{"href":"https:\/\/www.trogemedical.de\/de\/wp-json\/wp\/v2\/types\/page"}],"author":[{"embeddable":true,"href":"https:\/\/www.trogemedical.de\/de\/wp-json\/wp\/v2\/users\/1"}],"replies":[{"embeddable":true,"href":"https:\/\/www.trogemedical.de\/de\/wp-json\/wp\/v2\/comments?post=2659"}],"version-history":[{"count":0,"href":"https:\/\/www.trogemedical.de\/de\/wp-json\/wp\/v2\/pages\/2659\/revisions"}],"wp:attachment":[{"href":"https:\/\/www.trogemedical.de\/de\/wp-json\/wp\/v2\/media?parent=2659"}],"curies":[{"name":"wp","href":"https:\/\/api.w.org\/{rel}","templated":true}]}}