{"id":1234,"date":"2023-10-18T14:34:49","date_gmt":"2023-10-18T12:34:49","guid":{"rendered":"https:\/\/trogemedical.de\/?page_id=1234"},"modified":"2024-01-05T18:29:22","modified_gmt":"2024-01-05T16:29:22","slug":"faq","status":"publish","type":"page","link":"https:\/\/www.trogemedical.de\/de\/faq","title":{"rendered":"FAQ"},"content":{"rendered":"<div data-elementor-type=\"wp-page\" data-elementor-id=\"1234\" class=\"elementor elementor-1234\" data-elementor-post-type=\"page\">\n\t\t\t\t<div class=\"elementor-element elementor-element-05f2d71 e-con-full e-flex e-con e-parent\" data-id=\"05f2d71\" data-element_type=\"container\" data-settings=\"{&quot;background_background&quot;:&quot;classic&quot;}\">\n\t\t\t\t<div class=\"elementor-element elementor-element-565c5c1 elementor-widget__width-initial elementor-widget elementor-widget-text-editor\" data-id=\"565c5c1\" data-element_type=\"widget\" data-widget_type=\"text-editor.default\">\n\t\t\t\t<div class=\"elementor-widget-container\">\n\t\t\t\t\t\t\t\t\t<p><a style=\"color: white;\" href=\"https:\/\/www.trogemedical.de\/de\">Home<\/a> &gt; Service<\/p>\t\t\t\t\t\t\t\t<\/div>\n\t\t\t\t<\/div>\n\t\t\t\t<div class=\"elementor-element elementor-element-703dbda elementor-widget__width-auto elementor-widget elementor-widget-heading\" data-id=\"703dbda\" data-element_type=\"widget\" data-widget_type=\"heading.default\">\n\t\t\t\t<div class=\"elementor-widget-container\">\n\t\t\t\t\t<h1 class=\"elementor-heading-title elementor-size-default\">FAQ<\/h1>\t\t\t\t<\/div>\n\t\t\t\t<\/div>\n\t\t\t\t<\/div>\n\t\t<div class=\"elementor-element elementor-element-af17bbe e-flex e-con-boxed e-con e-parent\" data-id=\"af17bbe\" data-element_type=\"container\" data-settings=\"{&quot;background_background&quot;:&quot;classic&quot;}\">\n\t\t\t\t\t<div class=\"e-con-inner\">\n\t\t<div class=\"elementor-element elementor-element-e72efeb e-flex e-con-boxed e-con e-child\" data-id=\"e72efeb\" data-element_type=\"container\">\n\t\t\t\t\t<div class=\"e-con-inner\">\n\t\t\t\t<div class=\"elementor-element elementor-element-2272852 elementor-widget elementor-widget-text-editor\" data-id=\"2272852\" data-element_type=\"widget\" data-widget_type=\"text-editor.default\">\n\t\t\t\t<div class=\"elementor-widget-container\">\n\t\t\t\t\t\t\t\t\t<p><a href=\"https:\/\/www.trogemedical.de\/de\/downloads\/\">Downloads<\/a><\/p>\t\t\t\t\t\t\t\t<\/div>\n\t\t\t\t<\/div>\n\t\t\t\t<div class=\"elementor-element elementor-element-c9c8b81 elementor-widget elementor-widget-text-editor\" data-id=\"c9c8b81\" data-element_type=\"widget\" data-widget_type=\"text-editor.default\">\n\t\t\t\t<div class=\"elementor-widget-container\">\n\t\t\t\t\t\t\t\t\t<p>FAQ<\/p>\t\t\t\t\t\t\t\t<\/div>\n\t\t\t\t<\/div>\n\t\t\t\t\t<\/div>\n\t\t\t\t<\/div>\n\t\t\t\t\t<\/div>\n\t\t\t\t<\/div>\n\t\t<div class=\"elementor-element elementor-element-8a93872 e-flex e-con-boxed e-con e-parent\" data-id=\"8a93872\" data-element_type=\"container\" data-settings=\"{&quot;background_background&quot;:&quot;classic&quot;}\">\n\t\t\t\t\t<div class=\"e-con-inner\">\n\t\t\t\t<div class=\"elementor-element elementor-element-66f8298 elementor-widget elementor-widget-heading\" data-id=\"66f8298\" data-element_type=\"widget\" data-widget_type=\"heading.default\">\n\t\t\t\t<div class=\"elementor-widget-container\">\n\t\t\t\t\t<h2 class=\"elementor-heading-title elementor-size-default\">H\u00e4ufige Fragen<\/h2>\t\t\t\t<\/div>\n\t\t\t\t<\/div>\n\t\t\t\t\t<\/div>\n\t\t\t\t<\/div>\n\t\t<div class=\"elementor-element elementor-element-e9b0790 e-flex e-con-boxed e-con e-parent\" data-id=\"e9b0790\" data-element_type=\"container\" data-settings=\"{&quot;background_background&quot;:&quot;classic&quot;}\">\n\t\t\t\t\t<div class=\"e-con-inner\">\n\t\t<div class=\"elementor-element elementor-element-dca8df8 e-con-full e-flex e-con e-child\" data-id=\"dca8df8\" data-element_type=\"container\">\n\t\t\t\t<div class=\"elementor-element elementor-element-f259d7c faq-q elementor-widget elementor-widget-accordion\" data-id=\"f259d7c\" data-element_type=\"widget\" data-widget_type=\"accordion.default\">\n\t\t\t\t<div class=\"elementor-widget-container\">\n\t\t\t\t\t\t\t<div class=\"elementor-accordion\">\n\t\t\t\t\t\t\t<div class=\"elementor-accordion-item\">\n\t\t\t\t\t<div id=\"elementor-tab-title-2541\" class=\"elementor-tab-title\" data-tab=\"1\" role=\"button\" aria-controls=\"elementor-tab-content-2541\" aria-expanded=\"false\">\n\t\t\t\t\t\t\t\t\t\t\t\t\t<span class=\"elementor-accordion-icon elementor-accordion-icon-right\" aria-hidden=\"true\">\n\t\t\t\t\t\t\t\t\t\t\t\t\t\t\t<span class=\"elementor-accordion-icon-closed\"><i class=\"fas fa-plus\"><\/i><\/span>\n\t\t\t\t\t\t\t\t<span class=\"elementor-accordion-icon-opened\"><i class=\"fas fa-minus\"><\/i><\/span>\n\t\t\t\t\t\t\t\t\t\t\t\t\t\t<\/span>\n\t\t\t\t\t\t\t\t\t\t\t\t<a class=\"elementor-accordion-title\" tabindex=\"0\">Ist die TROGE MEDICAL GMBH ein Hersteller?<\/a>\n\t\t\t\t\t<\/div>\n\t\t\t\t\t<div id=\"elementor-tab-content-2541\" class=\"elementor-tab-content elementor-clearfix\" data-tab=\"1\" role=\"region\" aria-labelledby=\"elementor-tab-title-2541\"><p>Die TROGE MEDICAL GMBH ist ein Hersteller und Vertreiber von pharmazeutischen Produkten und Medizinprodukten mit \u00fcber 35 Jahren Erfahrung.<\/p><\/div>\n\t\t\t\t<\/div>\n\t\t\t\t\t\t\t<div class=\"elementor-accordion-item\">\n\t\t\t\t\t<div id=\"elementor-tab-title-2542\" class=\"elementor-tab-title\" data-tab=\"2\" role=\"button\" aria-controls=\"elementor-tab-content-2542\" aria-expanded=\"false\">\n\t\t\t\t\t\t\t\t\t\t\t\t\t<span class=\"elementor-accordion-icon elementor-accordion-icon-right\" aria-hidden=\"true\">\n\t\t\t\t\t\t\t\t\t\t\t\t\t\t\t<span class=\"elementor-accordion-icon-closed\"><i class=\"fas fa-plus\"><\/i><\/span>\n\t\t\t\t\t\t\t\t<span class=\"elementor-accordion-icon-opened\"><i class=\"fas fa-minus\"><\/i><\/span>\n\t\t\t\t\t\t\t\t\t\t\t\t\t\t<\/span>\n\t\t\t\t\t\t\t\t\t\t\t\t<a class=\"elementor-accordion-title\" tabindex=\"0\">Ist die TROGE MEDICAL GMBH ein Hersteller?<\/a>\n\t\t\t\t\t<\/div>\n\t\t\t\t\t<div id=\"elementor-tab-content-2542\" class=\"elementor-tab-content elementor-clearfix\" data-tab=\"2\" role=\"region\" aria-labelledby=\"elementor-tab-title-2542\"><p>Die TROGE MEDICAL GMBH ist ein Hersteller und Vertreiber von pharmazeutischen Produkten und Medizinprodukten mit \u00fcber 35 Jahren Erfahrung.<\/p><\/div>\n\t\t\t\t<\/div>\n\t\t\t\t\t\t\t<div class=\"elementor-accordion-item\">\n\t\t\t\t\t<div id=\"elementor-tab-title-2543\" class=\"elementor-tab-title\" data-tab=\"3\" role=\"button\" aria-controls=\"elementor-tab-content-2543\" aria-expanded=\"false\">\n\t\t\t\t\t\t\t\t\t\t\t\t\t<span class=\"elementor-accordion-icon elementor-accordion-icon-right\" aria-hidden=\"true\">\n\t\t\t\t\t\t\t\t\t\t\t\t\t\t\t<span class=\"elementor-accordion-icon-closed\"><i class=\"fas fa-plus\"><\/i><\/span>\n\t\t\t\t\t\t\t\t<span class=\"elementor-accordion-icon-opened\"><i class=\"fas fa-minus\"><\/i><\/span>\n\t\t\t\t\t\t\t\t\t\t\t\t\t\t<\/span>\n\t\t\t\t\t\t\t\t\t\t\t\t<a class=\"elementor-accordion-title\" tabindex=\"0\">Wo stellt TROGE seine Produkte her?<\/a>\n\t\t\t\t\t<\/div>\n\t\t\t\t\t<div id=\"elementor-tab-content-2543\" class=\"elementor-tab-content elementor-clearfix\" data-tab=\"3\" role=\"region\" aria-labelledby=\"elementor-tab-title-2543\"><p>Unsere Produktionsst\u00e4tten befinden sich in Europa und Asien.<\/p><\/div>\n\t\t\t\t<\/div>\n\t\t\t\t\t\t\t<div class=\"elementor-accordion-item\">\n\t\t\t\t\t<div id=\"elementor-tab-title-2544\" class=\"elementor-tab-title\" data-tab=\"4\" role=\"button\" aria-controls=\"elementor-tab-content-2544\" aria-expanded=\"false\">\n\t\t\t\t\t\t\t\t\t\t\t\t\t<span class=\"elementor-accordion-icon elementor-accordion-icon-right\" aria-hidden=\"true\">\n\t\t\t\t\t\t\t\t\t\t\t\t\t\t\t<span class=\"elementor-accordion-icon-closed\"><i class=\"fas fa-plus\"><\/i><\/span>\n\t\t\t\t\t\t\t\t<span class=\"elementor-accordion-icon-opened\"><i class=\"fas fa-minus\"><\/i><\/span>\n\t\t\t\t\t\t\t\t\t\t\t\t\t\t<\/span>\n\t\t\t\t\t\t\t\t\t\t\t\t<a class=\"elementor-accordion-title\" tabindex=\"0\">Wo kann ich TROGE Vertreter pers\u00f6nlich treffen und TROGE Produkte sehen?<\/a>\n\t\t\t\t\t<\/div>\n\t\t\t\t\t<div id=\"elementor-tab-content-2544\" class=\"elementor-tab-content elementor-clearfix\" data-tab=\"4\" role=\"region\" aria-labelledby=\"elementor-tab-title-2544\"><p>Sie k\u00f6nnen uns auf verschiedenen Messen in der ganzen Welt treffen, darunter: MEDICA, D\u00fcsseldorf - Deutschland, ARAB HEALTH, Dubai - UAE, FIME Miami - USA, HOSPITALAR - Sao Paolo, Brasilien. Weitere Informationen zu diesen Messen finden Sie in der Rubrik NEWS auf unserer Website. Oder besuchen Sie uns in der sch\u00f6nen norddeutschen Hansestadt Hamburg, wo wir unseren Sitz haben, mit dem drittgr\u00f6\u00dften Containerhafen Europas! Wir freuen uns darauf, Sie kennenzulernen!<\/p><\/div>\n\t\t\t\t<\/div>\n\t\t\t\t\t\t\t<div class=\"elementor-accordion-item\">\n\t\t\t\t\t<div id=\"elementor-tab-title-2545\" class=\"elementor-tab-title\" data-tab=\"5\" role=\"button\" aria-controls=\"elementor-tab-content-2545\" aria-expanded=\"false\">\n\t\t\t\t\t\t\t\t\t\t\t\t\t<span class=\"elementor-accordion-icon elementor-accordion-icon-right\" aria-hidden=\"true\">\n\t\t\t\t\t\t\t\t\t\t\t\t\t\t\t<span class=\"elementor-accordion-icon-closed\"><i class=\"fas fa-plus\"><\/i><\/span>\n\t\t\t\t\t\t\t\t<span class=\"elementor-accordion-icon-opened\"><i class=\"fas fa-minus\"><\/i><\/span>\n\t\t\t\t\t\t\t\t\t\t\t\t\t\t<\/span>\n\t\t\t\t\t\t\t\t\t\t\t\t<a class=\"elementor-accordion-title\" tabindex=\"0\">K\u00f6nnen wir direkt bei Ihnen bestellen?<\/a>\n\t\t\t\t\t<\/div>\n\t\t\t\t\t<div id=\"elementor-tab-content-2545\" class=\"elementor-tab-content elementor-clearfix\" data-tab=\"5\" role=\"region\" aria-labelledby=\"elementor-tab-title-2545\"><p>Die Produkte k\u00f6nnen \u00fcber unser umfangreiches weltweites Netz von autorisierten H\u00e4ndlern bestellt werden. Bitte nehmen Sie Kontakt mit uns auf, wir helfen Ihnen gerne bei der Suche nach Ihrem lokalen H\u00e4ndler.<\/p><\/div>\n\t\t\t\t<\/div>\n\t\t\t\t\t\t\t<div class=\"elementor-accordion-item\">\n\t\t\t\t\t<div id=\"elementor-tab-title-2546\" class=\"elementor-tab-title\" data-tab=\"6\" role=\"button\" aria-controls=\"elementor-tab-content-2546\" aria-expanded=\"false\">\n\t\t\t\t\t\t\t\t\t\t\t\t\t<span class=\"elementor-accordion-icon elementor-accordion-icon-right\" aria-hidden=\"true\">\n\t\t\t\t\t\t\t\t\t\t\t\t\t\t\t<span class=\"elementor-accordion-icon-closed\"><i class=\"fas fa-plus\"><\/i><\/span>\n\t\t\t\t\t\t\t\t<span class=\"elementor-accordion-icon-opened\"><i class=\"fas fa-minus\"><\/i><\/span>\n\t\t\t\t\t\t\t\t\t\t\t\t\t\t<\/span>\n\t\t\t\t\t\t\t\t\t\t\t\t<a class=\"elementor-accordion-title\" tabindex=\"0\">In welchen L\u00e4ndern ist TROGE vertreten?<\/a>\n\t\t\t\t\t<\/div>\n\t\t\t\t\t<div id=\"elementor-tab-content-2546\" class=\"elementor-tab-content elementor-clearfix\" data-tab=\"6\" role=\"region\" aria-labelledby=\"elementor-tab-title-2546\"><p>Wir arbeiten mit sorgf\u00e4ltig ausgew\u00e4hlten autorisierten Vertriebspartnern in \u00fcber 70 L\u00e4ndern zusammen, die mehr als 110 L\u00e4nder weltweit abdecken.<\/p><\/div>\n\t\t\t\t<\/div>\n\t\t\t\t\t\t\t<div class=\"elementor-accordion-item\">\n\t\t\t\t\t<div id=\"elementor-tab-title-2547\" class=\"elementor-tab-title\" data-tab=\"7\" role=\"button\" aria-controls=\"elementor-tab-content-2547\" aria-expanded=\"false\">\n\t\t\t\t\t\t\t\t\t\t\t\t\t<span class=\"elementor-accordion-icon elementor-accordion-icon-right\" aria-hidden=\"true\">\n\t\t\t\t\t\t\t\t\t\t\t\t\t\t\t<span class=\"elementor-accordion-icon-closed\"><i class=\"fas fa-plus\"><\/i><\/span>\n\t\t\t\t\t\t\t\t<span class=\"elementor-accordion-icon-opened\"><i class=\"fas fa-minus\"><\/i><\/span>\n\t\t\t\t\t\t\t\t\t\t\t\t\t\t<\/span>\n\t\t\t\t\t\t\t\t\t\t\t\t<a class=\"elementor-accordion-title\" tabindex=\"0\">Was sind die Voraussetzungen, um autorisierter Vertriebspartner zu werden?<\/a>\n\t\t\t\t\t<\/div>\n\t\t\t\t\t<div id=\"elementor-tab-content-2547\" class=\"elementor-tab-content elementor-clearfix\" data-tab=\"7\" role=\"region\" aria-labelledby=\"elementor-tab-title-2547\"><p>Ihr Unternehmen\/Ihre Einrichtung sollte von Ihrer \u00f6rtlichen Gesundheitsbeh\u00f6rde zum Handel mit Arzneimitteln und\/oder Medizinprodukten in Ihrem Land zugelassen sein. Dar\u00fcber hinaus verlangen wir von unseren Vertriebspartnern, dass sie \u00fcber angemessene Lagerm\u00f6glichkeiten sowie dokumentierte Verfahren oder ein bereits vorhandenes Qualit\u00e4tssicherungssystem verf\u00fcgen und vorzugsweise nach ISO 9001 zertifiziert sind.<\/p><p>Wir sch\u00e4tzen Vertriebspartner, die uns bei der Post Market Surveillance unterst\u00fctzen, die ein zentrales Thema der neuen MDR ist, und die uns helfen, unseren Service kontinuierlich zu verbessern.<\/p><\/div>\n\t\t\t\t<\/div>\n\t\t\t\t\t\t\t<div class=\"elementor-accordion-item\">\n\t\t\t\t\t<div id=\"elementor-tab-title-2548\" class=\"elementor-tab-title\" data-tab=\"8\" role=\"button\" aria-controls=\"elementor-tab-content-2548\" aria-expanded=\"false\">\n\t\t\t\t\t\t\t\t\t\t\t\t\t<span class=\"elementor-accordion-icon elementor-accordion-icon-right\" aria-hidden=\"true\">\n\t\t\t\t\t\t\t\t\t\t\t\t\t\t\t<span class=\"elementor-accordion-icon-closed\"><i class=\"fas fa-plus\"><\/i><\/span>\n\t\t\t\t\t\t\t\t<span class=\"elementor-accordion-icon-opened\"><i class=\"fas fa-minus\"><\/i><\/span>\n\t\t\t\t\t\t\t\t\t\t\t\t\t\t<\/span>\n\t\t\t\t\t\t\t\t\t\t\t\t<a class=\"elementor-accordion-title\" tabindex=\"0\">Welche Qualit\u00e4tsstandards kann ich von TROGE erwarten?<\/a>\n\t\t\t\t\t<\/div>\n\t\t\t\t\t<div id=\"elementor-tab-content-2548\" class=\"elementor-tab-content elementor-clearfix\" data-tab=\"8\" role=\"region\" aria-labelledby=\"elementor-tab-title-2548\"><p>Alle unsere Produktionsst\u00e4tten sind nach GMP oder MDD\/MDR in \u00dcbereinstimmung mit den jeweiligen Vorschriften zugelassen und werden regelm\u00e4\u00dfig von anerkannten internationalen und\/oder lokalen Kontrollbeh\u00f6rden gem\u00e4\u00df den einschl\u00e4gigen Vorschriften inspiziert.<\/p><p>Alle unsere Produkte entsprechen den internationalen Normen wie den EP-, BP- und USP-Monographien (pharmazeutische Produkte) sowie den DIN-, EN- und ISO-Normen (Medizinprodukte). Au\u00dferdem sind alle unsere Medizinprodukte CE-zertifiziert.<\/p><\/div>\n\t\t\t\t<\/div>\n\t\t\t\t\t\t\t<div class=\"elementor-accordion-item\">\n\t\t\t\t\t<div id=\"elementor-tab-title-2549\" class=\"elementor-tab-title\" data-tab=\"9\" role=\"button\" aria-controls=\"elementor-tab-content-2549\" aria-expanded=\"false\">\n\t\t\t\t\t\t\t\t\t\t\t\t\t<span class=\"elementor-accordion-icon elementor-accordion-icon-right\" aria-hidden=\"true\">\n\t\t\t\t\t\t\t\t\t\t\t\t\t\t\t<span class=\"elementor-accordion-icon-closed\"><i class=\"fas fa-plus\"><\/i><\/span>\n\t\t\t\t\t\t\t\t<span class=\"elementor-accordion-icon-opened\"><i class=\"fas fa-minus\"><\/i><\/span>\n\t\t\t\t\t\t\t\t\t\t\t\t\t\t<\/span>\n\t\t\t\t\t\t\t\t\t\t\t\t<a class=\"elementor-accordion-title\" tabindex=\"0\">Die Medizinprodukteverordnung (MDR) \u2013 Wie bereit ist TROGE f\u00fcr den \u00dcbergang von der MDD zur MDR?<\/a>\n\t\t\t\t\t<\/div>\n\t\t\t\t\t<div id=\"elementor-tab-content-2549\" class=\"elementor-tab-content elementor-clearfix\" data-tab=\"9\" role=\"region\" aria-labelledby=\"elementor-tab-title-2549\"><p>W\u00e4hrend die Medical Device Regulation (MDR) 2017\/745 nach Ablauf der \u00dcbergangsfrist am 26. Mai 2021 in Kraft getreten ist, wurde die Medical Device Directive 93\/42 (MDD) endg\u00fcltig durch die MDR abgel\u00f6st.<\/p>\n<p><strong>Was bedeutet das f\u00fcr TROGE MEDICAL Produkte?<\/strong><\/p>\n<p>Wir nutzen die letzte \u00dcbergangsfrist f\u00fcr bestehende MDD-Zertifizierungen und arbeiten mit Hochdruck an der Umsetzung aller notwendigen Anforderungen f\u00fcr die Beantragung der CE-Zertifizierung nach MDR.<\/p>\n<p>Nach formeller Beantragung der MDR-Zertifizierung bei unserer benannten Stelle ist unsere derzeitige CE-Zertifizierung nach MDD noch bis Ende 2028 g\u00fcltig. Am 20. M\u00e4rz 2023 verl\u00e4ngerte die Europ\u00e4ische Union noch einmal die <a href=\"https:\/\/eur-lex.europa.eu\/legal-content\/DE\/TXT\/?uri=CELEX%3A32023R0607\" target=\"_blank\" rel=\"noopener\"><u>EU MDR transition periods<\/u><\/a> f\u00fcr Medizinprodukte, die auf die EU-MDR umgestellt werden. Die gute Nachricht f\u00fcr unsere Vertriebspartner in der EU ist, dass das <a href=\"https:\/\/health.ec.europa.eu\/system\/files\/2023-07\/mdr_proposal_extension-q-n-a.pdf\" target=\"_blank\" rel=\"noopener\"><u>sell-off date has been fully removed<\/u><\/a>vollst\u00e4ndig aufgehoben wurde. Das bedeutet, dass Medizinprodukte, die Sie bei uns kaufen, weiterhin ohne zeitliche Begrenzung auf dem EU-Markt bereitgestellt oder in Betrieb genommen werden k\u00f6nnen, ohne Auswirkungen auf die m\u00f6gliche Haltbarkeitsdauer oder das Verfallsdatums des Produkts.<\/p>\n<p>Derzeit ist nicht bekannt, wie lange unsere benannte Stelle nach der Beantragung der Produktzertifizierung gem\u00e4\u00df der MDR ben\u00f6tigen wird. Sobald der Antrag eingereicht ist, liegt der Zertifizierungsprozess vollst\u00e4ndig in der Hand unserer benannten Stelle und entzieht sich unserer Kontrolle. Wir versichern Ihnen, dass unser Expertenteam f\u00fcr regulatorische Angelegenheiten sein M\u00f6glichstes tun wird, um den Prozess innerhalb der vorgegebenen Fristen abzuschlie\u00dfen.<\/p><\/div>\n\t\t\t\t<\/div>\n\t\t\t\t\t\t\t\t<\/div>\n\t\t\t\t\t\t<\/div>\n\t\t\t\t<\/div>\n\t\t\t\t<\/div>\n\t\t\t\t\t<\/div>\n\t\t\t\t<\/div>\n\t\t\t\t<\/div>","protected":false},"excerpt":{"rendered":"<p>Home &gt; Service FAQ Downloads FAQ Frequently Asked Questions Is TROGE MEDICAL GMBH a manufacturer? TROGE MEDICAL GMBH is a manufacturer and distributor of pharmaceutical products and medical devices with over 35 years of experience. Is TROGE MEDICAL GMBH a manufacturer? TROGE MEDICAL GMBH is a manufacturer and distributor of pharmaceutical products and medical devices [&hellip;]<\/p>","protected":false},"author":2,"featured_media":0,"parent":0,"menu_order":0,"comment_status":"closed","ping_status":"closed","template":"elementor_header_footer","meta":{"_acf_changed":false,"footnotes":""},"class_list":["post-1234","page","type-page","status-publish","hentry"],"acf":[],"_links":{"self":[{"href":"https:\/\/www.trogemedical.de\/de\/wp-json\/wp\/v2\/pages\/1234","targetHints":{"allow":["GET"]}}],"collection":[{"href":"https:\/\/www.trogemedical.de\/de\/wp-json\/wp\/v2\/pages"}],"about":[{"href":"https:\/\/www.trogemedical.de\/de\/wp-json\/wp\/v2\/types\/page"}],"author":[{"embeddable":true,"href":"https:\/\/www.trogemedical.de\/de\/wp-json\/wp\/v2\/users\/2"}],"replies":[{"embeddable":true,"href":"https:\/\/www.trogemedical.de\/de\/wp-json\/wp\/v2\/comments?post=1234"}],"version-history":[{"count":0,"href":"https:\/\/www.trogemedical.de\/de\/wp-json\/wp\/v2\/pages\/1234\/revisions"}],"wp:attachment":[{"href":"https:\/\/www.trogemedical.de\/de\/wp-json\/wp\/v2\/media?parent=1234"}],"curies":[{"name":"wp","href":"https:\/\/api.w.org\/{rel}","templated":true}]}}